{"id":775862,"date":"2025-09-18T02:56:01","date_gmt":"2025-09-17T23:56:01","guid":{"rendered":"https:\/\/roveyayinevi.com.tr\/index.php\/urun\/asik-deli-boran\/"},"modified":"2026-04-16T03:00:37","modified_gmt":"2026-04-16T00:00:37","slug":"asik-deli-boran","status":"publish","type":"product","link":"https:\/\/roveyayinevi.com.tr\/index.php\/urun\/asik-deli-boran\/","title":{"rendered":"A\u015f\u0131k Deli Boran"},"content":{"rendered":"<p>Deli Boran \u00c7orum\u2019un Sar\u0131mbey k\u00f6y\u00fcndendir. Do\u011fum tarihi 1838\u2019dir. Sar\u0131mbey k\u00f6y\u00fcn\u00fc Sar\u0131bey ad\u0131nda biri kurmu\u015f. K\u00f6y halk\u0131 Binbo\u011fa taraflar\u0131ndan gelmi\u015f. Bunlar Elbistan y\u00f6resinde ya\u015fayan Kuyumcu a\u015firetindenmi\u015f. O zamanki h\u00fck\u00fcmetin emri ile \u00c7apano\u011flu \u00c7apan Bey, \u00c7ukurova ve \u00f6teki g\u00fcney illerdeki a\u015firetleri isk\u00e2n g\u00f6revi ald\u0131\u011f\u0131 zaman Kuyumcu a\u015firetini de \u00c7orum y\u00f6resine yerle\u015ftirmi\u015f. Kuyumcu a\u015fireti Sar\u0131mbey civar\u0131ndaki \u00c7ayhatap, Yenerci, Yukar\u0131hamdi, Sorsavu\u015f, , Seyfe, Abdalbodu, Karabay\u0131r ve Saban k\u00f6ylerini kurmu\u015flard\u0131r. Bu a\u015firet halk\u0131 devecilikle ve koyunculukla ge\u00e7inirmi\u015f. Yaz\u0131n E\u011ferci Da\u011f\u0131na yaylamaya \u00e7\u0131karlarm\u0131\u015f. Sungurlu\u2019nun Yamad\u0131 k\u00f6y\u00fcnden Sefil Ahmet bir deyi\u015finde; Abdal Bodu bir pinhanda yat\u0131yor Abdal Ata car diyene yetiyor Muhammet Ali\u2019den al\u0131p sat\u0131yor Kuyumcu\u2019da Boran\u2019\u0131n mal\u0131 g\u00fczeldir. diyor. Sungurlu\u2019nun Yaz\u0131r k\u00f6y\u00fcnden Sefil Ali, Yamad\u0131l\u0131 Sefil Ahmet, Deli Boran\u2019\u0131n hem \u00e7a\u011fda\u015f\u0131 hem arkada\u015flar\u0131d\u0131r. Hatta Sungurlu\u2019da mahkeme azal\u0131\u011f\u0131nda bulunan Ermeni A\u015fu\u011f Zeki le kar\u015f\u0131la\u015fmalar yapt\u0131\u011f\u0131 da bilinmektedir. S\u0131k s\u0131k akrabalar\u0131n\u0131n bulundu\u011fu G\u00fcney illerine ve Mara\u015f y\u00f6resine gezmeye gitti\u011fi s\u00f6ylenmektedir. O y\u00f6reler de \u00e7a\u011fda\u015f\u0131 a\u015f\u0131klarla tan\u0131\u015ft\u0131\u011f\u0131, at\u0131\u015ft\u0131\u011f\u0131 ve \u015f\u00f6hretinin yay\u0131ld\u0131\u011f\u0131 bir ger\u00e7ektir.  O sebeble Deli Boran\u2019\u0131 bir g\u00fcney ya da g\u00fcneydo\u011fu a\u015f\u0131\u011f\u0131 olarak kabul edenlerde pek de haks\u0131z de\u011fildirler.  Deli Boran\u2019\u0131n Kerbel\u00e2\u2019ya gitti\u011fi, Hac ziyareti yapt\u0131\u011f\u0131, Irak\u2019\u0131 Suriye\u2019yi dola\u015ft\u0131\u011f\u0131 anlat\u0131lanlardan ve \u015fiirlerinden anla\u015f\u0131lmaktad\u0131r. Deli Boran ve a\u015fireti Bekta\u015fi tarikat\u0131na mensuptur.  Hasandede\u2019ye gitti\u011fi, esas ad\u0131n\u0131n Hanefi oldu\u011fu s\u00f6ylenmektedir. Hatta 3 y\u0131l kadar dili tutulmu\u015f ve Keskin\u2019in Haydarsultan k\u00f6y\u00fcnde ik\u00e2met etmi\u015ftir. Dili, Hasandede k\u00f6y\u00fcnde a\u00e7\u0131lm\u0131\u015ft\u0131r. \u00c7ubuk taraf\u0131n\u0131n g\u00fc\u00e7l\u00fc a\u015f\u0131\u011f\u0131 Seyyid S\u00fcleyman\u2019la kar\u015f\u0131la\u015fm\u0131\u015f ve arkada\u015fl\u0131k yapm\u0131\u015ft\u0131r. A\u015f\u0131k Boran son y\u0131llar\u0131nda mecnun olarak ya\u015fam\u0131\u015ft\u0131r. K\u00f6y\u00fcn i\u00e7inde \u00fc\u00e7 pe\u015fli entari ile dola\u015ft\u0131\u011f\u0131 i\u00e7in kendisine Deli Boran l\u00e2kab\u0131 verilmi\u015ftir. Deli Boran\u2019\u0131n \u00fc\u00e7 k\u0131z\u0131 olmu\u015ftur. Bug\u00fcn k\u0131zlar\u0131ndan olan torunlar\u0131 ve torunlar\u0131n\u0131n \u00e7ocuklar\u0131 Sar\u0131mbey\u2019de ya\u015famaktad\u0131r. Deli Boran 1898 y\u0131l\u0131nda Sar\u0131mbey\u2019de Hakk\u2019a y\u00fcr\u00fcm\u00fc\u015ft\u00fcr. Mezar\u0131 bu k\u00f6ydedir. Ancak mezar\u0131n\u0131n yeri bilinmemektedir.  C\u00f6nklerde deyi\u015flerine pek az rastlanmaktad\u0131r.  O \u00f6ld\u00fckten sonra geride b\u0131rakt\u0131\u011f\u0131 defterlerinin yapraklar\u0131na k\u00f6yl\u00fcler t\u00fct\u00fcn sararak i\u00e7mi\u015flerdir. \u201cKul Boran\u201d, \u201cBoran Baba\u201d, \u201cDeli Boran\u201d, \u201cBoran\u00ee\u201d, \u201c\u00c2\u015f\u0131k Boran\u201d mahlaslar\u0131n\u0131n kulland\u0131\u011f\u0131 ya da bu adla \u00e7a\u011fr\u0131ld\u0131\u011f\u0131 bilinmektedir. Bu kitapta Deli Boran\u2019a ait 156 adet \u015fiir bulunmaktad\u0131r. <\/p>\n","protected":false},"excerpt":{"rendered":"<p>Deli Boran \u00c7orum\u2019un Sar\u0131mbey k\u00f6y\u00fcndendir. Do\u011fum tarihi 1838\u2019dir. Sar\u0131mbey k\u00f6y\u00fcn\u00fc Sar\u0131bey ad\u0131nda biri kurmu\u015f. K\u00f6y halk\u0131 Binbo\u011fa taraflar\u0131ndan gelmi\u015f. Bunlar Elbistan y\u00f6resinde ya\u015fayan Kuyumcu a\u015firetindenmi\u015f. O<span class=\"excerpt-hellip\"> [\u2026]<\/span><\/p>\n","protected":false},"featured_media":0,"template":"","meta":{"_monsterinsights_skip_tracking":false,"_monsterinsights_sitenote_active":false,"_monsterinsights_sitenote_note":"","_monsterinsights_sitenote_category":0},"product_brand":[],"product_cat":[13072,12291],"product_tag":[],"class_list":{"0":"post-775862","1":"product","2":"type-product","3":"status-publish","5":"product_cat-arastirma-inceleme-referans","6":"product_cat-edebiyat","7":"pa_cilt-ciltsiz","8":"pa_tur-kitap","9":"pa_yayinevi-kultur-ajans-yayinlari","10":"pa_yazar-ali-cem-akbulut","12":"first","13":"instock","14":"sale","15":"shipping-taxable","16":"purchasable","17":"product-type-simple"},"_links":{"self":[{"href":"https:\/\/roveyayinevi.com.tr\/index.php\/wp-json\/wp\/v2\/product\/775862","targetHints":{"allow":["GET"]}}],"collection":[{"href":"https:\/\/roveyayinevi.com.tr\/index.php\/wp-json\/wp\/v2\/product"}],"about":[{"href":"https:\/\/roveyayinevi.com.tr\/index.php\/wp-json\/wp\/v2\/types\/product"}],"wp:attachment":[{"href":"https:\/\/roveyayinevi.com.tr\/index.php\/wp-json\/wp\/v2\/media?parent=775862"}],"wp:term":[{"taxonomy":"product_brand","embeddable":true,"href":"https:\/\/roveyayinevi.com.tr\/index.php\/wp-json\/wp\/v2\/product_brand?post=775862"},{"taxonomy":"product_cat","embeddable":true,"href":"https:\/\/roveyayinevi.com.tr\/index.php\/wp-json\/wp\/v2\/product_cat?post=775862"},{"taxonomy":"product_tag","embeddable":true,"href":"https:\/\/roveyayinevi.com.tr\/index.php\/wp-json\/wp\/v2\/product_tag?post=775862"}],"curies":[{"name":"wp","href":"https:\/\/api.w.org\/{rel}","templated":true}]}}