{"id":775861,"date":"2025-09-18T02:50:52","date_gmt":"2025-09-17T23:50:52","guid":{"rendered":"https:\/\/roveyayinevi.com.tr\/index.php\/urun\/fikralarum-3\/"},"modified":"2026-04-16T02:59:48","modified_gmt":"2026-04-15T23:59:48","slug":"fikralarum-3","status":"publish","type":"product","link":"https:\/\/roveyayinevi.com.tr\/index.php\/urun\/fikralarum-3\/","title":{"rendered":"F\u0131kralarum &#8211; 3"},"content":{"rendered":"<p>21 Ekim 1955 Cuma g\u00fcn\u00fc Arhavi\u2019de d\u00fcnyaya geldi. Se\u00e7kin ve K\u00e2z\u0131m adlar\u0131nda iki o\u011flu, Ekin ad\u0131nda bir torunu bulunan Gazeteci-\u015eair-Mizah yazar\u0131 ve Foto\u011fraf sanat\u00e7\u0131s\u0131 Galip KURDO\u011eLU uzun y\u0131llar H\u00fcrriyet Haber Ajans\u0131 Arhavi muhabirli\u011fini yapt\u0131. \u00c7e\u015fitli TV ve Radyo programlar\u0131 yan\u0131nda H\u00fcrriyet, Milliyet, G\u00fcne\u015f, Kelebek, Gazete, Takip, Karadeniz, Kuzey Haber, G\u0131rg\u0131r, F\u0131rt, Taka, Hamsi, Vir\u00fcs, T\u00fcrkspor, Arhavililer, Gop Expres, \u015eiir Defteri, G\u00fclp\u0131nar, M\u00fczik Magazin, Delikanl\u0131, Arhavi Postas\u0131, Arabesk, Medyat\u00f6r, Bizim Ece, SimavAnadolu, Duygu Seli ve Oscar TV\u2019de haber, foto\u011fraf, \u015fiir, f\u0131kra ve mizah \u00f6yk\u00fcleri yay\u0131mland\u0131. Mesam, \u0130lesam, \u015eair-Yazar ve Bestek\u00e2rlar Derne\u011fi ile Karadeniz Yazarlar Birli\u011fi \u00fcyesi olan T\u00fcrkiye Yazarlar Ansiklopedisi, T\u00fcrkiye Edebiyat\u00e7\u0131lar ve K\u00fclt\u00fcr Adamlar\u0131 Ansiklopedisi ile bir\u00e7ok \u015fiir Antolojilerinde yer ald\u0131. Bug\u00fcne kadar 7 kez Foto\u011fraf sergisi a\u00e7arken 1 kez de karma sergiye kat\u0131ld\u0131. 111 \u015fiiri bestelenen Galip KURDO\u011eLU\u2019nun biri uluslararas\u0131 toplam 62 \u00f6d\u00fcl\u00fc var. Bu eser yazar\u0131n 17. Kitab\u0131d\u0131r. Karadeniz&#8217;in \u00f6nemli f\u0131kra kahraman\u0131 Temel&#8217;dir. Temel&#8217;e izafe edilen Karadeniz f\u0131kralar\u0131 esas\u0131nda anonim f\u0131kralard\u0131r. Ama Galip Kurdo\u011flu&#8217;nun \u00fcretti\u011fi Temel F\u0131kralar\u0131n\u0131n hepsi de \u00f6zg\u00fcnd\u00fcr ve ortaya koyucusu da Galip Kurdo\u011flu&#8217;nun kendisidir. Galip Kurdo\u011flu \u015fimdiye kadar 11 f\u0131kra kitab\u0131 yay\u0131mlad\u0131. B\u00fct\u00fcn f\u0131kralar\u0131n ortaya koyucusu Galip Kurdo\u011flu&#8217;dur. 3000&#8217;e yak\u0131n f\u0131kra anlam\u0131na gelir bu kitaplar\u0131n say\u0131s\u0131 ve i\u00e7eri\u011fi. Esas\u0131nda bu bir d\u00fcnya rekoru da say\u0131labilir. Bana sorarsan\u0131z Galip Kurdo\u011flu f\u0131kra \u00fcretmede sadece T\u00fcrkiye de\u011fil, d\u00fcnyada bir rekortmendir.   <\/p>\n","protected":false},"excerpt":{"rendered":"<p>21 Ekim 1955 Cuma g\u00fcn\u00fc Arhavi\u2019de d\u00fcnyaya geldi. Se\u00e7kin ve K\u00e2z\u0131m adlar\u0131nda iki o\u011flu, Ekin ad\u0131nda bir torunu bulunan Gazeteci-\u015eair-Mizah yazar\u0131 ve Foto\u011fraf sanat\u00e7\u0131s\u0131 Galip KURDO\u011eLU<span class=\"excerpt-hellip\"> [\u2026]<\/span><\/p>\n","protected":false},"featured_media":0,"template":"","meta":{"_monsterinsights_skip_tracking":false,"_monsterinsights_sitenote_active":false,"_monsterinsights_sitenote_note":"","_monsterinsights_sitenote_category":0},"product_brand":[],"product_cat":[12291,103133],"product_tag":[],"class_list":{"0":"post-775861","1":"product","2":"type-product","3":"status-publish","5":"product_cat-edebiyat","6":"product_cat-fikra","7":"pa_cilt-ciltsiz","8":"pa_tur-kitap","9":"pa_yayinevi-kultur-ajans-yayinlari","10":"pa_yazar-galip-kurdoglu","12":"first","13":"instock","14":"sale","15":"shipping-taxable","16":"purchasable","17":"product-type-simple"},"_links":{"self":[{"href":"https:\/\/roveyayinevi.com.tr\/index.php\/wp-json\/wp\/v2\/product\/775861","targetHints":{"allow":["GET"]}}],"collection":[{"href":"https:\/\/roveyayinevi.com.tr\/index.php\/wp-json\/wp\/v2\/product"}],"about":[{"href":"https:\/\/roveyayinevi.com.tr\/index.php\/wp-json\/wp\/v2\/types\/product"}],"wp:attachment":[{"href":"https:\/\/roveyayinevi.com.tr\/index.php\/wp-json\/wp\/v2\/media?parent=775861"}],"wp:term":[{"taxonomy":"product_brand","embeddable":true,"href":"https:\/\/roveyayinevi.com.tr\/index.php\/wp-json\/wp\/v2\/product_brand?post=775861"},{"taxonomy":"product_cat","embeddable":true,"href":"https:\/\/roveyayinevi.com.tr\/index.php\/wp-json\/wp\/v2\/product_cat?post=775861"},{"taxonomy":"product_tag","embeddable":true,"href":"https:\/\/roveyayinevi.com.tr\/index.php\/wp-json\/wp\/v2\/product_tag?post=775861"}],"curies":[{"name":"wp","href":"https:\/\/api.w.org\/{rel}","templated":true}]}}