{"id":775860,"date":"2025-09-18T02:50:19","date_gmt":"2025-09-17T23:50:19","guid":{"rendered":"https:\/\/roveyayinevi.com.tr\/index.php\/urun\/serife-2\/"},"modified":"2026-04-16T02:59:44","modified_gmt":"2026-04-15T23:59:44","slug":"serife-2","status":"publish","type":"product","link":"https:\/\/roveyayinevi.com.tr\/index.php\/urun\/serife-2\/","title":{"rendered":"\u015eerife"},"content":{"rendered":"<p>\u0130nebolu-Kastamonu-Ankara\u2019y\u0131 birbirine ba\u011flayan yol, \u0130stiklal Harbi\u2019nin kazan\u0131lmas\u0131nda \u00e7ok b\u00fcy\u00fck bir g\u00f6rev \u00fcstlenmi\u015ftir. Bu yolun sava\u015f s\u00fcresince ula\u015f\u0131ma a\u00e7\u0131k tutulmas\u0131 hayati \u00f6nem ta\u015f\u0131yordu. Yaln\u0131z ortada bir sorun vard\u0131. Bu yoksul ve erkekleri sava\u015flarda t\u00fckenmi\u015f b\u00f6lge halk\u0131 kendisine verilen bu g\u00f6revi nas\u0131l ba\u015faracakt\u0131? Cephaneyi \u00e7ekecek halk nereden bulunacakt\u0131? 1919 y\u0131l\u0131n\u0131n Eyl\u00fcl ay\u0131nda yol g\u00fcvenli\u011fi sa\u011flan\u0131p ta\u015f\u0131ma ba\u015flad\u0131\u011f\u0131nda yoksul halk canla ba\u015fla elindeki avucundakini satarak ka\u011fn\u0131lar edindi ve bu \u00e7ileli yol hik\u00e2yesi b\u00f6yle ortaya \u00e7\u0131kt\u0131. \u00d6nce her ya\u015ftan her gruptan erkeklerden daha sonra b\u00fcy\u00fck bir \u00e7o\u011funlu\u011fu kad\u0131nlardan olu\u015fan ka\u011fn\u0131 kollar\u0131 hi\u00e7 durmadan dinlenmeden sava\u015f sona erene kadar sava\u015fan orduya cephane \u00e7ekti. Sava\u015f bittikten sonra \u0130ST\u0130KLAL YOLU ad\u0131 verilen bu yolda y\u00fczbinlerce ya\u015fanm\u0131\u015f hik\u00e2ye vard\u0131r. \u0130\u015fte \u015eerife Bac\u0131\u2019n\u0131n hik\u00e2yesi bunlardan birisidir. T\u00fcm hayat\u0131n\u0131 cephane \u00e7ekmeye adayan binlerce T\u00fcrk kad\u0131n\u0131ndan biri olan ve bu yolda cephane \u00e7ekerken Kastamonu K\u0131\u015flas\u0131na 100 metre kala donarak \u015fehitlik mertebesine kavu\u015fan \u015eER\u0130FE Bac\u0131\u2019n\u0131n \u00e7ilelerle dolu k\u0131sac\u0131k hayat\u0131n\u0131 size sunmaya \u00e7al\u0131\u015ft\u0131k bu eserimizde. 2 Ciltten olu\u015fan birinci kitab\u0131m\u0131zda \u015eerife Bac\u0131\u2019n\u0131n k\u0131sac\u0131k hayat\u0131n\u0131n ilk evresi yani \u00c7anakkale Sava\u015flar\u0131 d\u00f6nemi anlat\u0131l\u0131r. \u0130kinci kitap ise Sakarya Sava\u015f\u0131 d\u00f6nemini kapsar. Nevzat OCAK<\/p>\n","protected":false},"excerpt":{"rendered":"<p>\u0130nebolu-Kastamonu-Ankara\u2019y\u0131 birbirine ba\u011flayan yol, \u0130stiklal Harbi\u2019nin kazan\u0131lmas\u0131nda \u00e7ok b\u00fcy\u00fck bir g\u00f6rev \u00fcstlenmi\u015ftir. Bu yolun sava\u015f s\u00fcresince ula\u015f\u0131ma a\u00e7\u0131k tutulmas\u0131 hayati \u00f6nem ta\u015f\u0131yordu. Yaln\u0131z ortada bir sorun<span class=\"excerpt-hellip\"> [\u2026]<\/span><\/p>\n","protected":false},"featured_media":0,"template":"","meta":{"_monsterinsights_skip_tracking":false,"_monsterinsights_sitenote_active":false,"_monsterinsights_sitenote_note":"","_monsterinsights_sitenote_category":0},"product_brand":[],"product_cat":[12291,12745],"product_tag":[],"class_list":{"0":"post-775860","1":"product","2":"type-product","3":"status-publish","5":"product_cat-edebiyat","6":"product_cat-tarihi-roman","7":"pa_cilt-ciltsiz","8":"pa_tur-kitap","9":"pa_yayinevi-kuytu-yayinlari","10":"pa_yazar-nevzat-ocak","12":"first","13":"instock","14":"sale","15":"shipping-taxable","16":"purchasable","17":"product-type-simple"},"_links":{"self":[{"href":"https:\/\/roveyayinevi.com.tr\/index.php\/wp-json\/wp\/v2\/product\/775860","targetHints":{"allow":["GET"]}}],"collection":[{"href":"https:\/\/roveyayinevi.com.tr\/index.php\/wp-json\/wp\/v2\/product"}],"about":[{"href":"https:\/\/roveyayinevi.com.tr\/index.php\/wp-json\/wp\/v2\/types\/product"}],"wp:attachment":[{"href":"https:\/\/roveyayinevi.com.tr\/index.php\/wp-json\/wp\/v2\/media?parent=775860"}],"wp:term":[{"taxonomy":"product_brand","embeddable":true,"href":"https:\/\/roveyayinevi.com.tr\/index.php\/wp-json\/wp\/v2\/product_brand?post=775860"},{"taxonomy":"product_cat","embeddable":true,"href":"https:\/\/roveyayinevi.com.tr\/index.php\/wp-json\/wp\/v2\/product_cat?post=775860"},{"taxonomy":"product_tag","embeddable":true,"href":"https:\/\/roveyayinevi.com.tr\/index.php\/wp-json\/wp\/v2\/product_tag?post=775860"}],"curies":[{"name":"wp","href":"https:\/\/api.w.org\/{rel}","templated":true}]}}