{"id":775857,"date":"2025-09-18T02:24:41","date_gmt":"2025-09-17T23:24:41","guid":{"rendered":"https:\/\/roveyayinevi.com.tr\/index.php\/urun\/icinizde-ne-varsa-disarida-da-onu-gorursunuz\/"},"modified":"2026-04-16T02:54:44","modified_gmt":"2026-04-15T23:54:44","slug":"icinizde-ne-varsa-disarida-da-onu-gorursunuz","status":"publish","type":"product","link":"https:\/\/roveyayinevi.com.tr\/index.php\/urun\/icinizde-ne-varsa-disarida-da-onu-gorursunuz\/","title":{"rendered":"\u0130\u00e7inizde Ne Varsa D\u0131\u015far\u0131da da Onu G\u00f6r\u00fcrs\u00fcn\u00fcz"},"content":{"rendered":"<p>\u201cMUTLULUK, ULA\u015eILACAK B\u0130R YER DE\u011e\u0130L, B\u0130R YOLDUR. YOLCULU\u011eUNUZ G\u00dcZELSE MUTLUSUNUZ DEMEKT\u0130R.\u201d   \u0130nsan, kendi tasar\u0131m\u0131ndan ba\u015fka bir \u015fey de\u011fildir; kendi yapt\u0131klar\u0131, kendisinin ger\u00e7ekle\u015ftirdikleri \u00f6l\u00e7\u00fcde vard\u0131r; yapt\u0131klar\u0131ndan ve edimlerinin toplam\u0131ndan olu\u015fur&#8230; Dolay\u0131s\u0131yla ne zaman istersek, ya\u015fam\u0131m\u0131z\u0131n ak\u0131\u015f\u0131n\u0131 de\u011fi\u015ftirebiliriz, \u00e7\u00fcnk\u00fc her ne yap\u0131yorsak, biz onu istedi\u011fimiz i\u00e7in yap\u0131yoruz. Yapt\u0131klar\u0131m\u0131z\u0131 bir se\u00e7im sonucu yapt\u0131\u011f\u0131m\u0131z ger\u00e7e\u011fini anlay\u0131nca, kendi ya\u015fam\u0131m\u0131zla ilgili olarak daha \u00e7ok sorumluluk almaya ve ya\u015fam\u0131m\u0131z \u00fczerinde daha etkin bir denetim sa\u011flamaya ba\u015flar\u0131z. Bizler, yapt\u0131\u011f\u0131m\u0131z se\u00e7imlerin yaratt\u0131\u011f\u0131 sonu\u00e7lar\u0131z&#8230; <\/p>\n","protected":false},"excerpt":{"rendered":"<p>\u201cMUTLULUK, ULA\u015eILACAK B\u0130R YER DE\u011e\u0130L, B\u0130R YOLDUR. YOLCULU\u011eUNUZ G\u00dcZELSE MUTLUSUNUZ DEMEKT\u0130R.\u201d \u0130nsan, kendi tasar\u0131m\u0131ndan ba\u015fka bir \u015fey de\u011fildir; kendi yapt\u0131klar\u0131, kendisinin ger\u00e7ekle\u015ftirdikleri \u00f6l\u00e7\u00fcde vard\u0131r; yapt\u0131klar\u0131ndan ve<span class=\"excerpt-hellip\"> [\u2026]<\/span><\/p>\n","protected":false},"featured_media":0,"template":"","meta":{"_monsterinsights_skip_tracking":false,"_monsterinsights_sitenote_active":false,"_monsterinsights_sitenote_note":"","_monsterinsights_sitenote_category":0},"product_brand":[],"product_cat":[12358,12357],"product_tag":[],"class_list":{"0":"post-775857","1":"product","2":"type-product","3":"status-publish","5":"product_cat-genel-psikoloji","6":"product_cat-psikoloji","7":"pa_cilt-ciltsiz","8":"pa_tur-kitap","9":"pa_yayinevi-destek-yayinlari","10":"pa_yazar-ertugrul-koroglu","12":"first","13":"instock","14":"sale","15":"shipping-taxable","16":"purchasable","17":"product-type-simple"},"_links":{"self":[{"href":"https:\/\/roveyayinevi.com.tr\/index.php\/wp-json\/wp\/v2\/product\/775857","targetHints":{"allow":["GET"]}}],"collection":[{"href":"https:\/\/roveyayinevi.com.tr\/index.php\/wp-json\/wp\/v2\/product"}],"about":[{"href":"https:\/\/roveyayinevi.com.tr\/index.php\/wp-json\/wp\/v2\/types\/product"}],"wp:attachment":[{"href":"https:\/\/roveyayinevi.com.tr\/index.php\/wp-json\/wp\/v2\/media?parent=775857"}],"wp:term":[{"taxonomy":"product_brand","embeddable":true,"href":"https:\/\/roveyayinevi.com.tr\/index.php\/wp-json\/wp\/v2\/product_brand?post=775857"},{"taxonomy":"product_cat","embeddable":true,"href":"https:\/\/roveyayinevi.com.tr\/index.php\/wp-json\/wp\/v2\/product_cat?post=775857"},{"taxonomy":"product_tag","embeddable":true,"href":"https:\/\/roveyayinevi.com.tr\/index.php\/wp-json\/wp\/v2\/product_tag?post=775857"}],"curies":[{"name":"wp","href":"https:\/\/api.w.org\/{rel}","templated":true}]}}