{"id":775856,"date":"2025-09-18T02:22:16","date_gmt":"2025-09-17T23:22:16","guid":{"rendered":"https:\/\/roveyayinevi.com.tr\/index.php\/urun\/kimliksiz-2\/"},"modified":"2026-04-16T02:54:02","modified_gmt":"2026-04-15T23:54:02","slug":"kimliksiz-2","status":"publish","type":"product","link":"https:\/\/roveyayinevi.com.tr\/index.php\/urun\/kimliksiz-2\/","title":{"rendered":"Kimliksiz"},"content":{"rendered":"<p>Kimliklerimiz bizi tan\u0131mlamaz, sadece i\u015faretler. \u0130\u015faretsiz bir adam\u0131n ba\u015f\u0131na gelen olaylar zincirinin ard\u0131ndan, s\u0131rlarla dolu bir d\u00fcnyan\u0131n i\u00e7ine girece\u011fiz. Bu \u00f6yle bir d\u00fcnya ki ger\u00e7ek ile alg\u0131y\u0131, do\u011fru ile yanl\u0131\u015f\u0131 kar\u0131\u015ft\u0131rmaya ba\u015flayaca\u011f\u0131z. Kahraman\u0131n kimli\u011finin, asl\u0131nda kimliksiz olmas\u0131 mant\u0131\u011f\u0131n\u0131 kavrad\u0131\u011f\u0131m\u0131z an ba\u015fka bir maceraya s\u00fcr\u00fcklenece\u011fiz.   Bazen ger\u00e7ekler, umulmayan\u0131n dahi \u00f6tesinde bir yerlerde, gizli bir \u015fekilde ayd\u0131nlanmay\u0131 bekliyordur. <\/p>\n","protected":false},"excerpt":{"rendered":"<p>Kimliklerimiz bizi tan\u0131mlamaz, sadece i\u015faretler. \u0130\u015faretsiz bir adam\u0131n ba\u015f\u0131na gelen olaylar zincirinin ard\u0131ndan, s\u0131rlarla dolu bir d\u00fcnyan\u0131n i\u00e7ine girece\u011fiz. Bu \u00f6yle bir d\u00fcnya ki ger\u00e7ek ile<span class=\"excerpt-hellip\"> [\u2026]<\/span><\/p>\n","protected":false},"featured_media":0,"template":"","meta":{"_monsterinsights_skip_tracking":false,"_monsterinsights_sitenote_active":false,"_monsterinsights_sitenote_note":"","_monsterinsights_sitenote_category":0},"product_brand":[],"product_cat":[12291,12711],"product_tag":[],"class_list":{"0":"post-775856","1":"product","2":"type-product","3":"status-publish","5":"product_cat-edebiyat","6":"product_cat-roman-oyku","7":"pa_cilt-ciltsiz","8":"pa_tur-kitap","9":"pa_yayinevi-luna-yayinlari","10":"pa_yazar-vedat-akyol","12":"first","13":"instock","14":"sale","15":"shipping-taxable","16":"purchasable","17":"product-type-simple"},"_links":{"self":[{"href":"https:\/\/roveyayinevi.com.tr\/index.php\/wp-json\/wp\/v2\/product\/775856","targetHints":{"allow":["GET"]}}],"collection":[{"href":"https:\/\/roveyayinevi.com.tr\/index.php\/wp-json\/wp\/v2\/product"}],"about":[{"href":"https:\/\/roveyayinevi.com.tr\/index.php\/wp-json\/wp\/v2\/types\/product"}],"wp:attachment":[{"href":"https:\/\/roveyayinevi.com.tr\/index.php\/wp-json\/wp\/v2\/media?parent=775856"}],"wp:term":[{"taxonomy":"product_brand","embeddable":true,"href":"https:\/\/roveyayinevi.com.tr\/index.php\/wp-json\/wp\/v2\/product_brand?post=775856"},{"taxonomy":"product_cat","embeddable":true,"href":"https:\/\/roveyayinevi.com.tr\/index.php\/wp-json\/wp\/v2\/product_cat?post=775856"},{"taxonomy":"product_tag","embeddable":true,"href":"https:\/\/roveyayinevi.com.tr\/index.php\/wp-json\/wp\/v2\/product_tag?post=775856"}],"curies":[{"name":"wp","href":"https:\/\/api.w.org\/{rel}","templated":true}]}}