{"id":775855,"date":"2025-09-18T02:13:26","date_gmt":"2025-09-17T23:13:26","guid":{"rendered":"https:\/\/roveyayinevi.com.tr\/index.php\/urun\/yapay-zeka-ve-kapitalizmin-gelecegi\/"},"modified":"2026-04-16T02:53:13","modified_gmt":"2026-04-15T23:53:13","slug":"yapay-zeka-ve-kapitalizmin-gelecegi","status":"publish","type":"product","link":"https:\/\/roveyayinevi.com.tr\/index.php\/urun\/yapay-zeka-ve-kapitalizmin-gelecegi\/","title":{"rendered":"Yapay Zek\u00e2 ve Kapitalizmin Gelece\u011fi"},"content":{"rendered":"<p>Son y\u0131llarda yapay zek\u00e2 alan\u0131nda \u00e7ok b\u00fcy\u00fck geli\u015fmeler ger\u00e7ekle\u015fti. G\u00fcn\u00fcm\u00fcz kapitalizmine yapay zek\u00e2 h\u00fckmetmeye ba\u015flad\u0131. Yapay Zek\u00e2 ve Kapitalizmin Gelece\u011fi, modern yapay zek\u00e2n\u0131n Marx\u2019\u0131n \u00f6ng\u00f6remeyece\u011fi bir makine oldu\u011fu, dolay\u0131s\u0131yla Marksist analizin bu geli\u015fmeyi de hesaba katmas\u0131 gerekti\u011fi tespitinden hareket ediyor. \ufffc   Marksist teoriyle yapay zek\u00e2 aras\u0131ndaki ili\u015fkinin art\u0131-de\u011fer, emek g\u00fcc\u00fc, genel \u00fcretim ko\u015fullar\u0131, art\u0131 n\u00fcfus gibi Marksist kavramlardan hareketle incelendi\u011fi kitapta, genelle\u015fmi\u015f bir yapay zek\u00e2n\u0131n olas\u0131 sonu\u00e7lar\u0131 etrafl\u0131 bi\u00e7imde ele al\u0131n\u0131yor. Yazarlar, bu geli\u015fmeyi olumlu olarak kar\u015f\u0131layanlar\u0131n tersine, yapay zek\u00e2n\u0131n bug\u00fcn izledi\u011fi patikada geli\u015fmeye devam etmesi durumunda kapitalizmin elindeki nihai silah olaca\u011f\u0131n\u0131n alt\u0131n\u0131 \u00e7iziyorlar. \u0130nsanl\u0131\u011f\u0131n de\u011fersizle\u015fmesi demek olan b\u00f6ylesi bir ihtimale kar\u015f\u0131, yapay zek\u00e2 olgusunu kom\u00fcnist bir yakla\u015f\u0131mla ele alarak m\u00fccadele edebilece\u011fimizi \u00f6ne s\u00fcr\u00fcyorlar.   Yapay zek\u00e2 ve kapitalizm aras\u0131ndaki ili\u015fkiyi anlamak ve kapitalizmin olas\u0131 gelece\u011fini \u00f6ng\u00f6rmek isteyenler i\u00e7in bir ba\u015fvuru niteli\u011finde olan bu kitap, \u00fcretim ara\u00e7lar\u0131n\u0131n m\u00fclkiyeti ve denetimi meselesini yeniden g\u00fcndeme getirerek okuru bir kom\u00fcnist yapay zek\u00e2 perspektifini b\u00fct\u00fcn zorluklar\u0131 ve riskleri i\u00e7inde d\u00fc\u015f\u00fcnmeye davet ediyor. <\/p>\n","protected":false},"excerpt":{"rendered":"<p>Son y\u0131llarda yapay zek\u00e2 alan\u0131nda \u00e7ok b\u00fcy\u00fck geli\u015fmeler ger\u00e7ekle\u015fti. G\u00fcn\u00fcm\u00fcz kapitalizmine yapay zek\u00e2 h\u00fckmetmeye ba\u015flad\u0131. Yapay Zek\u00e2 ve Kapitalizmin Gelece\u011fi, modern yapay zek\u00e2n\u0131n Marx\u2019\u0131n \u00f6ng\u00f6remeyece\u011fi bir<span class=\"excerpt-hellip\"> [\u2026]<\/span><\/p>\n","protected":false},"featured_media":0,"template":"","meta":{"_monsterinsights_skip_tracking":false,"_monsterinsights_sitenote_active":false,"_monsterinsights_sitenote_note":"","_monsterinsights_sitenote_category":0},"product_brand":[],"product_cat":[13072,12291],"product_tag":[],"class_list":{"0":"post-775855","1":"product","2":"type-product","3":"status-publish","5":"product_cat-arastirma-inceleme-referans","6":"product_cat-edebiyat","7":"pa_cilt-ciltsiz","8":"pa_tur-kitap","9":"pa_yayinevi-iletisim-yayinlari","10":"pa_yazar-iletisim-yayinlari-kolektif","12":"first","13":"instock","14":"sale","15":"shipping-taxable","16":"purchasable","17":"product-type-simple"},"_links":{"self":[{"href":"https:\/\/roveyayinevi.com.tr\/index.php\/wp-json\/wp\/v2\/product\/775855","targetHints":{"allow":["GET"]}}],"collection":[{"href":"https:\/\/roveyayinevi.com.tr\/index.php\/wp-json\/wp\/v2\/product"}],"about":[{"href":"https:\/\/roveyayinevi.com.tr\/index.php\/wp-json\/wp\/v2\/types\/product"}],"wp:attachment":[{"href":"https:\/\/roveyayinevi.com.tr\/index.php\/wp-json\/wp\/v2\/media?parent=775855"}],"wp:term":[{"taxonomy":"product_brand","embeddable":true,"href":"https:\/\/roveyayinevi.com.tr\/index.php\/wp-json\/wp\/v2\/product_brand?post=775855"},{"taxonomy":"product_cat","embeddable":true,"href":"https:\/\/roveyayinevi.com.tr\/index.php\/wp-json\/wp\/v2\/product_cat?post=775855"},{"taxonomy":"product_tag","embeddable":true,"href":"https:\/\/roveyayinevi.com.tr\/index.php\/wp-json\/wp\/v2\/product_tag?post=775855"}],"curies":[{"name":"wp","href":"https:\/\/api.w.org\/{rel}","templated":true}]}}