{"id":775852,"date":"2025-09-18T00:53:41","date_gmt":"2025-09-17T21:53:41","guid":{"rendered":"https:\/\/roveyayinevi.com.tr\/index.php\/urun\/aile-ici-sorunlara-yonelik-koruyucu-manevi-rehberlik\/"},"modified":"2026-04-16T02:37:43","modified_gmt":"2026-04-15T23:37:43","slug":"aile-ici-sorunlara-yonelik-koruyucu-manevi-rehberlik","status":"publish","type":"product","link":"https:\/\/roveyayinevi.com.tr\/index.php\/urun\/aile-ici-sorunlara-yonelik-koruyucu-manevi-rehberlik\/","title":{"rendered":"Aile \u0130\u00e7i Sorunlara Y\u00f6nelik Koruyucu Manevi Rehberlik"},"content":{"rendered":"<p>Modern d\u00f6nemin etkiledi\u011fi kurumlar\u0131n ba\u015f\u0131nda aile gelmektedir. Ailenin etkilenmesi ise asl\u0131nda toplumun etkilenmesidir. Toplumu olu\u015fturan bireylerin ilk u\u011frak yeri ve e\u011fitim ald\u0131\u011f\u0131 saha, ailedir. Burada d\u00fczenli yeti\u015fen bireyler toplumsal hayata \u00e7\u0131kmakta ve orada pozitif ya da negatif etki unsuru olmaktad\u0131rlar. \u0130\u015fte bu \u00e7al\u0131\u015fma modern d\u00f6nemin modern bir bilim dal\u0131 olan manevi rehberli\u011fin, aile i\u00e7i sorunlara y\u00f6nelik koruyucu ne gibi \u00f6nlemler alabilece\u011fini ortaya koymaya \u00e7al\u0131\u015fan akademik bir \u00e7al\u0131\u015fmad\u0131r. <\/p>\n","protected":false},"excerpt":{"rendered":"<p>Modern d\u00f6nemin etkiledi\u011fi kurumlar\u0131n ba\u015f\u0131nda aile gelmektedir. Ailenin etkilenmesi ise asl\u0131nda toplumun etkilenmesidir. Toplumu olu\u015fturan bireylerin ilk u\u011frak yeri ve e\u011fitim ald\u0131\u011f\u0131 saha, ailedir. Burada d\u00fczenli<span class=\"excerpt-hellip\"> [\u2026]<\/span><\/p>\n","protected":false},"featured_media":0,"template":"","meta":{"_monsterinsights_skip_tracking":false,"_monsterinsights_sitenote_active":false,"_monsterinsights_sitenote_note":"","_monsterinsights_sitenote_category":0},"product_brand":[],"product_cat":[12364,12376],"product_tag":[],"class_list":{"0":"post-775852","1":"product","2":"type-product","3":"status-publish","5":"product_cat-genel-konular","6":"product_cat-kisisel-gelisim","7":"pa_cilt-ciltsiz","8":"pa_tur-kitap","9":"pa_yayinevi-kuytu-yayinlari","10":"pa_yazar-ismail-cetin","12":"first","13":"instock","14":"sale","15":"shipping-taxable","16":"purchasable","17":"product-type-simple"},"_links":{"self":[{"href":"https:\/\/roveyayinevi.com.tr\/index.php\/wp-json\/wp\/v2\/product\/775852","targetHints":{"allow":["GET"]}}],"collection":[{"href":"https:\/\/roveyayinevi.com.tr\/index.php\/wp-json\/wp\/v2\/product"}],"about":[{"href":"https:\/\/roveyayinevi.com.tr\/index.php\/wp-json\/wp\/v2\/types\/product"}],"wp:attachment":[{"href":"https:\/\/roveyayinevi.com.tr\/index.php\/wp-json\/wp\/v2\/media?parent=775852"}],"wp:term":[{"taxonomy":"product_brand","embeddable":true,"href":"https:\/\/roveyayinevi.com.tr\/index.php\/wp-json\/wp\/v2\/product_brand?post=775852"},{"taxonomy":"product_cat","embeddable":true,"href":"https:\/\/roveyayinevi.com.tr\/index.php\/wp-json\/wp\/v2\/product_cat?post=775852"},{"taxonomy":"product_tag","embeddable":true,"href":"https:\/\/roveyayinevi.com.tr\/index.php\/wp-json\/wp\/v2\/product_tag?post=775852"}],"curies":[{"name":"wp","href":"https:\/\/api.w.org\/{rel}","templated":true}]}}