{"id":775850,"date":"2025-09-18T00:28:03","date_gmt":"2025-09-17T21:28:03","guid":{"rendered":"https:\/\/roveyayinevi.com.tr\/index.php\/urun\/tarihte-ve-bugun-samanizm-materyaller-ve-arastirmalar\/"},"modified":"2026-04-16T02:34:41","modified_gmt":"2026-04-15T23:34:41","slug":"tarihte-ve-bugun-samanizm-materyaller-ve-arastirmalar","status":"publish","type":"product","link":"https:\/\/roveyayinevi.com.tr\/index.php\/urun\/tarihte-ve-bugun-samanizm-materyaller-ve-arastirmalar\/","title":{"rendered":"Tarihte Ve Bug\u00fcn \u015eamanizm  Materyaller ve Ara\u015ft\u0131rmalar"},"content":{"rendered":"<p>\u015eaman\u0131n \u00f6l\u00fcs\u00fcn\u00fc bir tahta \u00fczerine koyup b\u0131rak\u0131rlar. Sonra tahtay\u0131 kap\u0131n\u0131n \u00f6n\u00fcnde ate\u015fe yakarlar, \u00f6l\u00fcy\u00fc tabuta koyduktan sonra ba\u015f taraf\u0131yla kap\u0131dan \u00e7\u0131kar\u0131r ve mezara g\u00f6t\u00fcr\u00fcrler. \u015eaman\u0131n davulunu ve davul tokma\u011f\u0131n\u0131 k\u0131rarlar ve \u201c\u00f6l\u00fcm geldi, o \u00f6ld\u00fc:\u201d derler. K\u0131r\u0131lm\u0131\u015f davulu \u015faman\u0131n mezar\u0131n\u0131n ba\u015f\u0131ndaki bir a\u011faca yahut bir s\u0131r\u0131\u011fa asarlar. \u015eaman\u0131n defin t\u00f6renine Sagay kad\u0131nlar\u0131 i\u015ftirak etmezler. \u015eaman olmayanlar\u0131n defin t\u00f6renine ise kad\u0131nlar da i\u015ftirak eder ve mezara kadar gelirler, \u00f6l\u00fc resmen Hristiyanl\u0131\u011f\u0131 kabul etmi\u015f say\u0131l\u0131rsa bab\u0131n\u0131 do\u011fuya do\u011fru, \u015faman\u00ee ise bat\u0131ya do\u011fru korlar. Umumiyetle \u00f6l\u00fcler elbiseleri, yemekler, rak\u0131, at\u0131n\u0131n e\u011fer tak\u0131m\u0131 ile beraber g\u00f6m\u00fcl\u00fcr. At \u00f6ld\u00fcrmek \u00e2deti Sagaylar\u2019da unutulmak \u00fczeredir, \u00f6l\u00fcn\u00fcn at\u0131n\u0131 ba\u015fka birine hediye ederler. \u00d6l\u00fcy\u00fc defin ettikten sonra eve d\u00f6n\u00fcp yeme\u011fe, i\u00e7me\u011fe ba\u015flarlar. Sonra mezar\u0131n sa\u011f taraf\u0131na ate\u015f yak\u0131p \u00f6l\u00fc a\u015f\u0131 i\u00e7in kesilen hayvanlar\u0131n kemiklerini yakarlar. Ate\u015fe rak\u0131 serpeler ve yemek atarlar. Ate\u015f tanr\u0131s\u0131n\u0131n bu rak\u0131 ve yemekleri \u00f6l\u00fcye ula\u015ft\u0131raca\u011f\u0131na inan\u0131rlar. \u00d6l\u00fc a\u015f\u0131na i\u015ftirak edenler \u00f6l\u00fcn\u00fcn mezar\u0131n\u0131n \u00fc\u00e7 defa dola\u015f\u0131rlar ve \u00fc\u00e7 defa \u201csen ger\u00e7ek d\u00fcnyaya git! bizde Tanr\u0131ya d\u00f6n\u00fcyoruz!\u201d derler <\/p>\n","protected":false},"excerpt":{"rendered":"<p>\u015eaman\u0131n \u00f6l\u00fcs\u00fcn\u00fc bir tahta \u00fczerine koyup b\u0131rak\u0131rlar. Sonra tahtay\u0131 kap\u0131n\u0131n \u00f6n\u00fcnde ate\u015fe yakarlar, \u00f6l\u00fcy\u00fc tabuta koyduktan sonra ba\u015f taraf\u0131yla kap\u0131dan \u00e7\u0131kar\u0131r ve mezara g\u00f6t\u00fcr\u00fcrler. \u015eaman\u0131n davulunu<span class=\"excerpt-hellip\"> [\u2026]<\/span><\/p>\n","protected":false},"featured_media":0,"template":"","meta":{"_monsterinsights_skip_tracking":false,"_monsterinsights_sitenote_active":false,"_monsterinsights_sitenote_note":"","_monsterinsights_sitenote_category":0},"product_brand":[],"product_cat":[12718,16794],"product_tag":[],"class_list":{"0":"post-775850","1":"product","2":"type-product","3":"status-publish","5":"product_cat-din","6":"product_cat-dinler-tarihi","7":"pa_cilt-ciltsiz","8":"pa_tur-kitap","9":"pa_yayinevi-altinordu-yayinlari","10":"pa_yazar-abdulkadir-inan","12":"first","13":"instock","14":"sale","15":"shipping-taxable","16":"purchasable","17":"product-type-simple"},"_links":{"self":[{"href":"https:\/\/roveyayinevi.com.tr\/index.php\/wp-json\/wp\/v2\/product\/775850","targetHints":{"allow":["GET"]}}],"collection":[{"href":"https:\/\/roveyayinevi.com.tr\/index.php\/wp-json\/wp\/v2\/product"}],"about":[{"href":"https:\/\/roveyayinevi.com.tr\/index.php\/wp-json\/wp\/v2\/types\/product"}],"wp:attachment":[{"href":"https:\/\/roveyayinevi.com.tr\/index.php\/wp-json\/wp\/v2\/media?parent=775850"}],"wp:term":[{"taxonomy":"product_brand","embeddable":true,"href":"https:\/\/roveyayinevi.com.tr\/index.php\/wp-json\/wp\/v2\/product_brand?post=775850"},{"taxonomy":"product_cat","embeddable":true,"href":"https:\/\/roveyayinevi.com.tr\/index.php\/wp-json\/wp\/v2\/product_cat?post=775850"},{"taxonomy":"product_tag","embeddable":true,"href":"https:\/\/roveyayinevi.com.tr\/index.php\/wp-json\/wp\/v2\/product_tag?post=775850"}],"curies":[{"name":"wp","href":"https:\/\/api.w.org\/{rel}","templated":true}]}}