{"id":775848,"date":"2025-09-18T00:23:04","date_gmt":"2025-09-17T21:23:04","guid":{"rendered":"https:\/\/roveyayinevi.com.tr\/index.php\/urun\/sevgili-cocuk\/"},"modified":"2026-04-16T02:33:41","modified_gmt":"2026-04-15T23:33:41","slug":"sevgili-cocuk","status":"publish","type":"product","link":"https:\/\/roveyayinevi.com.tr\/index.php\/urun\/sevgili-cocuk\/","title":{"rendered":"Sevgili \u00c7ocuk"},"content":{"rendered":"<p>Bu gerilim roman\u0131, di\u011ferlerinin bitti\u011fi noktada ba\u015fl\u0131yor\u2026Ormanda \u0131ss\u0131z penceresiz bir kul\u00fcbe. Burada ya\u015famak zorunda b\u0131rak\u0131lan Lena ve iki \u00e7ocu\u011fu. Onlar\u0131 d\u0131\u015f d\u00fcnyadaki tehlikelerden korudu\u011funu d\u00fc\u015f\u00fcnen bir aile babas\u0131. Her \u015feyin titizlikle kurallara ba\u011fland\u0131\u011f\u0131 d\u0131\u015f d\u00fcnyadan tamamen soyutlanan bir hayat.Ancak g\u00fcn\u00fcn birinde ka\u00e7may\u0131 ba\u015far\u0131yorlar ne var ki k\u00e2bus devam ediyor. Anla\u015f\u0131lan i\u015fkencecileri sanki kendine ait olan\u0131 tekrar geri almak istiyor.Romy Hausmann, her insan\u0131n hayal g\u00fcc\u00fcn\u00fcn \u00f6tesine ge\u00e7en bir deh\u015fetin panoramas\u0131n\u0131 par\u00e7a par\u00e7a bi\u00e7imlendiriyor.Elinizden b\u0131rakamayaca\u011f\u0131n\u0131z bir solukta okuyaca\u011f\u0131n\u0131z ola\u011fan\u00fcst\u00fc bir gerilim roman\u0131\u2026<\/p>\n","protected":false},"excerpt":{"rendered":"<p>Bu gerilim roman\u0131, di\u011ferlerinin bitti\u011fi noktada ba\u015fl\u0131yor\u2026Ormanda \u0131ss\u0131z penceresiz bir kul\u00fcbe. Burada ya\u015famak zorunda b\u0131rak\u0131lan Lena ve iki \u00e7ocu\u011fu. Onlar\u0131 d\u0131\u015f d\u00fcnyadaki tehlikelerden korudu\u011funu d\u00fc\u015f\u00fcnen bir<span class=\"excerpt-hellip\"> [\u2026]<\/span><\/p>\n","protected":false},"featured_media":0,"template":"","meta":{"_monsterinsights_skip_tracking":false,"_monsterinsights_sitenote_active":false,"_monsterinsights_sitenote_note":"","_monsterinsights_sitenote_category":0},"product_brand":[],"product_cat":[12291,17033],"product_tag":[],"class_list":{"0":"post-775848","1":"product","2":"type-product","3":"status-publish","5":"product_cat-edebiyat","6":"product_cat-korku-gerilim","7":"pa_cilt-ciltsiz","8":"pa_tur-kitap","9":"pa_yayinevi-eksik-parca-yayinlari","10":"pa_yazar-romy-hausmann","12":"first","13":"instock","14":"sale","15":"shipping-taxable","16":"purchasable","17":"product-type-simple"},"_links":{"self":[{"href":"https:\/\/roveyayinevi.com.tr\/index.php\/wp-json\/wp\/v2\/product\/775848","targetHints":{"allow":["GET"]}}],"collection":[{"href":"https:\/\/roveyayinevi.com.tr\/index.php\/wp-json\/wp\/v2\/product"}],"about":[{"href":"https:\/\/roveyayinevi.com.tr\/index.php\/wp-json\/wp\/v2\/types\/product"}],"wp:attachment":[{"href":"https:\/\/roveyayinevi.com.tr\/index.php\/wp-json\/wp\/v2\/media?parent=775848"}],"wp:term":[{"taxonomy":"product_brand","embeddable":true,"href":"https:\/\/roveyayinevi.com.tr\/index.php\/wp-json\/wp\/v2\/product_brand?post=775848"},{"taxonomy":"product_cat","embeddable":true,"href":"https:\/\/roveyayinevi.com.tr\/index.php\/wp-json\/wp\/v2\/product_cat?post=775848"},{"taxonomy":"product_tag","embeddable":true,"href":"https:\/\/roveyayinevi.com.tr\/index.php\/wp-json\/wp\/v2\/product_tag?post=775848"}],"curies":[{"name":"wp","href":"https:\/\/api.w.org\/{rel}","templated":true}]}}