{"id":775847,"date":"2025-09-17T23:42:20","date_gmt":"2025-09-17T20:42:20","guid":{"rendered":"https:\/\/roveyayinevi.com.tr\/index.php\/urun\/islam-ve-ekonomik-azgelismislik-tarihsel-ve-cagdas-baglantilar\/"},"modified":"2026-04-16T02:28:41","modified_gmt":"2026-04-15T23:28:41","slug":"islam-ve-ekonomik-azgelismislik-tarihsel-ve-cagdas-baglantilar","status":"publish","type":"product","link":"https:\/\/roveyayinevi.com.tr\/index.php\/urun\/islam-ve-ekonomik-azgelismislik-tarihsel-ve-cagdas-baglantilar\/","title":{"rendered":"\u0130slam ve Ekonomik Azgeli\u015fmi\u015flik: Tarihsel ve \u00c7a\u011fda\u015f Ba\u011flant\u0131lar"},"content":{"rendered":"<p>Bu kitapta, \u0130slam ve ekonomik performans aras\u0131ndaki nedensel ba\u011flant\u0131larla ilgili analitik literat\u00fcr\u00fcn ele\u015ftirel de\u011ferlendirmesini bulacaks\u0131n\u0131z. Kitap, s\u00f6z\u00fc edilen literat\u00fcr\u00fcn son olarak kapsaml\u0131 bir bi\u00e7imde ara\u015ft\u0131r\u0131ld\u0131\u011f\u0131 1997\u2019den bu yana yaz\u0131lm\u0131\u015f eserlere odaklanmaktad\u0131r.  De\u011ferlendirilen eserlerin bir b\u00f6l\u00fcm\u00fc Kur\u2019an\u2019a dayal\u0131 ekonomik kurumlar\u0131n, di\u011fer bir b\u00f6l\u00fcm\u00fc de yenile\u015fme i\u00e7eren \u0130slami kurumlar\u0131n k\u0131sa ve uzun vadeli etkilerini incelemektedir. \u0130slami hay\u0131r kurumlar\u0131, \u0130slami e\u011fitim ve \u0130slami finans hakk\u0131ndaki eserler ele al\u0131nmakta, M\u00fcsl\u00fcman \u00e7o\u011funluklu \u00fclkelerde ekonomik geri kalm\u0131\u015fl\u0131\u011f\u0131n ticari, finansal, bilimsel ve yasal boyutlar\u0131 ara\u015ft\u0131r\u0131lmaktad\u0131r. Hukukun \u00fcst\u00fcnl\u00fc\u011f\u00fc ilkesinin \u00e7i\u011fnenmesi ekonomik kalk\u0131nmay\u0131 s\u0131n\u0131rlayabildi\u011finden, \u0130slam D\u00fcnyas\u0131\u2019ndaki otoriter rejimlerin, vak\u0131flar ve vergi y\u00f6ntemleri gibi tarihsel kaynaklar\u0131na da inilmektedir.  Timur Kuran, Duke \u00dcniversitesi\u2019nde ekonomi ve siyasal bilimler profes\u00f6r\u00fcd\u00fcr. Gorter Ailesi \u0130slam Et\u00fctleri K\u00fcrs\u00fcs\u00fc\u2019n\u00fc de y\u00f6netmektedir. <\/p>\n","protected":false},"excerpt":{"rendered":"<p>Bu kitapta, \u0130slam ve ekonomik performans aras\u0131ndaki nedensel ba\u011flant\u0131larla ilgili analitik literat\u00fcr\u00fcn ele\u015ftirel de\u011ferlendirmesini bulacaks\u0131n\u0131z. Kitap, s\u00f6z\u00fc edilen literat\u00fcr\u00fcn son olarak kapsaml\u0131 bir bi\u00e7imde ara\u015ft\u0131r\u0131ld\u0131\u011f\u0131 1997\u2019den<span class=\"excerpt-hellip\"> [\u2026]<\/span><\/p>\n","protected":false},"featured_media":0,"template":"","meta":{"_monsterinsights_skip_tracking":false,"_monsterinsights_sitenote_active":false,"_monsterinsights_sitenote_note":"","_monsterinsights_sitenote_category":0},"product_brand":[],"product_cat":[12718,12719],"product_tag":[],"class_list":{"0":"post-775847","1":"product","2":"type-product","3":"status-publish","5":"product_cat-din","6":"product_cat-islam","7":"pa_cilt-ciltsiz","8":"pa_tur-kitap","9":"pa_yayinevi-efil-yayinevi","10":"pa_yazar-timur-kuran","12":"first","13":"instock","14":"sale","15":"shipping-taxable","16":"purchasable","17":"product-type-simple"},"_links":{"self":[{"href":"https:\/\/roveyayinevi.com.tr\/index.php\/wp-json\/wp\/v2\/product\/775847","targetHints":{"allow":["GET"]}}],"collection":[{"href":"https:\/\/roveyayinevi.com.tr\/index.php\/wp-json\/wp\/v2\/product"}],"about":[{"href":"https:\/\/roveyayinevi.com.tr\/index.php\/wp-json\/wp\/v2\/types\/product"}],"wp:attachment":[{"href":"https:\/\/roveyayinevi.com.tr\/index.php\/wp-json\/wp\/v2\/media?parent=775847"}],"wp:term":[{"taxonomy":"product_brand","embeddable":true,"href":"https:\/\/roveyayinevi.com.tr\/index.php\/wp-json\/wp\/v2\/product_brand?post=775847"},{"taxonomy":"product_cat","embeddable":true,"href":"https:\/\/roveyayinevi.com.tr\/index.php\/wp-json\/wp\/v2\/product_cat?post=775847"},{"taxonomy":"product_tag","embeddable":true,"href":"https:\/\/roveyayinevi.com.tr\/index.php\/wp-json\/wp\/v2\/product_tag?post=775847"}],"curies":[{"name":"wp","href":"https:\/\/api.w.org\/{rel}","templated":true}]}}