{"id":775837,"date":"2025-09-17T15:47:33","date_gmt":"2025-09-17T12:47:33","guid":{"rendered":"https:\/\/roveyayinevi.com.tr\/index.php\/urun\/cilgin-kasifler-ciltli-2\/"},"modified":"2026-04-16T02:21:00","modified_gmt":"2026-04-15T23:21:00","slug":"cilgin-kasifler-ciltli-2","status":"publish","type":"product","link":"https:\/\/roveyayinevi.com.tr\/index.php\/urun\/cilgin-kasifler-ciltli-2\/","title":{"rendered":"\u00c7\u0131lg\u0131n Ka\u015fifler (Ciltli)"},"content":{"rendered":"<p>\u201cD\u00fcnya yuvarlak olsayd\u0131, insanlar a\u015fa\u011f\u0131 d\u00fc\u015ferdi\u201d h\u00e2l\u00e2 buna inanan kimse yok de\u011fil mi?Hindistan\u2019\u0131 kim ke\u015ffetti?Yoksa siz Amerika\u2019y\u0131 hep var m\u0131 san\u0131yordunuz?\u00dcmit Burnu, kimin burnu?Leif Erikson kimdi? Neee, telefon markas\u0131 m\u0131?\u0130\u015fte b\u00fct\u00fcn bu sorular\u0131n cevab\u0131n\u0131 elinizdeki kitapta bulacaks\u0131n\u0131z!\u00c7\u0131lg\u0131n K\u00e2\u015fifler komik mi komik \u00fcslubuyla sizi ke\u015ffe \u00e7a\u011f\u0131r\u0131yor.\u0130yi okumalar&#8230;<\/p>\n","protected":false},"excerpt":{"rendered":"<p>\u201cD\u00fcnya yuvarlak olsayd\u0131, insanlar a\u015fa\u011f\u0131 d\u00fc\u015ferdi\u201d h\u00e2l\u00e2 buna inanan kimse yok de\u011fil mi?Hindistan\u2019\u0131 kim ke\u015ffetti?Yoksa siz Amerika\u2019y\u0131 hep var m\u0131 san\u0131yordunuz?\u00dcmit Burnu, kimin burnu?Leif Erikson kimdi?<span class=\"excerpt-hellip\"> [\u2026]<\/span><\/p>\n","protected":false},"featured_media":0,"template":"","meta":{"_monsterinsights_skip_tracking":false,"_monsterinsights_sitenote_active":false,"_monsterinsights_sitenote_note":"","_monsterinsights_sitenote_category":0},"product_brand":[],"product_cat":[12291,14825],"product_tag":[],"class_list":{"0":"post-775837","1":"product","2":"type-product","3":"status-publish","5":"product_cat-edebiyat","6":"product_cat-mizah","7":"pa_cilt-ciltli","8":"pa_tur-kitap","9":"pa_yayinevi-nesil-genc","10":"pa_yazar-yusuf-asal","12":"first","13":"instock","14":"sale","15":"shipping-taxable","16":"purchasable","17":"product-type-simple"},"_links":{"self":[{"href":"https:\/\/roveyayinevi.com.tr\/index.php\/wp-json\/wp\/v2\/product\/775837","targetHints":{"allow":["GET"]}}],"collection":[{"href":"https:\/\/roveyayinevi.com.tr\/index.php\/wp-json\/wp\/v2\/product"}],"about":[{"href":"https:\/\/roveyayinevi.com.tr\/index.php\/wp-json\/wp\/v2\/types\/product"}],"wp:attachment":[{"href":"https:\/\/roveyayinevi.com.tr\/index.php\/wp-json\/wp\/v2\/media?parent=775837"}],"wp:term":[{"taxonomy":"product_brand","embeddable":true,"href":"https:\/\/roveyayinevi.com.tr\/index.php\/wp-json\/wp\/v2\/product_brand?post=775837"},{"taxonomy":"product_cat","embeddable":true,"href":"https:\/\/roveyayinevi.com.tr\/index.php\/wp-json\/wp\/v2\/product_cat?post=775837"},{"taxonomy":"product_tag","embeddable":true,"href":"https:\/\/roveyayinevi.com.tr\/index.php\/wp-json\/wp\/v2\/product_tag?post=775837"}],"curies":[{"name":"wp","href":"https:\/\/api.w.org\/{rel}","templated":true}]}}