{"id":775835,"date":"2025-09-17T15:17:33","date_gmt":"2025-09-17T12:17:33","guid":{"rendered":"https:\/\/roveyayinevi.com.tr\/index.php\/urun\/hititlerde-ve-eski-anadolu-toplumlarinda-din-devlet-halk-ve-eglence\/"},"modified":"2026-04-16T02:16:46","modified_gmt":"2026-04-15T23:16:46","slug":"hititlerde-ve-eski-anadolu-toplumlarinda-din-devlet-halk-ve-eglence","status":"publish","type":"product","link":"https:\/\/roveyayinevi.com.tr\/index.php\/urun\/hititlerde-ve-eski-anadolu-toplumlarinda-din-devlet-halk-ve-eglence\/","title":{"rendered":"Hititlerde ve Eski Anadolu Toplumlar\u0131nda Din, Devlet, Halk ve E\u011flence"},"content":{"rendered":"<p>Hititlerde ve Eski Anadolu Toplumlar\u0131nda Din, Devlet, Halk ve E\u011flence <\/p>\n","protected":false},"excerpt":{"rendered":"<p>Hititlerde ve Eski Anadolu Toplumlar\u0131nda Din, Devlet, Halk ve E\u011flence<\/p>\n","protected":false},"featured_media":0,"template":"","meta":{"_monsterinsights_skip_tracking":false,"_monsterinsights_sitenote_active":false,"_monsterinsights_sitenote_note":"","_monsterinsights_sitenote_category":0},"product_brand":[],"product_cat":[14591,14556],"product_tag":[],"class_list":{"0":"post-775835","1":"product","2":"type-product","3":"status-publish","5":"product_cat-genel-kavramlar-kuram-ve-tarihce","6":"product_cat-muzik","7":"pa_cilt-ciltsiz","8":"pa_tur-kitap","9":"pa_yayinevi-bilgin-kultur-sanat","10":"pa_yazar-ahmet-unal","12":"first","13":"instock","14":"sale","15":"shipping-taxable","16":"purchasable","17":"product-type-simple"},"_links":{"self":[{"href":"https:\/\/roveyayinevi.com.tr\/index.php\/wp-json\/wp\/v2\/product\/775835","targetHints":{"allow":["GET"]}}],"collection":[{"href":"https:\/\/roveyayinevi.com.tr\/index.php\/wp-json\/wp\/v2\/product"}],"about":[{"href":"https:\/\/roveyayinevi.com.tr\/index.php\/wp-json\/wp\/v2\/types\/product"}],"wp:attachment":[{"href":"https:\/\/roveyayinevi.com.tr\/index.php\/wp-json\/wp\/v2\/media?parent=775835"}],"wp:term":[{"taxonomy":"product_brand","embeddable":true,"href":"https:\/\/roveyayinevi.com.tr\/index.php\/wp-json\/wp\/v2\/product_brand?post=775835"},{"taxonomy":"product_cat","embeddable":true,"href":"https:\/\/roveyayinevi.com.tr\/index.php\/wp-json\/wp\/v2\/product_cat?post=775835"},{"taxonomy":"product_tag","embeddable":true,"href":"https:\/\/roveyayinevi.com.tr\/index.php\/wp-json\/wp\/v2\/product_tag?post=775835"}],"curies":[{"name":"wp","href":"https:\/\/api.w.org\/{rel}","templated":true}]}}