{"id":775830,"date":"2025-09-17T14:45:01","date_gmt":"2025-09-17T11:45:01","guid":{"rendered":"https:\/\/roveyayinevi.com.tr\/index.php\/urun\/kosem-sultan-3\/"},"modified":"2025-09-28T23:19:49","modified_gmt":"2025-09-28T20:19:49","slug":"kosem-sultan-3","status":"publish","type":"product","link":"https:\/\/roveyayinevi.com.tr\/index.php\/urun\/kosem-sultan-3\/","title":{"rendered":"K\u00f6sem Sultan"},"content":{"rendered":"<p>Re\u015fad Ekrem Ko\u00e7u, K\u00f6sem Sultan\u2019\u0131n entrikalarla dolu ya\u015fam\u0131n\u0131n son derece renkli bir tasvirini sunuyor.Re\u015fad Ekrem\u2019in dilinde tarih ger\u00e7ek hayattan daha canl\u0131, daha g\u00fczel, daha b\u00fcy\u00fcl\u00fc\u2026Osmanl\u0131 tarihinin en g\u00f6rkemli kad\u0131nlar\u0131ndan K\u00f6sem Sultan\u2026 Ahmed\u2019in haseki sultan\u0131, 4. Murad ile \u0130brahim\u2019in annesi, 4. Mehmed\u2019in babaannesi olarak y\u0131llar boyu Osmanl\u0131 saray\u0131n\u0131n temel direklerinden biri. M\u00fcthi\u015f bir g\u00fc\u00e7 oda\u011f\u0131 ve evlat katili! Re\u015fad Ekrem Ko\u00e7u, K\u00f6sem Sultan\u2019\u0131n entrikalarla dolu ya\u015fam\u0131n\u0131n son derece renkli bir tasvirini sunuyor okurlara. \u00c7\u0131plak ayakl\u0131 Rum k\u0131z\u0131n\u0131n d\u00fcnyan\u0131n en g\u00fc\u00e7l\u00fc ve zengin kad\u0131nlar\u0131ndan birine d\u00f6n\u00fc\u015fmesinin hikayesi Ko\u00e7u\u2019nun kalemiyle bamba\u015fka bir tat kazan\u0131yor.  \u201cUzun y\u0131llar \u00f6ncesine d\u00f6n\u00fcyorum ve  Murat Reis\u2019in O\u011flu\u2019nu okumaya ba\u015fl\u0131yorum. B\u00fcy\u00fck bir hayranl\u0131kla okudu\u011fum bu roman u\u00e7suz bucaks\u0131z denizlerden ge\u00e7ip giderek bana Osmanl\u0131 tarihini sevdiriyor. Yazar\u0131 Re\u015fad Ekrem Ko\u00e7u, Osmanl\u0131 tarihini \u2018bug\u00fcnde ya\u015fatan\u2019 mucizevi, g\u00f6rkemli bir yazar! Re\u015fad Ekrem\u2019in e\u015fsiz eseriyle dostlu\u011fum art\u0131k hep s\u00fcrecek, herhalde \u00f6l\u00fcnceye kadar\u2026\u201dSelim \u0130leri<\/p>\n","protected":false},"excerpt":{"rendered":"<p>Re\u015fad Ekrem Ko\u00e7u, K\u00f6sem Sultan\u2019\u0131n entrikalarla dolu ya\u015fam\u0131n\u0131n son derece renkli bir tasvirini sunuyor.Re\u015fad Ekrem\u2019in dilinde tarih ger\u00e7ek hayattan daha canl\u0131, daha g\u00fczel, daha b\u00fcy\u00fcl\u00fc\u2026Osmanl\u0131 tarihinin<span class=\"excerpt-hellip\"> [\u2026]<\/span><\/p>\n","protected":false},"featured_media":0,"template":"","meta":{"_monsterinsights_skip_tracking":false,"_monsterinsights_sitenote_active":false,"_monsterinsights_sitenote_note":"","_monsterinsights_sitenote_category":0},"product_brand":[],"product_cat":[12291,12745],"product_tag":[],"class_list":{"0":"post-775830","1":"product","2":"type-product","3":"status-publish","5":"product_cat-edebiyat","6":"product_cat-tarihi-roman","7":"pa_cilt-ciltsiz","8":"pa_tur-kitap","9":"pa_yayinevi-dogan-kitap","10":"pa_yazar-resad-ekrem-kocu","12":"first","13":"instock","14":"sale","15":"shipping-taxable","16":"purchasable","17":"product-type-simple"},"_links":{"self":[{"href":"https:\/\/roveyayinevi.com.tr\/index.php\/wp-json\/wp\/v2\/product\/775830","targetHints":{"allow":["GET"]}}],"collection":[{"href":"https:\/\/roveyayinevi.com.tr\/index.php\/wp-json\/wp\/v2\/product"}],"about":[{"href":"https:\/\/roveyayinevi.com.tr\/index.php\/wp-json\/wp\/v2\/types\/product"}],"wp:attachment":[{"href":"https:\/\/roveyayinevi.com.tr\/index.php\/wp-json\/wp\/v2\/media?parent=775830"}],"wp:term":[{"taxonomy":"product_brand","embeddable":true,"href":"https:\/\/roveyayinevi.com.tr\/index.php\/wp-json\/wp\/v2\/product_brand?post=775830"},{"taxonomy":"product_cat","embeddable":true,"href":"https:\/\/roveyayinevi.com.tr\/index.php\/wp-json\/wp\/v2\/product_cat?post=775830"},{"taxonomy":"product_tag","embeddable":true,"href":"https:\/\/roveyayinevi.com.tr\/index.php\/wp-json\/wp\/v2\/product_tag?post=775830"}],"curies":[{"name":"wp","href":"https:\/\/api.w.org\/{rel}","templated":true}]}}