{"id":775828,"date":"2025-09-17T13:59:08","date_gmt":"2025-09-17T10:59:08","guid":{"rendered":"https:\/\/roveyayinevi.com.tr\/index.php\/urun\/33-stratejide-savas\/"},"modified":"2026-04-16T02:06:21","modified_gmt":"2026-04-15T23:06:21","slug":"33-stratejide-savas","status":"publish","type":"product","link":"https:\/\/roveyayinevi.com.tr\/index.php\/urun\/33-stratejide-savas\/","title":{"rendered":"33 Stratejide Sava\u015f"},"content":{"rendered":"<p>\u00dclkemizde de merakla beklenen, \u0130ktidar ve Ba\u015ftan \u00c7\u0131karma Sanat\u0131 kitaplar\u0131n\u0131n yazar\u0131ndan muhte\u015fem bir eser Tarihteki Kanl\u0131 Sava\u015flardan Esinlenerek G\u00fcnl\u00fck Ya\u015fant\u0131m\u0131zda Toplumsal Oyunlar\u0131n \u00dcstesinden Gelebilirsiniz Robert Greene d\u00fcnyan\u0131n bir\u00e7ok \u00fclkesinde dola\u015farak d\u00fczinelerce politik stratejinin felsefi ve dinsel metinlerin ve binlerce y\u0131ld\u0131r s\u00fcregelen \u015fiddetli \u00e7arp\u0131\u015fmalar\u0131n analizini yap\u0131yor. 33 Stratejide Sava\u015f, g\u00fcn\u00fcm\u00fcz sosyal ya\u015fam\u0131nda etkili olabilecek ba\u015far\u0131l\u0131 sava\u015f prensiplerini g\u00f6zler \u00f6n\u00fcne seriyor. Sun-tzu\u2019nun Sava\u015f Sanat\u0131 adl\u0131 kitab\u0131ndan renkli al\u0131nt\u0131larla bezenmi\u015f olan eser Napoleon\u2019dan Margaret Thatcher\u2019a, Zulu Reisi Shaka\u2019dan Lord Nelson\u2019a, Hannibal\u2019den Ulysses S. Grant\u2019a, samuraylardan diplomatlar\u0131n ya\u015fam\u0131na kadar ge\u00e7mi\u015fteki ve g\u00fcn\u00fcm\u00fczdeki sava\u015f stratejilerini inceliyor. Otuz \u00fc\u00e7 b\u00f6l\u00fcmde \u00f6zetlenen stratejiler, ya\u015fam\u0131n\u0131zda i\u00e7ine girmek zorunda oldu\u011funuz sava\u015flardan galip \u00e7\u0131kman\u0131z\u0131 sa\u011flayacakt\u0131r. 33 Stratejide Sava\u015f\u2019\u0131n sa\u011flad\u0131\u011f\u0131 psikolojik destekle ba\u015far\u0131s\u0131zl\u0131klar\u0131 ba\u015far\u0131ya d\u00f6n\u00fc\u015ft\u00fcrerek her zaman \u00fcst\u00fcnl\u00fck sa\u011flayabilirsiniz. \ufffcTan\u0131t\u0131m Metni<\/p>\n","protected":false},"excerpt":{"rendered":"<p>\u00dclkemizde de merakla beklenen, \u0130ktidar ve Ba\u015ftan \u00c7\u0131karma Sanat\u0131 kitaplar\u0131n\u0131n yazar\u0131ndan muhte\u015fem bir eser Tarihteki Kanl\u0131 Sava\u015flardan Esinlenerek G\u00fcnl\u00fck Ya\u015fant\u0131m\u0131zda Toplumsal Oyunlar\u0131n \u00dcstesinden Gelebilirsiniz Robert Greene<span class=\"excerpt-hellip\"> [\u2026]<\/span><\/p>\n","protected":false},"featured_media":0,"template":"","meta":{"_monsterinsights_skip_tracking":false,"_monsterinsights_sitenote_active":false,"_monsterinsights_sitenote_note":"","_monsterinsights_sitenote_category":0},"product_brand":[],"product_cat":[12364,12376],"product_tag":[],"class_list":{"0":"post-775828","1":"product","2":"type-product","3":"status-publish","5":"product_cat-genel-konular","6":"product_cat-kisisel-gelisim","7":"pa_cilt-ciltsiz","8":"pa_tur-kitap","9":"pa_yayinevi-altin-kitaplar","10":"pa_yazar-robert-greene","12":"first","13":"instock","14":"sale","15":"shipping-taxable","16":"purchasable","17":"product-type-simple"},"_links":{"self":[{"href":"https:\/\/roveyayinevi.com.tr\/index.php\/wp-json\/wp\/v2\/product\/775828","targetHints":{"allow":["GET"]}}],"collection":[{"href":"https:\/\/roveyayinevi.com.tr\/index.php\/wp-json\/wp\/v2\/product"}],"about":[{"href":"https:\/\/roveyayinevi.com.tr\/index.php\/wp-json\/wp\/v2\/types\/product"}],"wp:attachment":[{"href":"https:\/\/roveyayinevi.com.tr\/index.php\/wp-json\/wp\/v2\/media?parent=775828"}],"wp:term":[{"taxonomy":"product_brand","embeddable":true,"href":"https:\/\/roveyayinevi.com.tr\/index.php\/wp-json\/wp\/v2\/product_brand?post=775828"},{"taxonomy":"product_cat","embeddable":true,"href":"https:\/\/roveyayinevi.com.tr\/index.php\/wp-json\/wp\/v2\/product_cat?post=775828"},{"taxonomy":"product_tag","embeddable":true,"href":"https:\/\/roveyayinevi.com.tr\/index.php\/wp-json\/wp\/v2\/product_tag?post=775828"}],"curies":[{"name":"wp","href":"https:\/\/api.w.org\/{rel}","templated":true}]}}