{"id":775826,"date":"2025-09-17T13:53:33","date_gmt":"2025-09-17T10:53:33","guid":{"rendered":"https:\/\/roveyayinevi.com.tr\/index.php\/urun\/siyasetin-sosyolojisi\/"},"modified":"2025-10-30T09:37:58","modified_gmt":"2025-10-30T06:37:58","slug":"siyasetin-sosyolojisi","status":"publish","type":"product","link":"https:\/\/roveyayinevi.com.tr\/index.php\/urun\/siyasetin-sosyolojisi\/","title":{"rendered":"Siyasetin Sosyolojisi"},"content":{"rendered":"<p>&#8220;Prof. Dr. Nur Vergin&#8217;\u0130n tekrar g\u00f6zden ge\u00e7irerek yeniledi\u011fi Siyasetin Sosyolojisi &#8211; Kavramlar, Tan\u0131mlar, Yakla\u015f\u0131mlar&#8230; \u0130ktidar, me\u015fruluk, siyasal sistem nedir? Toplum se\u00e7kinlerinin iktidar\u0131 m\u0131, otoritesi mi var? Siyasette dost-d\u00fc\u015fman ay\u0131r\u0131m\u0131 ne anlama geliyor? K\u00fclt\u00fcr siyaseti belirler mi? Demokratik me\u015fruluk modern devletin olmazsa olmaz niteli\u011fi midir? Machiavelli&#8217;den Althusser&#8217;e, Gramsci&#8217;den Foucault&#8217;ya, Marx&#8217;tan Weber&#8217;e, Habermas&#8217;tan Nietzsche&#8217;ye kadar uzanan kavramlar\u0131n ser\u00fcveni&#8230; Ayd\u0131nlanma felsefesi ile modernitenin hik\u00e2yesi. Bir muhalif ak\u0131m olarak postmodernizm ve kimlik politikalar\u0131&#8230; Kitap Siyaset Sosyolojisi dersini veren bir\u00e7ok akademide ders kitab\u0131 olarak okutuldu ve gerek \u00f6\u011frencilerden gerekse \u00f6\u011fretmenlerden tam not ald\u0131. Akademik \u00e7evrenin yan\u0131 s\u0131ra kitap, siyaset ile sosyolojiyi ve aralar\u0131ndaki \u00e7etrefil ili\u015fkiyi merak edenler taraf\u0131ndan da ilgiyle kar\u015f\u0131land\u0131. G\u00fcn\u00fcm\u00fcz siyasetini anlamam\u0131z, ya\u015fad\u0131\u011f\u0131m\u0131z siyasi olaylara anlam verebilmemiz i\u00e7in bir anahtar. Her g\u00fcn sokakta, i\u015fyerinde, evimizde duydu\u011fumuz siyaset kavramlar\u0131na berrakl\u0131k kazand\u0131ran bir \u00e7al\u0131\u015fma.&#8221;<\/p>\n","protected":false},"excerpt":{"rendered":"<p>&#8220;Prof. Dr. Nur Vergin&#8217;\u0130n tekrar g\u00f6zden ge\u00e7irerek yeniledi\u011fi Siyasetin Sosyolojisi &#8211; Kavramlar, Tan\u0131mlar, Yakla\u015f\u0131mlar&#8230; \u0130ktidar, me\u015fruluk, siyasal sistem nedir? Toplum se\u00e7kinlerinin iktidar\u0131 m\u0131, otoritesi mi var?<span class=\"excerpt-hellip\"> [\u2026]<\/span><\/p>\n","protected":false},"featured_media":0,"template":"","meta":{"_monsterinsights_skip_tracking":false,"_monsterinsights_sitenote_active":false,"_monsterinsights_sitenote_note":"","_monsterinsights_sitenote_category":0},"product_brand":[],"product_cat":[12338,12337],"product_tag":[],"class_list":{"0":"post-775826","1":"product","2":"type-product","3":"status-publish","5":"product_cat-dunya-siyaseti-ve-politikasi","6":"product_cat-politika-siyaset","7":"pa_cilt-ciltsiz","8":"pa_tur-kitap","9":"pa_yayinevi-dogan-kitap","10":"pa_yazar-nur-vergin","12":"first","13":"instock","14":"sale","15":"shipping-taxable","16":"purchasable","17":"product-type-simple"},"_links":{"self":[{"href":"https:\/\/roveyayinevi.com.tr\/index.php\/wp-json\/wp\/v2\/product\/775826","targetHints":{"allow":["GET"]}}],"collection":[{"href":"https:\/\/roveyayinevi.com.tr\/index.php\/wp-json\/wp\/v2\/product"}],"about":[{"href":"https:\/\/roveyayinevi.com.tr\/index.php\/wp-json\/wp\/v2\/types\/product"}],"wp:attachment":[{"href":"https:\/\/roveyayinevi.com.tr\/index.php\/wp-json\/wp\/v2\/media?parent=775826"}],"wp:term":[{"taxonomy":"product_brand","embeddable":true,"href":"https:\/\/roveyayinevi.com.tr\/index.php\/wp-json\/wp\/v2\/product_brand?post=775826"},{"taxonomy":"product_cat","embeddable":true,"href":"https:\/\/roveyayinevi.com.tr\/index.php\/wp-json\/wp\/v2\/product_cat?post=775826"},{"taxonomy":"product_tag","embeddable":true,"href":"https:\/\/roveyayinevi.com.tr\/index.php\/wp-json\/wp\/v2\/product_tag?post=775826"}],"curies":[{"name":"wp","href":"https:\/\/api.w.org\/{rel}","templated":true}]}}