{"id":775821,"date":"2025-09-17T13:22:00","date_gmt":"2025-09-17T10:22:00","guid":{"rendered":"https:\/\/roveyayinevi.com.tr\/index.php\/urun\/isyan-pazarlaniyor\/"},"modified":"2026-04-16T01:59:54","modified_gmt":"2026-04-15T22:59:54","slug":"isyan-pazarlaniyor","status":"publish","type":"product","link":"https:\/\/roveyayinevi.com.tr\/index.php\/urun\/isyan-pazarlaniyor\/","title":{"rendered":"\u0130syan Pazarlan\u0131yor"},"content":{"rendered":"<p>T\u00fcketim d\u00fcnyas\u0131nda ya\u015f\u0131yoruz. Kapitalizm var olmak i\u00e7in s\u0131n\u0131rs\u0131z, hedefsiz ve insafs\u0131z bir t\u00fcketimi k\u00f6r\u00fckl\u00fcyor. K\u00fclt\u00fcrel g\u0131dalar\u0131n\u0131, arzular\u0131 y\u00f6nlendiren, hatta yoktan var eden, reklam sekt\u00f6r\u00fcnden alan kitleler ayn\u0131 giysileri giyip, ayn\u0131 m\u00fczikleri dinleyerek, ayn\u0131 turistik mek\u00e2nlarda s\u00fcr\u00fcler halinde dola\u015farak \u00f6zg\u00fcrl\u00fc\u011f\u00fcn tad\u0131n\u0131 \u00e7\u0131kar\u0131yor! <\/p>\n","protected":false},"excerpt":{"rendered":"<p>T\u00fcketim d\u00fcnyas\u0131nda ya\u015f\u0131yoruz. Kapitalizm var olmak i\u00e7in s\u0131n\u0131rs\u0131z, hedefsiz ve insafs\u0131z bir t\u00fcketimi k\u00f6r\u00fckl\u00fcyor. K\u00fclt\u00fcrel g\u0131dalar\u0131n\u0131, arzular\u0131 y\u00f6nlendiren, hatta yoktan var eden, reklam sekt\u00f6r\u00fcnden alan kitleler<span class=\"excerpt-hellip\"> [\u2026]<\/span><\/p>\n","protected":false},"featured_media":0,"template":"","meta":{"_monsterinsights_skip_tracking":false,"_monsterinsights_sitenote_active":false,"_monsterinsights_sitenote_note":"","_monsterinsights_sitenote_category":0},"product_brand":[],"product_cat":[12338,12337],"product_tag":[],"class_list":{"0":"post-775821","1":"product","2":"type-product","3":"status-publish","5":"product_cat-dunya-siyaseti-ve-politikasi","6":"product_cat-politika-siyaset","7":"pa_cilt-ciltsiz","8":"pa_tur-kitap","9":"pa_yayinevi-ayrinti-yayinlari","10":"pa_yazar-andrew-potter","12":"first","13":"instock","14":"sale","15":"shipping-taxable","16":"purchasable","17":"product-type-simple"},"_links":{"self":[{"href":"https:\/\/roveyayinevi.com.tr\/index.php\/wp-json\/wp\/v2\/product\/775821","targetHints":{"allow":["GET"]}}],"collection":[{"href":"https:\/\/roveyayinevi.com.tr\/index.php\/wp-json\/wp\/v2\/product"}],"about":[{"href":"https:\/\/roveyayinevi.com.tr\/index.php\/wp-json\/wp\/v2\/types\/product"}],"wp:attachment":[{"href":"https:\/\/roveyayinevi.com.tr\/index.php\/wp-json\/wp\/v2\/media?parent=775821"}],"wp:term":[{"taxonomy":"product_brand","embeddable":true,"href":"https:\/\/roveyayinevi.com.tr\/index.php\/wp-json\/wp\/v2\/product_brand?post=775821"},{"taxonomy":"product_cat","embeddable":true,"href":"https:\/\/roveyayinevi.com.tr\/index.php\/wp-json\/wp\/v2\/product_cat?post=775821"},{"taxonomy":"product_tag","embeddable":true,"href":"https:\/\/roveyayinevi.com.tr\/index.php\/wp-json\/wp\/v2\/product_tag?post=775821"}],"curies":[{"name":"wp","href":"https:\/\/api.w.org\/{rel}","templated":true}]}}