{"id":775820,"date":"2025-09-17T13:15:19","date_gmt":"2025-09-17T10:15:19","guid":{"rendered":"https:\/\/roveyayinevi.com.tr\/index.php\/urun\/turkiyede-genclik-miti-1980-sonrasi-turkiye-gencligi\/"},"modified":"2026-04-16T01:59:13","modified_gmt":"2026-04-15T22:59:13","slug":"turkiyede-genclik-miti-1980-sonrasi-turkiye-gencligi","status":"publish","type":"product","link":"https:\/\/roveyayinevi.com.tr\/index.php\/urun\/turkiyede-genclik-miti-1980-sonrasi-turkiye-gencligi\/","title":{"rendered":"T\u00fcrkiye&#8217;de &#8220;Gen\u00e7lik Miti&#8221; 1980 Sonras\u0131 T\u00fcrkiye Gen\u00e7li\u011fi"},"content":{"rendered":"<p>Gen\u00e7li\u011fin dinamizmi, her zaman siyasal bir akt\u00f6r olmas\u0131ndaki en \u00f6nemli etken say\u0131lagelmi\u015ftir. 19. y\u00fczy\u0131lda Osmanl\u0131 toplumunu modernle\u015ftirme giri\u015fimlerinin de, Cumhuriyet\u2019in in\u015fa d\u00f6neminin de en g\u00f6zde siyasal akt\u00f6rlerinden birisi kabul edilmi\u015ftir. 1980\u2019e kadar da bir toplumsal akt\u00f6r olarak gen\u00e7lik, kendisine y\u00fcklenen sorumlulu\u011fun, onun i\u00e7in tarif edilen ve kurtarma dan koruma ya uzanan tarihsel rol\u00fcn\u00fcn \u00e7er\u00e7evesinde, verili bir durumun tamamlay\u0131c\u0131s\u0131d\u0131r. Yarat\u0131lan gen\u00e7lik miti , 1980 sonras\u0131 d\u00f6nemde yeni neslin zaaflar\u0131n\u0131, tarihsel ve toplumsal sorumluluktan ne kadar uzak oldu\u011funun tarifinde devreye sokulmu\u015ftur. Demet L\u00fck\u00fcsl\u00fc T\u00fcrkiye\u2019de Gen\u00e7lik Miti nde, yarat\u0131lan mitlerin g\u00f6lgesinde, asker\u00ee darbe ve yeni bir iktisadi d\u00fczen d\u00f6neminde yeti\u015fmi\u015f gen\u00e7lerin, kendilerini, toplumu ve d\u00fcnyay\u0131 nas\u0131l g\u00f6rd\u00fc\u011f\u00fcn\u00fc hesaba katarak kapsaml\u0131 bir tart\u0131\u015fmay\u0131 devreye sokuyor. T\u00fcrkiye\u2019deki 1980 sonras\u0131 gen\u00e7li\u011fini, yeni bir mit yaratmadan ya da k\u00fc\u00e7\u00fcmsemeden tart\u0131\u015fmaya \u00f6zen g\u00f6steriyor. <\/p>\n","protected":false},"excerpt":{"rendered":"<p>Gen\u00e7li\u011fin dinamizmi, her zaman siyasal bir akt\u00f6r olmas\u0131ndaki en \u00f6nemli etken say\u0131lagelmi\u015ftir. 19. y\u00fczy\u0131lda Osmanl\u0131 toplumunu modernle\u015ftirme giri\u015fimlerinin de, Cumhuriyet\u2019in in\u015fa d\u00f6neminin de en g\u00f6zde siyasal<span class=\"excerpt-hellip\"> [\u2026]<\/span><\/p>\n","protected":false},"featured_media":0,"template":"","meta":{"_monsterinsights_skip_tracking":false,"_monsterinsights_sitenote_active":false,"_monsterinsights_sitenote_note":"","_monsterinsights_sitenote_category":0},"product_brand":[],"product_cat":[13590,12337],"product_tag":[],"class_list":{"0":"post-775820","1":"product","2":"type-product","3":"status-publish","5":"product_cat-arastirma-inceleme-politika-siyaset","6":"product_cat-politika-siyaset","7":"pa_cilt-ciltsiz","8":"pa_tur-kitap","9":"pa_yayinevi-iletisim-yayinlari","10":"pa_yazar-demet-lukuslu","12":"first","13":"instock","14":"sale","15":"shipping-taxable","16":"purchasable","17":"product-type-simple"},"_links":{"self":[{"href":"https:\/\/roveyayinevi.com.tr\/index.php\/wp-json\/wp\/v2\/product\/775820","targetHints":{"allow":["GET"]}}],"collection":[{"href":"https:\/\/roveyayinevi.com.tr\/index.php\/wp-json\/wp\/v2\/product"}],"about":[{"href":"https:\/\/roveyayinevi.com.tr\/index.php\/wp-json\/wp\/v2\/types\/product"}],"wp:attachment":[{"href":"https:\/\/roveyayinevi.com.tr\/index.php\/wp-json\/wp\/v2\/media?parent=775820"}],"wp:term":[{"taxonomy":"product_brand","embeddable":true,"href":"https:\/\/roveyayinevi.com.tr\/index.php\/wp-json\/wp\/v2\/product_brand?post=775820"},{"taxonomy":"product_cat","embeddable":true,"href":"https:\/\/roveyayinevi.com.tr\/index.php\/wp-json\/wp\/v2\/product_cat?post=775820"},{"taxonomy":"product_tag","embeddable":true,"href":"https:\/\/roveyayinevi.com.tr\/index.php\/wp-json\/wp\/v2\/product_tag?post=775820"}],"curies":[{"name":"wp","href":"https:\/\/api.w.org\/{rel}","templated":true}]}}