{"id":775813,"date":"2025-09-15T17:56:51","date_gmt":"2025-09-15T14:56:51","guid":{"rendered":"https:\/\/roveyayinevi.com.tr\/index.php\/urun\/almanca-a1-a2-kelimelerle-baslangic\/"},"modified":"2026-04-15T03:42:31","modified_gmt":"2026-04-15T00:42:31","slug":"almanca-a1-a2-kelimelerle-baslangic","status":"publish","type":"product","link":"https:\/\/roveyayinevi.com.tr\/index.php\/urun\/almanca-a1-a2-kelimelerle-baslangic\/","title":{"rendered":"Almanca A1-A2 Kelimelerle Ba\u015flang\u0131\u00e7"},"content":{"rendered":"<p>Bu kitap ve uygulamayla ne kazan\u0131rs\u0131n? Almanca \u00f6\u011frenmek isteyen herkes i\u00e7in haz\u0131rlanan bu kitap ve mobil uygulama, kelime hazinenizi geli\u015ftirmek ve dil becerilerinizi g\u00fc\u00e7lendirmek amac\u0131yla haz\u0131rland\u0131. Yabanc\u0131 dil \u00f6\u011fretiminde kelime bilgisi b\u00fcy\u00fck \u00f6nem ta\u015f\u0131r. Yeni bir dili \u00f6\u011frenmek i\u00e7in \u00f6ncelikle o dilin temel d\u00fczeydeki kelimelerini \u00f6\u011frenmek gerekir. Kelime hazinesi geli\u015ftik\u00e7e dil bilgisi ve dil becerileri de geli\u015fir. Uygulamay\u0131 her g\u00fcn sadece 5 dakika kullanarak, dinleme, okuma, yazma ve konu\u015fma becerisini geli\u015ftirecek kelimeleri e\u011flenceli bi\u00e7imde tekrar edebilir ve \u00f6\u011frenmeyi kal\u0131c\u0131 h\u00e2le getirebilirsin.<\/p>\n","protected":false},"excerpt":{"rendered":"<p>Bu kitap ve uygulamayla ne kazan\u0131rs\u0131n? Almanca \u00f6\u011frenmek isteyen herkes i\u00e7in haz\u0131rlanan bu kitap ve mobil uygulama, kelime hazinenizi geli\u015ftirmek ve dil becerilerinizi g\u00fc\u00e7lendirmek amac\u0131yla haz\u0131rland\u0131.<span class=\"excerpt-hellip\"> [\u2026]<\/span><\/p>\n","protected":false},"featured_media":0,"template":"","meta":{"_monsterinsights_skip_tracking":false,"_monsterinsights_sitenote_active":false,"_monsterinsights_sitenote_note":"","_monsterinsights_sitenote_category":0},"product_brand":[],"product_cat":[141304],"product_tag":[],"class_list":{"0":"post-775813","1":"product","2":"type-product","3":"status-publish","5":"product_cat-yeni-cikanlar","6":"pa_cilt-ciltsiz","7":"pa_tur-kitap","8":"pa_yayinevi-delta-kultur-yayinevi","9":"pa_yazar-eylul-karadeniz-arac","11":"first","12":"instock","13":"sale","14":"shipping-taxable","15":"purchasable","16":"product-type-simple"},"_links":{"self":[{"href":"https:\/\/roveyayinevi.com.tr\/index.php\/wp-json\/wp\/v2\/product\/775813","targetHints":{"allow":["GET"]}}],"collection":[{"href":"https:\/\/roveyayinevi.com.tr\/index.php\/wp-json\/wp\/v2\/product"}],"about":[{"href":"https:\/\/roveyayinevi.com.tr\/index.php\/wp-json\/wp\/v2\/types\/product"}],"wp:attachment":[{"href":"https:\/\/roveyayinevi.com.tr\/index.php\/wp-json\/wp\/v2\/media?parent=775813"}],"wp:term":[{"taxonomy":"product_brand","embeddable":true,"href":"https:\/\/roveyayinevi.com.tr\/index.php\/wp-json\/wp\/v2\/product_brand?post=775813"},{"taxonomy":"product_cat","embeddable":true,"href":"https:\/\/roveyayinevi.com.tr\/index.php\/wp-json\/wp\/v2\/product_cat?post=775813"},{"taxonomy":"product_tag","embeddable":true,"href":"https:\/\/roveyayinevi.com.tr\/index.php\/wp-json\/wp\/v2\/product_tag?post=775813"}],"curies":[{"name":"wp","href":"https:\/\/api.w.org\/{rel}","templated":true}]}}