{"id":775810,"date":"2025-09-15T17:56:46","date_gmt":"2025-09-15T14:56:46","guid":{"rendered":"https:\/\/roveyayinevi.com.tr\/index.php\/urun\/8-sinif-ingilizce-kelimeleri-lgs\/"},"modified":"2026-04-15T03:42:31","modified_gmt":"2026-04-15T00:42:31","slug":"8-sinif-ingilizce-kelimeleri-lgs","status":"publish","type":"product","link":"https:\/\/roveyayinevi.com.tr\/index.php\/urun\/8-sinif-ingilizce-kelimeleri-lgs\/","title":{"rendered":"8. S\u0131n\u0131f \u0130ngilizce Kelimeleri  (LGS)"},"content":{"rendered":"<p>Bu kitap ve uygulamayla ne kazan\u0131rs\u0131n? Bu kitap ve telefon uygulamas\u0131yla, LGS\u2019de \u00e7\u0131km\u0131\u015f ve \u00e7\u0131kma ihtimali olan \u0130ngilizce kelimeleri kolayca \u00f6\u011frenip kal\u0131c\u0131 h\u00e2le getirebilirsin. Kitap ve uygulama, y\u0131l boyunca okulda i\u015fleyece\u011fin MEB m\u00fcfredat\u0131na uygun konular\u0131 \u00fcnite \u00fcnite \u00f6\u011fretir. Her g\u00fcn sadece 5 dakikal\u0131k uygulama deste\u011fiyle, LGS \u0130ngilizce sorular\u0131na g\u00fc\u00e7l\u00fc bir haz\u0131rl\u0131k yapabilirsin.<\/p>\n","protected":false},"excerpt":{"rendered":"<p>Bu kitap ve uygulamayla ne kazan\u0131rs\u0131n? Bu kitap ve telefon uygulamas\u0131yla, LGS\u2019de \u00e7\u0131km\u0131\u015f ve \u00e7\u0131kma ihtimali olan \u0130ngilizce kelimeleri kolayca \u00f6\u011frenip kal\u0131c\u0131 h\u00e2le getirebilirsin. Kitap ve<span class=\"excerpt-hellip\"> [\u2026]<\/span><\/p>\n","protected":false},"featured_media":0,"template":"","meta":{"_monsterinsights_skip_tracking":false,"_monsterinsights_sitenote_active":false,"_monsterinsights_sitenote_note":"","_monsterinsights_sitenote_category":0},"product_brand":[],"product_cat":[12566],"product_tag":[],"class_list":{"0":"post-775810","1":"product","2":"type-product","3":"status-publish","5":"product_cat-egitim","6":"pa_cilt-ciltsiz","7":"pa_tur-kitap","8":"pa_yayinevi-delta-kultur-yayinevi","9":"pa_yazar-damla-caba-baspinar","11":"first","12":"instock","13":"sale","14":"shipping-taxable","15":"purchasable","16":"product-type-simple"},"_links":{"self":[{"href":"https:\/\/roveyayinevi.com.tr\/index.php\/wp-json\/wp\/v2\/product\/775810","targetHints":{"allow":["GET"]}}],"collection":[{"href":"https:\/\/roveyayinevi.com.tr\/index.php\/wp-json\/wp\/v2\/product"}],"about":[{"href":"https:\/\/roveyayinevi.com.tr\/index.php\/wp-json\/wp\/v2\/types\/product"}],"wp:attachment":[{"href":"https:\/\/roveyayinevi.com.tr\/index.php\/wp-json\/wp\/v2\/media?parent=775810"}],"wp:term":[{"taxonomy":"product_brand","embeddable":true,"href":"https:\/\/roveyayinevi.com.tr\/index.php\/wp-json\/wp\/v2\/product_brand?post=775810"},{"taxonomy":"product_cat","embeddable":true,"href":"https:\/\/roveyayinevi.com.tr\/index.php\/wp-json\/wp\/v2\/product_cat?post=775810"},{"taxonomy":"product_tag","embeddable":true,"href":"https:\/\/roveyayinevi.com.tr\/index.php\/wp-json\/wp\/v2\/product_tag?post=775810"}],"curies":[{"name":"wp","href":"https:\/\/api.w.org\/{rel}","templated":true}]}}