{"id":775803,"date":"2025-09-15T17:55:37","date_gmt":"2025-09-15T14:55:37","guid":{"rendered":"https:\/\/roveyayinevi.com.tr\/index.php\/urun\/liderlik-sanati\/"},"modified":"2026-04-15T03:41:45","modified_gmt":"2026-04-15T00:41:45","slug":"liderlik-sanati","status":"publish","type":"product","link":"https:\/\/roveyayinevi.com.tr\/index.php\/urun\/liderlik-sanati\/","title":{"rendered":"Liderlik Sanat\u0131"},"content":{"rendered":"<p>B\u00d6L\u00dcM 1: L\u0130DERL\u0130\u011e\u0130N KAVRAMSAL \u00c7ER\u00c7EVES\u0130   B\u00d6L\u00dcM 2: TAR\u0130HSEL VE K\u00dcLT\u00dcREL PERSPEKT\u0130FTEN L\u0130DERL\u0130K   B\u00d6L\u00dcM 3: CO\u011eRAFYANIN L\u0130DERL\u0130K \u00dcZER\u0130NDEK\u0130 ETK\u0130S\u0130- AVRASYA PERSPEKT\u0130F\u0130   B\u00d6L\u00dcM 4: T\u00dcRK L\u0130DERL\u0130K GELENE\u011e\u0130: DEVLET Y\u00d6NET\u0130M\u0130 VE ASKER\u0130 DEHA   B\u00d6L\u00dcM 5: T\u00dcRK TAR\u0130H\u0130NDE ASKER\u00ce L\u0130DERL\u0130\u011e\u0130N \u0130ZLER\u0130: METEHAN\u2019DAN ATAT\u00dcRK\u2019E   B\u00d6L\u00dcM 6: 21. Y\u00dcZYILDA L\u0130DERL\u0130\u011e\u0130N YEN\u0130 Y\u00dcZ\u00dc   B\u00d6L\u00dcM 7: L\u0130DERL\u0130KTE \u0130LET\u0130\u015e\u0130M VE \u0130MAJ Y\u00d6NET\u0130M\u0130   B\u00d6L\u00dcM 8: E\u011e\u0130T\u0130MDE VE GEN\u00c7L\u0130KTE L\u0130DERL\u0130K GEL\u0130\u015e\u0130M\u0130 <\/p>\n","protected":false},"excerpt":{"rendered":"<p>B\u00d6L\u00dcM 1: L\u0130DERL\u0130\u011e\u0130N KAVRAMSAL \u00c7ER\u00c7EVES\u0130 B\u00d6L\u00dcM 2: TAR\u0130HSEL VE K\u00dcLT\u00dcREL PERSPEKT\u0130FTEN L\u0130DERL\u0130K B\u00d6L\u00dcM 3: CO\u011eRAFYANIN L\u0130DERL\u0130K \u00dcZER\u0130NDEK\u0130 ETK\u0130S\u0130- AVRASYA PERSPEKT\u0130F\u0130 B\u00d6L\u00dcM 4: T\u00dcRK L\u0130DERL\u0130K GELENE\u011e\u0130: DEVLET<span class=\"excerpt-hellip\"> [\u2026]<\/span><\/p>\n","protected":false},"featured_media":0,"template":"","meta":{"_monsterinsights_skip_tracking":false,"_monsterinsights_sitenote_active":false,"_monsterinsights_sitenote_note":"","_monsterinsights_sitenote_category":0},"product_brand":[],"product_cat":[13043,17647],"product_tag":[],"class_list":{"0":"post-775803","1":"product","2":"type-product","3":"status-publish","5":"product_cat-ekonomi","6":"product_cat-is-dunyasi","7":"pa_cilt-ciltsiz","8":"pa_tur-kitap","9":"pa_yayinevi-gazi-kitabevi","10":"pa_yazar-sebahattin-kilinc","12":"first","13":"instock","14":"sale","15":"shipping-taxable","16":"purchasable","17":"product-type-simple"},"_links":{"self":[{"href":"https:\/\/roveyayinevi.com.tr\/index.php\/wp-json\/wp\/v2\/product\/775803","targetHints":{"allow":["GET"]}}],"collection":[{"href":"https:\/\/roveyayinevi.com.tr\/index.php\/wp-json\/wp\/v2\/product"}],"about":[{"href":"https:\/\/roveyayinevi.com.tr\/index.php\/wp-json\/wp\/v2\/types\/product"}],"wp:attachment":[{"href":"https:\/\/roveyayinevi.com.tr\/index.php\/wp-json\/wp\/v2\/media?parent=775803"}],"wp:term":[{"taxonomy":"product_brand","embeddable":true,"href":"https:\/\/roveyayinevi.com.tr\/index.php\/wp-json\/wp\/v2\/product_brand?post=775803"},{"taxonomy":"product_cat","embeddable":true,"href":"https:\/\/roveyayinevi.com.tr\/index.php\/wp-json\/wp\/v2\/product_cat?post=775803"},{"taxonomy":"product_tag","embeddable":true,"href":"https:\/\/roveyayinevi.com.tr\/index.php\/wp-json\/wp\/v2\/product_tag?post=775803"}],"curies":[{"name":"wp","href":"https:\/\/api.w.org\/{rel}","templated":true}]}}