{"id":775802,"date":"2025-09-15T16:05:03","date_gmt":"2025-09-15T13:05:03","guid":{"rendered":"https:\/\/roveyayinevi.com.tr\/index.php\/urun\/ataturkun-sofrasinda-bir-baskurt-abdulkadir-inanin-dil-devrimi-hatiralari\/"},"modified":"2026-04-16T03:10:04","modified_gmt":"2026-04-16T00:10:04","slug":"ataturkun-sofrasinda-bir-baskurt-abdulkadir-inanin-dil-devrimi-hatiralari","status":"publish","type":"product","link":"https:\/\/roveyayinevi.com.tr\/index.php\/urun\/ataturkun-sofrasinda-bir-baskurt-abdulkadir-inanin-dil-devrimi-hatiralari\/","title":{"rendered":"Atat\u00fcrk\u2019\u00fcn Sofras\u0131nda Bir Ba\u015fkurt Abd\u00fclkadir \u0130nan\u2019\u0131n Dil Devrimi Hat\u0131ralar\u0131"},"content":{"rendered":"<p>Bir ak\u015fam Atat\u00fcrk dil merakl\u0131lar\u0131n\u0131n do\u011frudan do\u011fruya kendisine m\u00fcracaat ederek baz\u0131 kelimelere T\u00fcrk\u00e7e kar\u015f\u0131l\u0131klar g\u00f6nderdiklerini anlatt\u0131. B\u00f6yle merakl\u0131lardan biri \u201cECZANE\u201d kelimesine kar\u015f\u0131l\u0131k olarak \u201cEM EV\u0130\u201d kelimesini teklif ediyormu\u015f\u2026 Atat\u00fcrk sofradaki dilcilere:  \u201cBu kar\u015f\u0131l\u0131\u011f\u0131 nas\u0131l buluyorsunuz?\u201d buyurdu. Bu ana kadar hi\u00e7 konu\u015fmadan oturan Prof. Faz\u0131l Nazmi Bey Atat\u00fcrk\u2019e bakarak: \u201cPa\u015fa hazretleri m\u00fcsaade buyururlarsa fakirlerinin bir maruzat\u0131 var; bu kar\u015f\u0131l\u0131k kabul edilirse o ad\u0131 ta\u015f\u0131yan yerden il\u00e2\u00e7 alamayaca\u011f\u0131m, yan\u0131na bile u\u011framayaca\u011f\u0131m\u2026\u201d Atat\u00fcrk: \u201cNeden u\u011framayacaks\u0131n\u0131z? L\u00fctfen izah eder misiniz?\u201d dedi. Prof. Faz\u0131l Nazmi Bey: \u201cEm evi, em evi\u201d derken \u201cEMEV\u00ce\u201d olacak. Sevmedi\u011fim Emevi\u2019ye ben nas\u0131l gidebilirim\u201d dedi. Atat\u00fcrk g\u00fcl\u00fcmseyerek \u201cSizin hat\u0131r\u0131n\u0131z i\u00e7in bu \u201cemevi\u201d kar\u015f\u0131l\u0131\u011f\u0131 kabul etmeyece\u011fiz, \u201ceczane\u201d \u00f6yle kalacakt\u0131r\u201d buyurdu\u2026 Me\u011fer Prof. Faz\u0131l Nazmi Bey m\u00fcfrit Bekta\u015filerden imi\u015f\u2026 <\/p>\n","protected":false},"excerpt":{"rendered":"<p>Bir ak\u015fam Atat\u00fcrk dil merakl\u0131lar\u0131n\u0131n do\u011frudan do\u011fruya kendisine m\u00fcracaat ederek baz\u0131 kelimelere T\u00fcrk\u00e7e kar\u015f\u0131l\u0131klar g\u00f6nderdiklerini anlatt\u0131. B\u00f6yle merakl\u0131lardan biri \u201cECZANE\u201d kelimesine kar\u015f\u0131l\u0131k olarak \u201cEM EV\u0130\u201d kelimesini<span class=\"excerpt-hellip\"> [\u2026]<\/span><\/p>\n","protected":false},"featured_media":0,"template":"","meta":{"_monsterinsights_skip_tracking":false,"_monsterinsights_sitenote_active":false,"_monsterinsights_sitenote_note":"","_monsterinsights_sitenote_category":0},"product_brand":[],"product_cat":[13701,12291],"product_tag":[],"class_list":{"0":"post-775802","1":"product","2":"type-product","3":"status-publish","5":"product_cat-ani-mektup-gunluk","6":"product_cat-edebiyat","7":"pa_cilt-ciltsiz","8":"pa_tur-kitap","9":"pa_yayinevi-altinordu-yayinlari","10":"pa_yazar-abdulkadir-inan","12":"first","13":"instock","14":"sale","15":"shipping-taxable","16":"purchasable","17":"product-type-simple"},"_links":{"self":[{"href":"https:\/\/roveyayinevi.com.tr\/index.php\/wp-json\/wp\/v2\/product\/775802","targetHints":{"allow":["GET"]}}],"collection":[{"href":"https:\/\/roveyayinevi.com.tr\/index.php\/wp-json\/wp\/v2\/product"}],"about":[{"href":"https:\/\/roveyayinevi.com.tr\/index.php\/wp-json\/wp\/v2\/types\/product"}],"wp:attachment":[{"href":"https:\/\/roveyayinevi.com.tr\/index.php\/wp-json\/wp\/v2\/media?parent=775802"}],"wp:term":[{"taxonomy":"product_brand","embeddable":true,"href":"https:\/\/roveyayinevi.com.tr\/index.php\/wp-json\/wp\/v2\/product_brand?post=775802"},{"taxonomy":"product_cat","embeddable":true,"href":"https:\/\/roveyayinevi.com.tr\/index.php\/wp-json\/wp\/v2\/product_cat?post=775802"},{"taxonomy":"product_tag","embeddable":true,"href":"https:\/\/roveyayinevi.com.tr\/index.php\/wp-json\/wp\/v2\/product_tag?post=775802"}],"curies":[{"name":"wp","href":"https:\/\/api.w.org\/{rel}","templated":true}]}}