{"id":775801,"date":"2025-09-15T11:52:18","date_gmt":"2025-09-15T08:52:18","guid":{"rendered":"https:\/\/roveyayinevi.com.tr\/index.php\/urun\/kelt-ve-germen-paganizmi\/"},"modified":"2026-04-16T02:25:48","modified_gmt":"2026-04-15T23:25:48","slug":"kelt-ve-germen-paganizmi","status":"publish","type":"product","link":"https:\/\/roveyayinevi.com.tr\/index.php\/urun\/kelt-ve-germen-paganizmi\/","title":{"rendered":"Kelt ve Germen Paganizmi"},"content":{"rendered":"<p>Kuzey inan\u00e7lar\u0131 ve Germen paganizmi, bug\u00fcnk\u00fc Avrupa\u2019n\u0131n ve Bat\u0131 medeniyetinin olu\u015fmas\u0131nda \u00f6nemli bir yer tutar. \u00d6zellikle kuzey \u00fclkeleri, bug\u00fcn bile eski pagan inan\u00e7lar\u0131n\u0131 farkl\u0131 \u015fekillerde s\u00fcrd\u00fcrmeye devam etmektedir. Avrupa k\u00fclt\u00fcr\u00fcn\u00fc anlamak i\u00e7in Germen paganizmini iyi anlamak gerekir. Avrupa\u2019da, \u00f6zellikle Kelt b\u00f6lgelerinde, R\u00f6nesans\u2019tan sonra \u201cKelt k\u00fclt\u00fcr\u00fcne d\u00f6n\u00fc\u015f\u201d ba\u015flam\u0131\u015ft\u0131r ve ba\u015fta Wicca olmak \u00fczere bir\u00e7ok neo-pagan ak\u0131m\u0131 da Kelt k\u00fclt\u00fcr\u00fcnden etkilenmi\u015ftir. \u00d6te yandan neo-paganizmde yer alan \u00f6nemli kutsal g\u00fcnlerin Kelt k\u00fclt\u00fcr\u00fcnden geliyor olmas\u0131 da bu k\u00fclt\u00fcr \u00fczerinde \u00f6zellikle durmay\u0131 gerektirir. Ayr\u0131ca Anadolu\u2019nun da bir Kelt yerle\u015fimi oldu\u011fu unutulmamal\u0131d\u0131r. Kelt paganizmi Anadolu topraklar\u0131na hi\u00e7 yabanc\u0131 de\u011fil&#8230; Trakya\u2019dan Anadolu i\u00e7lerine kadar bir\u00e7ok b\u00f6lgede var olmu\u015f olan Kelt paganizmi, hem Anadolu inan\u00e7lar\u0131 \u00fczerinde hem de Anadolu insan\u0131 \u00fczerinde \u00f6nemli kal\u0131nt\u0131lar b\u0131rakm\u0131\u015ft\u0131r. <\/p>\n","protected":false},"excerpt":{"rendered":"<p>Kuzey inan\u00e7lar\u0131 ve Germen paganizmi, bug\u00fcnk\u00fc Avrupa\u2019n\u0131n ve Bat\u0131 medeniyetinin olu\u015fmas\u0131nda \u00f6nemli bir yer tutar. \u00d6zellikle kuzey \u00fclkeleri, bug\u00fcn bile eski pagan inan\u00e7lar\u0131n\u0131 farkl\u0131 \u015fekillerde s\u00fcrd\u00fcrmeye<span class=\"excerpt-hellip\"> [\u2026]<\/span><\/p>\n","protected":false},"featured_media":0,"template":"","meta":{"_monsterinsights_skip_tracking":false,"_monsterinsights_sitenote_active":false,"_monsterinsights_sitenote_note":"","_monsterinsights_sitenote_category":0},"product_brand":[],"product_cat":[12370,12304],"product_tag":[],"class_list":{"0":"post-775801","1":"product","2":"type-product","3":"status-publish","5":"product_cat-arastirma-inceleme","6":"product_cat-tarih","7":"pa_cilt-ciltsiz","8":"pa_tur-kitap","9":"pa_yayinevi-destek-yayinlari","10":"pa_yazar-erhan-altunay","12":"first","13":"instock","14":"sale","15":"shipping-taxable","16":"purchasable","17":"product-type-simple"},"_links":{"self":[{"href":"https:\/\/roveyayinevi.com.tr\/index.php\/wp-json\/wp\/v2\/product\/775801","targetHints":{"allow":["GET"]}}],"collection":[{"href":"https:\/\/roveyayinevi.com.tr\/index.php\/wp-json\/wp\/v2\/product"}],"about":[{"href":"https:\/\/roveyayinevi.com.tr\/index.php\/wp-json\/wp\/v2\/types\/product"}],"wp:attachment":[{"href":"https:\/\/roveyayinevi.com.tr\/index.php\/wp-json\/wp\/v2\/media?parent=775801"}],"wp:term":[{"taxonomy":"product_brand","embeddable":true,"href":"https:\/\/roveyayinevi.com.tr\/index.php\/wp-json\/wp\/v2\/product_brand?post=775801"},{"taxonomy":"product_cat","embeddable":true,"href":"https:\/\/roveyayinevi.com.tr\/index.php\/wp-json\/wp\/v2\/product_cat?post=775801"},{"taxonomy":"product_tag","embeddable":true,"href":"https:\/\/roveyayinevi.com.tr\/index.php\/wp-json\/wp\/v2\/product_tag?post=775801"}],"curies":[{"name":"wp","href":"https:\/\/api.w.org\/{rel}","templated":true}]}}