{"id":775800,"date":"2025-09-15T11:23:28","date_gmt":"2025-09-15T08:23:28","guid":{"rendered":"https:\/\/roveyayinevi.com.tr\/index.php\/urun\/fetihname\/"},"modified":"2026-04-16T02:21:43","modified_gmt":"2026-04-15T23:21:43","slug":"fetihname","status":"publish","type":"product","link":"https:\/\/roveyayinevi.com.tr\/index.php\/urun\/fetihname\/","title":{"rendered":"Fetihname"},"content":{"rendered":"<p>Osmanl\u0131 Devleti&#8217;ni imparatorlu\u011fa d\u00f6n\u00fc\u015ft\u00fcren Fatih Sultan Mehmed&#8217;in (1451-1481) seferlerini, fetihlerini birinci derece bir tan\u0131\u011f\u0131n kaleminden anlatan ve d\u00fcnyada tek bir yazma n\u00fcshas\u0131 bulunan Fetihn\u00e2me, ilk kez \u00fcnl\u00fc tarih\u00e7i Franz Babinger taraf\u0131ndan 1955&#8217;te t\u0131pk\u0131bas\u0131m olarak yay\u0131mlanm\u0131\u015ft\u0131. Fatih Sultan Mehmed&#8217;in istanbul&#8217;u merkez alarak do\u011fudan bat\u0131ya, kuzeyden g\u00fcneye otuz y\u0131l boyunca aral\u0131ks\u0131z s\u00fcren seferleri, K\u0131v\u00e2m\u00ee&#8217;nin Fetihn\u00e2me&#8217;sinde manzum ve mensur bi\u00e7imde kaleme getirilmi\u015ftir. Dolay\u0131s\u0131yla yer yer destan ya da men\u00e2k\u0131bn\u00e2me havas\u0131 hissedilen eser kimi zaman da d\u00f6nemin d\u00fczyaz\u0131s\u0131ndan epik \u00f6rnekler sergiler. 15. y\u00fczy\u0131l Anadolu T\u00fcrk\u00e7esinin dil \u00f6zellikleri <\/p>\n","protected":false},"excerpt":{"rendered":"<p>Osmanl\u0131 Devleti&#8217;ni imparatorlu\u011fa d\u00f6n\u00fc\u015ft\u00fcren Fatih Sultan Mehmed&#8217;in (1451-1481) seferlerini, fetihlerini birinci derece bir tan\u0131\u011f\u0131n kaleminden anlatan ve d\u00fcnyada tek bir yazma n\u00fcshas\u0131 bulunan Fetihn\u00e2me, ilk kez<span class=\"excerpt-hellip\"> [\u2026]<\/span><\/p>\n","protected":false},"featured_media":0,"template":"","meta":{"_monsterinsights_skip_tracking":false,"_monsterinsights_sitenote_active":false,"_monsterinsights_sitenote_note":"","_monsterinsights_sitenote_category":0},"product_brand":[],"product_cat":[13517,12304],"product_tag":[],"class_list":{"0":"post-775800","1":"product","2":"type-product","3":"status-publish","5":"product_cat-osmanli-tarihi","6":"product_cat-tarih","7":"pa_cilt-ciltsiz","8":"pa_tur-kitap","9":"pa_yayinevi-yapi-kredi-yayinlari","10":"pa_yazar-kivami","12":"first","13":"instock","14":"sale","15":"shipping-taxable","16":"purchasable","17":"product-type-simple"},"_links":{"self":[{"href":"https:\/\/roveyayinevi.com.tr\/index.php\/wp-json\/wp\/v2\/product\/775800","targetHints":{"allow":["GET"]}}],"collection":[{"href":"https:\/\/roveyayinevi.com.tr\/index.php\/wp-json\/wp\/v2\/product"}],"about":[{"href":"https:\/\/roveyayinevi.com.tr\/index.php\/wp-json\/wp\/v2\/types\/product"}],"wp:attachment":[{"href":"https:\/\/roveyayinevi.com.tr\/index.php\/wp-json\/wp\/v2\/media?parent=775800"}],"wp:term":[{"taxonomy":"product_brand","embeddable":true,"href":"https:\/\/roveyayinevi.com.tr\/index.php\/wp-json\/wp\/v2\/product_brand?post=775800"},{"taxonomy":"product_cat","embeddable":true,"href":"https:\/\/roveyayinevi.com.tr\/index.php\/wp-json\/wp\/v2\/product_cat?post=775800"},{"taxonomy":"product_tag","embeddable":true,"href":"https:\/\/roveyayinevi.com.tr\/index.php\/wp-json\/wp\/v2\/product_tag?post=775800"}],"curies":[{"name":"wp","href":"https:\/\/api.w.org\/{rel}","templated":true}]}}