{"id":775799,"date":"2025-09-15T11:22:54","date_gmt":"2025-09-15T08:22:54","guid":{"rendered":"https:\/\/roveyayinevi.com.tr\/index.php\/urun\/corap-kral\/"},"modified":"2025-11-07T04:40:52","modified_gmt":"2025-11-07T01:40:52","slug":"corap-kral","status":"publish","type":"product","link":"https:\/\/roveyayinevi.com.tr\/index.php\/urun\/corap-kral\/","title":{"rendered":"\u00c7orap Kral"},"content":{"rendered":"<p>Size daha \u00f6nce kimsenin g\u00f6rmedi\u011fi bir yerden sesleniyorum. Buras\u0131 \u00f6yle bir yer ki; burada, Ay&#8217;\u0131 hap\u015f\u0131rtan g\u00f6kdelenler, mor gezegenler, konu\u015fan yast\u0131klar, \u00f6z \u00e7ekim yapan padi\u015fahlar, d\u00fcnyaya h\u00fckmeden tabletler, salyangoz kabu\u011fundan evler yapanlar, uzay gemisi kazanlar ve \u015fekerden d\u00fcnyalar var.Ger\u00e7e\u011fi G\u0131d\u0131klayan Masallar ile \u00c7orap Kral&#8217;\u0131n kraliyetine girmeye haz\u0131r m\u0131s\u0131n\u0131z? <\/p>\n","protected":false},"excerpt":{"rendered":"<p>Size daha \u00f6nce kimsenin g\u00f6rmedi\u011fi bir yerden sesleniyorum. Buras\u0131 \u00f6yle bir yer ki; burada, Ay&#8217;\u0131 hap\u015f\u0131rtan g\u00f6kdelenler, mor gezegenler, konu\u015fan yast\u0131klar, \u00f6z \u00e7ekim yapan padi\u015fahlar, d\u00fcnyaya<span class=\"excerpt-hellip\"> [\u2026]<\/span><\/p>\n","protected":false},"featured_media":0,"template":"","meta":{"_monsterinsights_skip_tracking":false,"_monsterinsights_sitenote_active":false,"_monsterinsights_sitenote_note":"","_monsterinsights_sitenote_category":0},"product_brand":[],"product_cat":[12275,12274],"product_tag":[],"class_list":{"0":"post-775799","1":"product","2":"type-product","3":"status-publish","5":"product_cat-6-12-yas-kitaplari","6":"product_cat-cocuk-ve-genclik-kitaplari","7":"pa_cilt-ciltsiz","8":"pa_tur-kitap","9":"pa_yayinevi-cezve-cocuk","10":"pa_yazar-melih-tugtag","12":"first","13":"instock","14":"sale","15":"shipping-taxable","16":"purchasable","17":"product-type-simple"},"_links":{"self":[{"href":"https:\/\/roveyayinevi.com.tr\/index.php\/wp-json\/wp\/v2\/product\/775799","targetHints":{"allow":["GET"]}}],"collection":[{"href":"https:\/\/roveyayinevi.com.tr\/index.php\/wp-json\/wp\/v2\/product"}],"about":[{"href":"https:\/\/roveyayinevi.com.tr\/index.php\/wp-json\/wp\/v2\/types\/product"}],"wp:attachment":[{"href":"https:\/\/roveyayinevi.com.tr\/index.php\/wp-json\/wp\/v2\/media?parent=775799"}],"wp:term":[{"taxonomy":"product_brand","embeddable":true,"href":"https:\/\/roveyayinevi.com.tr\/index.php\/wp-json\/wp\/v2\/product_brand?post=775799"},{"taxonomy":"product_cat","embeddable":true,"href":"https:\/\/roveyayinevi.com.tr\/index.php\/wp-json\/wp\/v2\/product_cat?post=775799"},{"taxonomy":"product_tag","embeddable":true,"href":"https:\/\/roveyayinevi.com.tr\/index.php\/wp-json\/wp\/v2\/product_tag?post=775799"}],"curies":[{"name":"wp","href":"https:\/\/api.w.org\/{rel}","templated":true}]}}