{"id":775798,"date":"2025-09-15T11:16:38","date_gmt":"2025-09-15T08:16:38","guid":{"rendered":"https:\/\/roveyayinevi.com.tr\/index.php\/urun\/dunun-belgeleriyle-yarinin-tarihi\/"},"modified":"2026-04-16T02:20:38","modified_gmt":"2026-04-15T23:20:38","slug":"dunun-belgeleriyle-yarinin-tarihi","status":"publish","type":"product","link":"https:\/\/roveyayinevi.com.tr\/index.php\/urun\/dunun-belgeleriyle-yarinin-tarihi\/","title":{"rendered":"D\u00fcn\u00fcn Belgeleriyle Yar\u0131n\u0131n Tarihi"},"content":{"rendered":"<p>Aytun\u00e7 Alt\u0131ndal y\u0131llar \u00f6nce \u00f6zellikle Ermeni meselesinde \u00c7arl\u0131k Rusyas\u0131 ile Almanya, Fransa ve \u0130ngiltere\u2019nin, Osmanl\u0131\u2019ya kar\u015f\u0131 bir plan haz\u0131rlad\u0131klar\u0131n\u0131 ve bunun i\u00e7in 1904 y\u0131l\u0131nda gizli bir anla\u015fma imzalad\u0131klar\u0131n\u0131 \u201cbelgeleri\u201d ile ortaya koydu. Vak\u0131flar sorununa 30 k\u00fcsur y\u0131l \u00f6nce i\u015faret etti, sorun bug\u00fcn T\u00fcrkiye Cumhuriyeti Devleti\u2019nin ba\u015f\u0131n\u0131 a\u011fr\u0131tan en \u00f6nemli Avrupa Birli\u011fi zorlamalar\u0131ndan biri haline geldi. \u201cErmeni \u015fantaj\u0131\u201d dedi, \u00e7\u0131kt\u0131. \u201cK\u00fcrt sorunu de\u011fil, P KK ter\u00f6r\u00fc\u201d dedi, binlerce \u015fehit verdik. \u201cG\u00fcneydo\u011fu\u2019ya \u0130spanya modeli\u201d dedi, g\u00fcndeme geldi. Daha neler neler&#8230; Alt\u0131ndal \u201cerken uyar\u0131da\u201d bulundu, \u201ci\u015faret fi\u015fekleri\u201d att\u0131. Ancak, uyar\u0131lar tarih oldu. Yaz\u0131lanlar ise ger\u00e7ek! <\/p>\n","protected":false},"excerpt":{"rendered":"<p>Aytun\u00e7 Alt\u0131ndal y\u0131llar \u00f6nce \u00f6zellikle Ermeni meselesinde \u00c7arl\u0131k Rusyas\u0131 ile Almanya, Fransa ve \u0130ngiltere\u2019nin, Osmanl\u0131\u2019ya kar\u015f\u0131 bir plan haz\u0131rlad\u0131klar\u0131n\u0131 ve bunun i\u00e7in 1904 y\u0131l\u0131nda gizli bir<span class=\"excerpt-hellip\"> [\u2026]<\/span><\/p>\n","protected":false},"featured_media":0,"template":"","meta":{"_monsterinsights_skip_tracking":false,"_monsterinsights_sitenote_active":false,"_monsterinsights_sitenote_note":"","_monsterinsights_sitenote_category":0},"product_brand":[],"product_cat":[12370,12304],"product_tag":[],"class_list":{"0":"post-775798","1":"product","2":"type-product","3":"status-publish","5":"product_cat-arastirma-inceleme","6":"product_cat-tarih","7":"pa_cilt-ciltsiz","8":"pa_tur-kitap","9":"pa_yayinevi-destek-yayinlari","10":"pa_yazar-aytunc-altindal","12":"first","13":"instock","14":"sale","15":"shipping-taxable","16":"purchasable","17":"product-type-simple"},"_links":{"self":[{"href":"https:\/\/roveyayinevi.com.tr\/index.php\/wp-json\/wp\/v2\/product\/775798","targetHints":{"allow":["GET"]}}],"collection":[{"href":"https:\/\/roveyayinevi.com.tr\/index.php\/wp-json\/wp\/v2\/product"}],"about":[{"href":"https:\/\/roveyayinevi.com.tr\/index.php\/wp-json\/wp\/v2\/types\/product"}],"wp:attachment":[{"href":"https:\/\/roveyayinevi.com.tr\/index.php\/wp-json\/wp\/v2\/media?parent=775798"}],"wp:term":[{"taxonomy":"product_brand","embeddable":true,"href":"https:\/\/roveyayinevi.com.tr\/index.php\/wp-json\/wp\/v2\/product_brand?post=775798"},{"taxonomy":"product_cat","embeddable":true,"href":"https:\/\/roveyayinevi.com.tr\/index.php\/wp-json\/wp\/v2\/product_cat?post=775798"},{"taxonomy":"product_tag","embeddable":true,"href":"https:\/\/roveyayinevi.com.tr\/index.php\/wp-json\/wp\/v2\/product_tag?post=775798"}],"curies":[{"name":"wp","href":"https:\/\/api.w.org\/{rel}","templated":true}]}}