{"id":775797,"date":"2025-09-15T10:50:59","date_gmt":"2025-09-15T07:50:59","guid":{"rendered":"https:\/\/roveyayinevi.com.tr\/index.php\/urun\/sevilen-hayvanlar-serisi-duz-yazili-1-sinif-10-kitap-set\/"},"modified":"2026-04-16T02:16:44","modified_gmt":"2026-04-15T23:16:44","slug":"sevilen-hayvanlar-serisi-duz-yazili-1-sinif-10-kitap-set","status":"publish","type":"product","link":"https:\/\/roveyayinevi.com.tr\/index.php\/urun\/sevilen-hayvanlar-serisi-duz-yazili-1-sinif-10-kitap-set\/","title":{"rendered":"Sevilen Hayvanlar Serisi D\u00fcz Yaz\u0131l\u0131 1. S\u0131n\u0131f (10 Kitap Set)"},"content":{"rendered":"<p>\ufffcTan\u0131t\u0131m Metni<\/p>\n","protected":false},"excerpt":{"rendered":"<p>\ufffcTan\u0131t\u0131m Metni<\/p>\n","protected":false},"featured_media":0,"template":"","meta":{"_monsterinsights_skip_tracking":false,"_monsterinsights_sitenote_active":false,"_monsterinsights_sitenote_note":"","_monsterinsights_sitenote_category":0},"product_brand":[],"product_cat":[26663],"product_tag":[],"class_list":{"0":"post-775797","1":"product","2":"type-product","3":"status-publish","5":"product_cat-undefined","6":"pa_tur-kitap","7":"pa_yayinevi-yuva-yayinlari","8":"pa_yazar-kolektif","10":"first","11":"instock","12":"sale","13":"shipping-taxable","14":"purchasable","15":"product-type-simple"},"_links":{"self":[{"href":"https:\/\/roveyayinevi.com.tr\/index.php\/wp-json\/wp\/v2\/product\/775797","targetHints":{"allow":["GET"]}}],"collection":[{"href":"https:\/\/roveyayinevi.com.tr\/index.php\/wp-json\/wp\/v2\/product"}],"about":[{"href":"https:\/\/roveyayinevi.com.tr\/index.php\/wp-json\/wp\/v2\/types\/product"}],"wp:attachment":[{"href":"https:\/\/roveyayinevi.com.tr\/index.php\/wp-json\/wp\/v2\/media?parent=775797"}],"wp:term":[{"taxonomy":"product_brand","embeddable":true,"href":"https:\/\/roveyayinevi.com.tr\/index.php\/wp-json\/wp\/v2\/product_brand?post=775797"},{"taxonomy":"product_cat","embeddable":true,"href":"https:\/\/roveyayinevi.com.tr\/index.php\/wp-json\/wp\/v2\/product_cat?post=775797"},{"taxonomy":"product_tag","embeddable":true,"href":"https:\/\/roveyayinevi.com.tr\/index.php\/wp-json\/wp\/v2\/product_tag?post=775797"}],"curies":[{"name":"wp","href":"https:\/\/api.w.org\/{rel}","templated":true}]}}