{"id":775796,"date":"2025-09-15T10:35:44","date_gmt":"2025-09-15T07:35:44","guid":{"rendered":"https:\/\/roveyayinevi.com.tr\/index.php\/urun\/elon-musk-3\/"},"modified":"2026-04-16T02:14:26","modified_gmt":"2026-04-15T23:14:26","slug":"elon-musk-3","status":"publish","type":"product","link":"https:\/\/roveyayinevi.com.tr\/index.php\/urun\/elon-musk-3\/","title":{"rendered":"Elon Musk"},"content":{"rendered":"<p>New York Times Bestseller The Wall Street Journal, NPR, Audible ve Amazon taraf\u0131ndan y\u0131l\u0131n en iyi kitaplar\u0131ndan biri olarak g\u00f6sterilmi\u015ftir. Bu kitap; 1971 do\u011fumlu gen\u00e7 bir giri\u015fimcinin \u015firketleri ile d\u00fcnyadaki otomotiv, uzay-havac\u0131l\u0131k ve enerji sekt\u00f6rlerindeki yerle\u015fik d\u00fczene meydan okumas\u0131n\u0131n s\u0131ra d\u0131\u015f\u0131 hik\u00e2yesidir. Elon Musk, X.com ve PayPal\u2019in kurucular\u0131ndand\u0131r ve sonraki d\u00f6nemde Tesla ile sadece elektrikle giden 500 km menzilli ve 100km\/sa h\u0131za sadece 2,9 saniyede \u00e7\u0131kan muhte\u015fem otomobiller \u00fcretmi\u015ftir. SpaceX ile uzay ta\u015f\u0131mac\u0131l\u0131\u011f\u0131n\u0131n maliyetlerini \u00e7ok b\u00fcy\u00fck oranda d\u00fc\u015f\u00fcrerek d\u00fcnya devlerine meydan okumu\u015f ve yak\u0131n gelecekte Mars\u2019a insan yollayabilecek en muhtemel \u015firketi yaratm\u0131\u015ft\u0131r. Ayr\u0131ca ABD\u2019deki en b\u00fcy\u00fck g\u00fcne\u015f enerjisi \u015firketi SolarCity\u2019nin en b\u00fcy\u00fck orta\u011f\u0131 ve ba\u015fkan\u0131d\u0131r. Ashlee Vance, 300\u2019e yak\u0131n insanla konu\u015farak ve Elon Musk ile 30 saatten fazla birebir g\u00f6r\u00fc\u015fme yaparak bu \u00e7arp\u0131c\u0131 ve ilham verici hayat hik\u00e2yesini okurlarla bulu\u015fturuyor. Hayat\u0131n\u0131, d\u00fcnyay\u0131 fosil yak\u0131tlara mahk\u00fbm olmaktan kurtarmaya adayan Elon Musk\u2019\u0131n \u00f6n\u00fcne \u00e7\u0131kan engeller, b\u00fcy\u00fck ba\u015far\u0131lar\u0131 ve ya\u015fad\u0131klar\u0131 daha iyi bir gelece\u011fin hayalini kuran giri\u015fimci, m\u00fchendis, siyaset\u00e7i, e\u011fitimci ve gen\u00e7ler i\u00e7in motivasyon kayna\u011f\u0131 olacakt\u0131r.   Kitab\u0131n sonlar\u0131na do\u011fru herhangi bir okuyucu Steve Jobs ile Musk\u2019\u0131 k\u0131yaslama ihtiyac\u0131 hissedecektir. Musk\u2019a f\u0131rsat verin. Kimse onun gibi olamaz. The New York Times   Ashlee Vance&#8217;\u0131n yeni kitab\u0131, &#8216;Elon Musk: Tesla, SpaceX ve Muhte\u015fem Gelece\u011fin Pe\u015finde&#8217; tart\u0131\u015fmas\u0131z d\u00fcnyan\u0131n en \u00f6nemli giri\u015fimcisinin hayat\u0131na muazzam bir bak\u0131\u015f sunuyor.   The Washington Post   Elon Musk tam kafa dengim: Risk alan, ba\u015far\u0131s\u0131zl\u0131ktan korkmayan ve insanl\u0131\u011fa parlak bir gelecek sa\u011flamak i\u00e7in s\u00fcrekli \u00e7al\u0131\u015fan biri. Ashlee Vance, Musk\u2019\u0131n harikulade hayat hikayesini ve engel nedir bilmez ruhunu y\u0131ld\u0131zlarla dolu bir biyografiyle sunuyor.   Richard Branson, Virgin Grup\u2019un Kurucusu   Y\u0131llard\u0131r okudu\u011fum en iyi i\u015f d\u00fcnyas\u0131 kitab\u0131. <\/p>\n","protected":false},"excerpt":{"rendered":"<p>New York Times Bestseller The Wall Street Journal, NPR, Audible ve Amazon taraf\u0131ndan y\u0131l\u0131n en iyi kitaplar\u0131ndan biri olarak g\u00f6sterilmi\u015ftir. Bu kitap; 1971 do\u011fumlu gen\u00e7 bir<span class=\"excerpt-hellip\"> [\u2026]<\/span><\/p>\n","protected":false},"featured_media":0,"template":"","meta":{"_monsterinsights_skip_tracking":false,"_monsterinsights_sitenote_active":false,"_monsterinsights_sitenote_note":"","_monsterinsights_sitenote_category":0},"product_brand":[],"product_cat":[14009,12291],"product_tag":[],"class_list":{"0":"post-775796","1":"product","2":"type-product","3":"status-publish","5":"product_cat-biyografi-otobiyografi-edebiyat","6":"product_cat-edebiyat","7":"pa_cilt-ciltsiz","8":"pa_tur-kitap","9":"pa_yayinevi-buzdagi-yayinlari","10":"pa_yazar-ashlee-vance","12":"first","13":"instock","14":"sale","15":"shipping-taxable","16":"purchasable","17":"product-type-simple"},"_links":{"self":[{"href":"https:\/\/roveyayinevi.com.tr\/index.php\/wp-json\/wp\/v2\/product\/775796","targetHints":{"allow":["GET"]}}],"collection":[{"href":"https:\/\/roveyayinevi.com.tr\/index.php\/wp-json\/wp\/v2\/product"}],"about":[{"href":"https:\/\/roveyayinevi.com.tr\/index.php\/wp-json\/wp\/v2\/types\/product"}],"wp:attachment":[{"href":"https:\/\/roveyayinevi.com.tr\/index.php\/wp-json\/wp\/v2\/media?parent=775796"}],"wp:term":[{"taxonomy":"product_brand","embeddable":true,"href":"https:\/\/roveyayinevi.com.tr\/index.php\/wp-json\/wp\/v2\/product_brand?post=775796"},{"taxonomy":"product_cat","embeddable":true,"href":"https:\/\/roveyayinevi.com.tr\/index.php\/wp-json\/wp\/v2\/product_cat?post=775796"},{"taxonomy":"product_tag","embeddable":true,"href":"https:\/\/roveyayinevi.com.tr\/index.php\/wp-json\/wp\/v2\/product_tag?post=775796"}],"curies":[{"name":"wp","href":"https:\/\/api.w.org\/{rel}","templated":true}]}}