{"id":775790,"date":"2025-09-13T22:12:29","date_gmt":"2025-09-13T19:12:29","guid":{"rendered":"https:\/\/roveyayinevi.com.tr\/index.php\/urun\/zamani-gelince-bir-gunum-kitap-ve-oyun-seti\/"},"modified":"2026-04-15T03:42:32","modified_gmt":"2026-04-15T00:42:32","slug":"zamani-gelince-bir-gunum-kitap-ve-oyun-seti","status":"publish","type":"product","link":"https:\/\/roveyayinevi.com.tr\/index.php\/urun\/zamani-gelince-bir-gunum-kitap-ve-oyun-seti\/","title":{"rendered":"Zaman\u0131 Gelince &#8211; Bir G\u00fcn\u00fcm (Kitap ve Oyun Seti)"},"content":{"rendered":"<p>Zaman\u0131 ke\u015ffetmeye haz\u0131r m\u0131s\u0131n?Minik Ay\u0131c\u0131k&#8217;\u0131n bir g\u00fcn\u00fcnde ona e\u015flik edelim ve g\u00fcn\u00fcn her saatinden nas\u0131l keyif ald\u0131\u011f\u0131n\u0131 birlikte g\u00f6relim.Bu oyun setinde seni neler bekliyor:\u2013 Bir adet kal\u0131n karton hikaye kitab\u0131\u2013 Bir adet saatli, yuvarlak \u015fekilli yapboz<\/p>\n","protected":false},"excerpt":{"rendered":"<p>Zaman\u0131 ke\u015ffetmeye haz\u0131r m\u0131s\u0131n?Minik Ay\u0131c\u0131k&#8217;\u0131n bir g\u00fcn\u00fcnde ona e\u015flik edelim ve g\u00fcn\u00fcn her saatinden nas\u0131l keyif ald\u0131\u011f\u0131n\u0131 birlikte g\u00f6relim.Bu oyun setinde seni neler bekliyor:\u2013 Bir adet<span class=\"excerpt-hellip\"> [\u2026]<\/span><\/p>\n","protected":false},"featured_media":0,"template":"","meta":{"_monsterinsights_skip_tracking":false,"_monsterinsights_sitenote_active":false,"_monsterinsights_sitenote_note":"","_monsterinsights_sitenote_category":0},"product_brand":[],"product_cat":[12274,17859],"product_tag":[],"class_list":{"0":"post-775790","1":"product","2":"type-product","3":"status-publish","5":"product_cat-cocuk-ve-genclik-kitaplari","6":"product_cat-oyun-kitaplari","7":"pa_cilt-set","8":"pa_tur-kitap","9":"pa_yayinevi-bi-kutu-oyun","10":"pa_yazar-komisyon","12":"first","13":"instock","14":"sale","15":"shipping-taxable","16":"purchasable","17":"product-type-simple"},"_links":{"self":[{"href":"https:\/\/roveyayinevi.com.tr\/index.php\/wp-json\/wp\/v2\/product\/775790","targetHints":{"allow":["GET"]}}],"collection":[{"href":"https:\/\/roveyayinevi.com.tr\/index.php\/wp-json\/wp\/v2\/product"}],"about":[{"href":"https:\/\/roveyayinevi.com.tr\/index.php\/wp-json\/wp\/v2\/types\/product"}],"wp:attachment":[{"href":"https:\/\/roveyayinevi.com.tr\/index.php\/wp-json\/wp\/v2\/media?parent=775790"}],"wp:term":[{"taxonomy":"product_brand","embeddable":true,"href":"https:\/\/roveyayinevi.com.tr\/index.php\/wp-json\/wp\/v2\/product_brand?post=775790"},{"taxonomy":"product_cat","embeddable":true,"href":"https:\/\/roveyayinevi.com.tr\/index.php\/wp-json\/wp\/v2\/product_cat?post=775790"},{"taxonomy":"product_tag","embeddable":true,"href":"https:\/\/roveyayinevi.com.tr\/index.php\/wp-json\/wp\/v2\/product_tag?post=775790"}],"curies":[{"name":"wp","href":"https:\/\/api.w.org\/{rel}","templated":true}]}}