{"id":775786,"date":"2025-09-13T22:12:19","date_gmt":"2025-09-13T19:12:19","guid":{"rendered":"https:\/\/roveyayinevi.com.tr\/index.php\/urun\/biri-beni-alkislasin\/"},"modified":"2026-04-03T03:33:06","modified_gmt":"2026-04-03T00:33:06","slug":"biri-beni-alkislasin","status":"publish","type":"product","link":"https:\/\/roveyayinevi.com.tr\/index.php\/urun\/biri-beni-alkislasin\/","title":{"rendered":"Biri Beni Alk\u0131\u015flas\u0131n"},"content":{"rendered":"<p>Ali\u2019nin en sevdi\u011fi ders \u0130ngilizce\u2026 ama kelimeleri sahnede y\u00fcksek sesle hecelemek mi? \u0130\u015fte orada i\u015fler de\u011fi\u015fiyor! Yanl\u0131\u015f yapma korkusu, titreyen elleri ve akl\u0131nda birbirine kar\u0131\u015fan harflerle yar\u0131\u015fma hayali sanki imk\u00e2ns\u0131z g\u00f6r\u00fcn\u00fcyor. Neyse ki yan\u0131nda, kelimeleri e\u011flenceli bir oyuna d\u00f6n\u00fc\u015ft\u00fcren en yak\u0131n arkada\u015f\u0131 Selim var. Ya bir g\u00fcn, beklenmedik bir f\u0131rsat onu yeniden sahneye \u00e7a\u011f\u0131r\u0131rsa? Ali, bu kez sadece kelimeleri de\u011fil, kalbinin i\u00e7indeki en b\u00fcy\u00fck heceyi bulabilecek mi? Yani&#8230; Cesareti.<\/p>\n","protected":false},"excerpt":{"rendered":"<p>Ali\u2019nin en sevdi\u011fi ders \u0130ngilizce\u2026 ama kelimeleri sahnede y\u00fcksek sesle hecelemek mi? \u0130\u015fte orada i\u015fler de\u011fi\u015fiyor! Yanl\u0131\u015f yapma korkusu, titreyen elleri ve akl\u0131nda birbirine kar\u0131\u015fan harflerle<span class=\"excerpt-hellip\"> [\u2026]<\/span><\/p>\n","protected":false},"featured_media":0,"template":"","meta":{"_monsterinsights_skip_tracking":false,"_monsterinsights_sitenote_active":false,"_monsterinsights_sitenote_note":"","_monsterinsights_sitenote_category":0},"product_brand":[],"product_cat":[12274,12284],"product_tag":[],"class_list":{"0":"post-775786","1":"product","2":"type-product","3":"status-publish","5":"product_cat-cocuk-ve-genclik-kitaplari","6":"product_cat-hikayeler","7":"pa_cilt-ciltsiz","8":"pa_tur-kitap","9":"pa_yayinevi-timas-cocuk","10":"pa_yazar-cihan-celik-sena-oncel-ozsoy","12":"first","13":"instock","14":"sale","15":"shipping-taxable","16":"purchasable","17":"product-type-simple"},"_links":{"self":[{"href":"https:\/\/roveyayinevi.com.tr\/index.php\/wp-json\/wp\/v2\/product\/775786","targetHints":{"allow":["GET"]}}],"collection":[{"href":"https:\/\/roveyayinevi.com.tr\/index.php\/wp-json\/wp\/v2\/product"}],"about":[{"href":"https:\/\/roveyayinevi.com.tr\/index.php\/wp-json\/wp\/v2\/types\/product"}],"wp:attachment":[{"href":"https:\/\/roveyayinevi.com.tr\/index.php\/wp-json\/wp\/v2\/media?parent=775786"}],"wp:term":[{"taxonomy":"product_brand","embeddable":true,"href":"https:\/\/roveyayinevi.com.tr\/index.php\/wp-json\/wp\/v2\/product_brand?post=775786"},{"taxonomy":"product_cat","embeddable":true,"href":"https:\/\/roveyayinevi.com.tr\/index.php\/wp-json\/wp\/v2\/product_cat?post=775786"},{"taxonomy":"product_tag","embeddable":true,"href":"https:\/\/roveyayinevi.com.tr\/index.php\/wp-json\/wp\/v2\/product_tag?post=775786"}],"curies":[{"name":"wp","href":"https:\/\/api.w.org\/{rel}","templated":true}]}}