{"id":775785,"date":"2025-09-13T22:12:17","date_gmt":"2025-09-13T19:12:17","guid":{"rendered":"https:\/\/roveyayinevi.com.tr\/index.php\/urun\/anne-biz-uzayli-miyiz\/"},"modified":"2026-04-15T03:42:32","modified_gmt":"2026-04-15T00:42:32","slug":"anne-biz-uzayli-miyiz","status":"publish","type":"product","link":"https:\/\/roveyayinevi.com.tr\/index.php\/urun\/anne-biz-uzayli-miyiz\/","title":{"rendered":"Anne Biz Uzayl\u0131 m\u0131y\u0131z?"},"content":{"rendered":"<p>KAR\u015eINIZDA YERY\u00dcZ\u00dcN\u00dcN EN G\u00dcR\u00dcLT\u00dcC\u00dc A\u0130LES\u0130!Kimileri onlardan \u201cTINGIRTI A\u0130LES\u0130\u201d diye s\u00f6z ediyor. Kimileri ise onlar\u0131n ba\u015fka bir gezegenden geldi\u011fine inan\u0131yor.Hepsinin kendi \u201cm\u00fckemmel\u201d ba\u015far\u0131s\u0131zl\u0131klar\u0131 ve \u201cm\u00fckemmel\u201d hayalleri var. Bu hayaller ve ba\u015far\u0131s\u0131zl\u0131klar birle\u015fince ortal\u0131k biraz kar\u0131\u015f\u0131yor ama onlar vazge\u00e7mek nedir bilmiyor.\u201cAnne Biz Uzayl\u0131 m\u0131y\u0131z?\u201d size s\u0131ra d\u0131\u015f\u0131 bir ailenin e\u011flenceli, komik ve i\u00e7ten i\u00e7e y\u00fcre\u011finize dokunacak \u00f6yk\u00fcs\u00fcn\u00fc anlat\u0131yor.PEK\u0130 S\u0130ZCE ONLAR UZAYLI MI? HAD\u0130, KEND\u0130 G\u00d6ZLER \u0130N\u0130ZLE G\u00d6R\u00dcN.<\/p>\n","protected":false},"excerpt":{"rendered":"<p>KAR\u015eINIZDA YERY\u00dcZ\u00dcN\u00dcN EN G\u00dcR\u00dcLT\u00dcC\u00dc A\u0130LES\u0130!Kimileri onlardan \u201cTINGIRTI A\u0130LES\u0130\u201d diye s\u00f6z ediyor. Kimileri ise onlar\u0131n ba\u015fka bir gezegenden geldi\u011fine inan\u0131yor.Hepsinin kendi \u201cm\u00fckemmel\u201d ba\u015far\u0131s\u0131zl\u0131klar\u0131 ve \u201cm\u00fckemmel\u201d hayalleri var.<span class=\"excerpt-hellip\"> [\u2026]<\/span><\/p>\n","protected":false},"featured_media":0,"template":"","meta":{"_monsterinsights_skip_tracking":false,"_monsterinsights_sitenote_active":false,"_monsterinsights_sitenote_note":"","_monsterinsights_sitenote_category":0},"product_brand":[],"product_cat":[12274,12284],"product_tag":[],"class_list":{"0":"post-775785","1":"product","2":"type-product","3":"status-publish","5":"product_cat-cocuk-ve-genclik-kitaplari","6":"product_cat-hikayeler","7":"pa_cilt-ciltsiz","8":"pa_tur-kitap","9":"pa_yayinevi-timas-cocuk","10":"pa_yazar-omur-uzel","12":"first","13":"instock","14":"sale","15":"shipping-taxable","16":"purchasable","17":"product-type-simple"},"_links":{"self":[{"href":"https:\/\/roveyayinevi.com.tr\/index.php\/wp-json\/wp\/v2\/product\/775785","targetHints":{"allow":["GET"]}}],"collection":[{"href":"https:\/\/roveyayinevi.com.tr\/index.php\/wp-json\/wp\/v2\/product"}],"about":[{"href":"https:\/\/roveyayinevi.com.tr\/index.php\/wp-json\/wp\/v2\/types\/product"}],"wp:attachment":[{"href":"https:\/\/roveyayinevi.com.tr\/index.php\/wp-json\/wp\/v2\/media?parent=775785"}],"wp:term":[{"taxonomy":"product_brand","embeddable":true,"href":"https:\/\/roveyayinevi.com.tr\/index.php\/wp-json\/wp\/v2\/product_brand?post=775785"},{"taxonomy":"product_cat","embeddable":true,"href":"https:\/\/roveyayinevi.com.tr\/index.php\/wp-json\/wp\/v2\/product_cat?post=775785"},{"taxonomy":"product_tag","embeddable":true,"href":"https:\/\/roveyayinevi.com.tr\/index.php\/wp-json\/wp\/v2\/product_tag?post=775785"}],"curies":[{"name":"wp","href":"https:\/\/api.w.org\/{rel}","templated":true}]}}