{"id":775779,"date":"2025-09-13T22:12:07","date_gmt":"2025-09-13T19:12:07","guid":{"rendered":"https:\/\/roveyayinevi.com.tr\/index.php\/urun\/kalp-kirikligi-kitabi\/"},"modified":"2026-04-15T03:42:32","modified_gmt":"2026-04-15T00:42:32","slug":"kalp-kirikligi-kitabi","status":"publish","type":"product","link":"https:\/\/roveyayinevi.com.tr\/index.php\/urun\/kalp-kirikligi-kitabi\/","title":{"rendered":"Kalp K\u0131r\u0131kl\u0131\u011f\u0131 Kitab\u0131"},"content":{"rendered":"<p>A\u015fk.Kalbimi kedere bo\u011farak \u00f6ld\u00fcren \u015feydi ama ayn\u0131 zamanda beni hayatta tutan da oydu.Sare amans\u0131z bir lanetle d\u00fcnyaya geldi: On sekiz ya\u015f\u0131na basmadan kalbi be\u015f kez k\u0131r\u0131l\u0131rsa hayat\u0131 sona erecek. Annesinin \u00f6l\u00fcm\u00fcyle d\u00f6rd\u00fcnc\u00fc kalp k\u0131r\u0131kl\u0131\u011f\u0131 \u00e7oktan ruhuna i\u015flendi, be\u015fincisiyse onun sonu olmak \u00fczere.Cevaps\u0131z kalm\u0131\u015f her soru, Sare\u2019nin kendini bulaca\u011f\u0131 bir yolculu\u011fa davet: Bu lanet nereden geldi? Neden o se\u00e7ildi? Ve en \u00f6nemlisi, bu yazg\u0131y\u0131 bozman\u0131n bir yolu var m\u0131?S\u0131rlar\u0131n izinde \u0130stanbul\u2019a varan Sare, gizemli Leon\u2019la tan\u0131\u015f\u0131nca onunla ge\u00e7mi\u015fin g\u00f6lgeleriyle \u00f6r\u00fcl\u00fc bir ser\u00fcvene at\u0131l\u0131r. Ancak Sare\u2019nin kalbi, Leon\u2019u tan\u0131d\u0131k\u00e7a zarar g\u00f6rme tehlikesiyle kar\u015f\u0131 kar\u015f\u0131ya kal\u0131r. Oysa Sare\u2019nin hik\u00e2yesinde \u00e2\u015f\u0131k olmak, her \u015feyi riske atmak demek. Ama onun ya\u015famak i\u00e7in ba\u015fka se\u00e7ene\u011fi yok.Ova Ceren\u2019in ilk roman\u0131 Kalp K\u0131r\u0131kl\u0131\u011f\u0131 Kitab\u0131, Ayasofya\u2019dan K\u0131z Kulesi\u2019ne, \u00dcsk\u00fcdar sokaklar\u0131ndan Prens Adalar\u0131\u2019na uzanan heyecan dolu bir yolculuk&#8230; Meleklerle, lanetlerle ve ge\u00e7mi\u015fin izlerini ta\u015f\u0131yan bir \u015fehirle bezeli b\u00fcy\u00fcl\u00fc bir anlat\u0131&#8230;<\/p>\n","protected":false},"excerpt":{"rendered":"<p>A\u015fk.Kalbimi kedere bo\u011farak \u00f6ld\u00fcren \u015feydi ama ayn\u0131 zamanda beni hayatta tutan da oydu.Sare amans\u0131z bir lanetle d\u00fcnyaya geldi: On sekiz ya\u015f\u0131na basmadan kalbi be\u015f kez k\u0131r\u0131l\u0131rsa<span class=\"excerpt-hellip\"> [\u2026]<\/span><\/p>\n","protected":false},"featured_media":0,"template":"","meta":{"_monsterinsights_skip_tracking":false,"_monsterinsights_sitenote_active":false,"_monsterinsights_sitenote_note":"","_monsterinsights_sitenote_category":0},"product_brand":[],"product_cat":[12291,12711],"product_tag":[],"class_list":{"0":"post-775779","1":"product","2":"type-product","3":"status-publish","5":"product_cat-edebiyat","6":"product_cat-roman-oyku","7":"pa_cilt-ciltsiz","8":"pa_tur-kitap","9":"pa_yayinevi-yuzu-kitap","10":"pa_yazar-ova-ceren","12":"first","13":"instock","14":"sale","15":"shipping-taxable","16":"purchasable","17":"product-type-simple"},"_links":{"self":[{"href":"https:\/\/roveyayinevi.com.tr\/index.php\/wp-json\/wp\/v2\/product\/775779","targetHints":{"allow":["GET"]}}],"collection":[{"href":"https:\/\/roveyayinevi.com.tr\/index.php\/wp-json\/wp\/v2\/product"}],"about":[{"href":"https:\/\/roveyayinevi.com.tr\/index.php\/wp-json\/wp\/v2\/types\/product"}],"wp:attachment":[{"href":"https:\/\/roveyayinevi.com.tr\/index.php\/wp-json\/wp\/v2\/media?parent=775779"}],"wp:term":[{"taxonomy":"product_brand","embeddable":true,"href":"https:\/\/roveyayinevi.com.tr\/index.php\/wp-json\/wp\/v2\/product_brand?post=775779"},{"taxonomy":"product_cat","embeddable":true,"href":"https:\/\/roveyayinevi.com.tr\/index.php\/wp-json\/wp\/v2\/product_cat?post=775779"},{"taxonomy":"product_tag","embeddable":true,"href":"https:\/\/roveyayinevi.com.tr\/index.php\/wp-json\/wp\/v2\/product_tag?post=775779"}],"curies":[{"name":"wp","href":"https:\/\/api.w.org\/{rel}","templated":true}]}}