{"id":775776,"date":"2025-09-13T22:12:03","date_gmt":"2025-09-13T19:12:03","guid":{"rendered":"https:\/\/roveyayinevi.com.tr\/index.php\/urun\/ada-ve-esrarengiz-ayna\/"},"modified":"2026-04-15T03:42:32","modified_gmt":"2026-04-15T00:42:32","slug":"ada-ve-esrarengiz-ayna","status":"publish","type":"product","link":"https:\/\/roveyayinevi.com.tr\/index.php\/urun\/ada-ve-esrarengiz-ayna\/","title":{"rendered":"Ada ve Esrarengiz Ayna"},"content":{"rendered":"<p>Ada&#8217;n\u0131n tek istedi\u011fi, kitaplar\u0131yla ba\u015f ba\u015fa kalabilece\u011fi huzurlu bir k\u00f6\u015feydi. Ama \u00e7at\u0131 kat\u0131ndaki aynada kar\u015f\u0131la\u015ft\u0131\u011f\u0131 yans\u0131mas\u0131n\u0131n, her \u015feyi alt\u00fcst edece\u011fini nereden bilebilirdi?Onun tam z\u0131tt\u0131 olan di\u011fer Ada, okulda pop\u00fcler olmay\u0131, dikkat \u00e7ekmeyi ve arkada\u015f edinmeyi \u00e7ok iyi biliyor. Peki ya Ada, yapmaktan ho\u015flanmad\u0131\u011f\u0131 \u015feylerde yerine yans\u0131mas\u0131n\u0131 ge\u00e7irirse&#8230;Ba\u015fta e\u011flenceli gibi g\u00f6r\u00fcnen bu k\u00fc\u00e7\u00fck yer de\u011fi\u015ftirme oyunu, \u00e7ok ge\u00e7meden Ada&#8217;y\u0131 beklenmedik sorunlarla kar\u015f\u0131 kar\u015f\u0131ya b\u0131rak\u0131r. Fakat asil cevaplanmas\u0131 gereken daha \u00f6nemli sorular vard\u0131r: Herkes gibi olmaya \u00e7al\u0131\u015fmak m\u0131 yoksa kendin olmak m\u0131?Arkada\u015fl\u0131k, aile, \u00f6zg\u00fcven temal\u0131, e\u011flenceli ve gizemli bir kendini tan\u0131ma maceras\u0131&#8230;<\/p>\n","protected":false},"excerpt":{"rendered":"<p>Ada&#8217;n\u0131n tek istedi\u011fi, kitaplar\u0131yla ba\u015f ba\u015fa kalabilece\u011fi huzurlu bir k\u00f6\u015feydi. Ama \u00e7at\u0131 kat\u0131ndaki aynada kar\u015f\u0131la\u015ft\u0131\u011f\u0131 yans\u0131mas\u0131n\u0131n, her \u015feyi alt\u00fcst edece\u011fini nereden bilebilirdi?Onun tam z\u0131tt\u0131 olan di\u011fer<span class=\"excerpt-hellip\"> [\u2026]<\/span><\/p>\n","protected":false},"featured_media":0,"template":"","meta":{"_monsterinsights_skip_tracking":false,"_monsterinsights_sitenote_active":false,"_monsterinsights_sitenote_note":"","_monsterinsights_sitenote_category":0},"product_brand":[],"product_cat":[141304],"product_tag":[],"class_list":{"0":"post-775776","1":"product","2":"type-product","3":"status-publish","5":"product_cat-yeni-cikanlar","6":"pa_cilt-ciltsiz","7":"pa_tur-kitap","8":"pa_yayinevi-carpe-diem-kitaplari","9":"pa_yazar-lucia-stipari","11":"first","12":"instock","13":"sale","14":"shipping-taxable","15":"purchasable","16":"product-type-simple"},"_links":{"self":[{"href":"https:\/\/roveyayinevi.com.tr\/index.php\/wp-json\/wp\/v2\/product\/775776","targetHints":{"allow":["GET"]}}],"collection":[{"href":"https:\/\/roveyayinevi.com.tr\/index.php\/wp-json\/wp\/v2\/product"}],"about":[{"href":"https:\/\/roveyayinevi.com.tr\/index.php\/wp-json\/wp\/v2\/types\/product"}],"wp:attachment":[{"href":"https:\/\/roveyayinevi.com.tr\/index.php\/wp-json\/wp\/v2\/media?parent=775776"}],"wp:term":[{"taxonomy":"product_brand","embeddable":true,"href":"https:\/\/roveyayinevi.com.tr\/index.php\/wp-json\/wp\/v2\/product_brand?post=775776"},{"taxonomy":"product_cat","embeddable":true,"href":"https:\/\/roveyayinevi.com.tr\/index.php\/wp-json\/wp\/v2\/product_cat?post=775776"},{"taxonomy":"product_tag","embeddable":true,"href":"https:\/\/roveyayinevi.com.tr\/index.php\/wp-json\/wp\/v2\/product_tag?post=775776"}],"curies":[{"name":"wp","href":"https:\/\/api.w.org\/{rel}","templated":true}]}}