{"id":775775,"date":"2025-09-13T22:12:01","date_gmt":"2025-09-13T19:12:01","guid":{"rendered":"https:\/\/roveyayinevi.com.tr\/index.php\/urun\/ey-ogul\/"},"modified":"2026-04-15T03:42:32","modified_gmt":"2026-04-15T00:42:32","slug":"ey-ogul","status":"publish","type":"product","link":"https:\/\/roveyayinevi.com.tr\/index.php\/urun\/ey-ogul\/","title":{"rendered":"Ey O\u011ful"},"content":{"rendered":"<p>Ey O\u011ful!Tasavvufun ba\u015fl\u0131ca iki \u00f6zelli\u011finin oldu\u011funu bil! \u0130stikamet ve mahluk\u00e2ta kar\u015f\u0131 ciddiyet. Her kim istikamet \u00fczere olur, insanlara kar\u015f\u0131 g\u00fczel ahlak\u0131 ku\u015fan\u0131r ve onlara m\u00fcsamaha ile yakla\u015f\u0131rsa i\u015fte o ki\u015fi sufidir.Elinizdeki bu k\u0131ymetli eserin ilk b\u00f6l\u00fcm\u00fc, b\u00fcy\u00fck \u0130slam d\u00fc\u015f\u00fcn\u00fcr\u00fc \u0130mam Gazz\u00e2l\u00ee\u2019nin bir \u00f6\u011frencisinin samimi sorusu \u00fczerine kaleme ald\u0131\u011f\u0131 Eyy\u00fche\u2019l-Veled adl\u0131 me\u015fhur eseridir. Bu eser, sadece bir nasihatname olman\u0131n \u00f6tesinde; e\u011fitim, ahlak ve ilim yolunun t\u00fcm inceliklerini anlatmaktad\u0131r.Nizamiye Medreselerinin me\u015fhur hocas\u0131 Gazz\u00e2l\u00ee, Ey O\u011ful kitab\u0131nda ilmin yaln\u0131zca teoriden ibaret olmad\u0131\u011f\u0131n\u0131, ahlak ve irfanla tamamlanmas\u0131 gerekti\u011fini etkileyici bir dille aktar\u0131r. Bu y\u00f6n\u00fcyle eser, bug\u00fcn\u00fcn e\u011fitim anlay\u0131\u015f\u0131 i\u00e7in de canl\u0131 bir \u00f6rnek niteli\u011findedir.Eserin ikinci b\u00f6l\u00fcm\u00fcne ise konu itibar\u0131yla birinci b\u00f6l\u00fcm\u00fc destekler mahiyette yine Gazz\u00e2l\u00ee\u2019nin \u0130hy\u00e2u Ul\u00fbmi\u2019d-d\u00een adl\u0131 ba\u015fyap\u0131t\u0131ndaki ilim talebelerine y\u00f6nelik tavsiyelerini i\u00e7eren k\u0131sm\u0131 ekledik. Kitap, bu h\u00e2liyle ilim yolcular\u0131na nasihatler i\u00e7eren bir rehber h\u00fcviyeti kazand\u0131.Alanlar\u0131nda uzman M. Fatih Yazar ve M. Ma\u015fuk Acar taraf\u0131ndan titizlikle terc\u00fcme edilen bu eserin, okuyucular\u0131m\u0131z i\u00e7in faydal\u0131 olmas\u0131n\u0131 diliyoruz.<\/p>\n","protected":false},"excerpt":{"rendered":"<p>Ey O\u011ful!Tasavvufun ba\u015fl\u0131ca iki \u00f6zelli\u011finin oldu\u011funu bil! \u0130stikamet ve mahluk\u00e2ta kar\u015f\u0131 ciddiyet. Her kim istikamet \u00fczere olur, insanlara kar\u015f\u0131 g\u00fczel ahlak\u0131 ku\u015fan\u0131r ve onlara m\u00fcsamaha ile<span class=\"excerpt-hellip\"> [\u2026]<\/span><\/p>\n","protected":false},"featured_media":0,"template":"","meta":{"_monsterinsights_skip_tracking":false,"_monsterinsights_sitenote_active":false,"_monsterinsights_sitenote_note":"","_monsterinsights_sitenote_category":0},"product_brand":[],"product_cat":[12718,12719,15238],"product_tag":[],"class_list":{"0":"post-775775","1":"product","2":"type-product","3":"status-publish","5":"product_cat-din","6":"product_cat-islam","7":"product_cat-tasavvuf","8":"pa_cilt-ciltsiz","9":"pa_tur-kitap","10":"pa_yayinevi-sufi-kitap","11":"pa_yazar-imam-gazzali","13":"first","14":"instock","15":"sale","16":"shipping-taxable","17":"purchasable","18":"product-type-simple"},"_links":{"self":[{"href":"https:\/\/roveyayinevi.com.tr\/index.php\/wp-json\/wp\/v2\/product\/775775","targetHints":{"allow":["GET"]}}],"collection":[{"href":"https:\/\/roveyayinevi.com.tr\/index.php\/wp-json\/wp\/v2\/product"}],"about":[{"href":"https:\/\/roveyayinevi.com.tr\/index.php\/wp-json\/wp\/v2\/types\/product"}],"wp:attachment":[{"href":"https:\/\/roveyayinevi.com.tr\/index.php\/wp-json\/wp\/v2\/media?parent=775775"}],"wp:term":[{"taxonomy":"product_brand","embeddable":true,"href":"https:\/\/roveyayinevi.com.tr\/index.php\/wp-json\/wp\/v2\/product_brand?post=775775"},{"taxonomy":"product_cat","embeddable":true,"href":"https:\/\/roveyayinevi.com.tr\/index.php\/wp-json\/wp\/v2\/product_cat?post=775775"},{"taxonomy":"product_tag","embeddable":true,"href":"https:\/\/roveyayinevi.com.tr\/index.php\/wp-json\/wp\/v2\/product_tag?post=775775"}],"curies":[{"name":"wp","href":"https:\/\/api.w.org\/{rel}","templated":true}]}}