{"id":775769,"date":"2025-09-13T22:11:49","date_gmt":"2025-09-13T19:11:49","guid":{"rendered":"https:\/\/roveyayinevi.com.tr\/index.php\/urun\/ev-beyi\/"},"modified":"2026-04-15T03:42:30","modified_gmt":"2026-04-15T00:42:30","slug":"ev-beyi","status":"publish","type":"product","link":"https:\/\/roveyayinevi.com.tr\/index.php\/urun\/ev-beyi\/","title":{"rendered":"Ev Beyi"},"content":{"rendered":"<p>Bug\u00fcne kadar size dayat\u0131lan b\u00fct\u00fcn toplumsal cinsiyet normlar\u0131n\u0131 unutun ve Halil\u2019le tan\u0131\u015f\u0131n. \u00c7\u00fcnk\u00fc o bir Ev Beyi\u2026 Temizlik, bula\u015f\u0131k, al\u0131\u015fveri\u015f, \u00e7ocuk bak\u0131m\u0131, her \u015fey ondan soruluyor. Ancak ba\u015far\u0131l\u0131 bir doktor olan kar\u0131s\u0131 Duygu\u2019nun kariyerinin \u00f6n\u00fcn\u00fc a\u00e7mak i\u00e7in \u00fcstlendi\u011fi bu rol, ikizlerinin ona \u201canne\u201d diye hitap etmesiyle Halil\u2019i i\u00e7ten i\u00e7e t\u00fcketmeye ba\u015fl\u0131yor. Kar\u0131s\u0131 kadar ba\u015far\u0131l\u0131 olamasa da art\u0131k o da hayatta bir \u015feyler yapmak, para kazanmak istiyor. Bu d\u00fc\u015f\u00fcnceler i\u00e7inde bir \u00e7\u0131k\u0131\u015f yolu ararken kar\u015f\u0131s\u0131na b\u00fcy\u00fcl\u00fc bir bah\u00e7e \u00e7\u0131k\u0131yor. Gizemli bir kad\u0131n\u0131n izinde i\u00e7ine d\u00fc\u015ft\u00fc\u011f\u00fc bu bah\u00e7ede kendisini Walter White gibi hisseden Halil, hayatta ilk kez bir i\u015fe yarad\u0131\u011f\u0131n\u0131 fark ediyor. B\u00fcy\u00fck bir ilgiyle kar\u015f\u0131lanan iki kitab\u0131n\u0131n ard\u0131ndan Asl\u0131 T. K\u0131zmaz, Ev Beyi ile okura kal\u0131plar\u0131 y\u0131kan, su\u00e7un ve merak\u0131n nabz\u0131n\u0131 y\u00fckselten, kahkaha ile gerilimi ayn\u0131 anda ya\u015fatan benzersiz bir roman sunuyor. <\/p>\n","protected":false},"excerpt":{"rendered":"<p>Bug\u00fcne kadar size dayat\u0131lan b\u00fct\u00fcn toplumsal cinsiyet normlar\u0131n\u0131 unutun ve Halil\u2019le tan\u0131\u015f\u0131n. \u00c7\u00fcnk\u00fc o bir Ev Beyi\u2026 Temizlik, bula\u015f\u0131k, al\u0131\u015fveri\u015f, \u00e7ocuk bak\u0131m\u0131, her \u015fey ondan soruluyor.<span class=\"excerpt-hellip\"> [\u2026]<\/span><\/p>\n","protected":false},"featured_media":0,"template":"","meta":{"_monsterinsights_skip_tracking":false,"_monsterinsights_sitenote_active":false,"_monsterinsights_sitenote_note":"","_monsterinsights_sitenote_category":0},"product_brand":[],"product_cat":[12291,12711],"product_tag":[],"class_list":{"0":"post-775769","1":"product","2":"type-product","3":"status-publish","5":"product_cat-edebiyat","6":"product_cat-roman-oyku","7":"pa_cilt-ciltsiz","8":"pa_tur-kitap","9":"pa_yayinevi-inkilap-kitabevi","10":"pa_yazar-asli-t-kizmaz","12":"first","13":"instock","14":"sale","15":"shipping-taxable","16":"purchasable","17":"product-type-simple"},"_links":{"self":[{"href":"https:\/\/roveyayinevi.com.tr\/index.php\/wp-json\/wp\/v2\/product\/775769","targetHints":{"allow":["GET"]}}],"collection":[{"href":"https:\/\/roveyayinevi.com.tr\/index.php\/wp-json\/wp\/v2\/product"}],"about":[{"href":"https:\/\/roveyayinevi.com.tr\/index.php\/wp-json\/wp\/v2\/types\/product"}],"wp:attachment":[{"href":"https:\/\/roveyayinevi.com.tr\/index.php\/wp-json\/wp\/v2\/media?parent=775769"}],"wp:term":[{"taxonomy":"product_brand","embeddable":true,"href":"https:\/\/roveyayinevi.com.tr\/index.php\/wp-json\/wp\/v2\/product_brand?post=775769"},{"taxonomy":"product_cat","embeddable":true,"href":"https:\/\/roveyayinevi.com.tr\/index.php\/wp-json\/wp\/v2\/product_cat?post=775769"},{"taxonomy":"product_tag","embeddable":true,"href":"https:\/\/roveyayinevi.com.tr\/index.php\/wp-json\/wp\/v2\/product_tag?post=775769"}],"curies":[{"name":"wp","href":"https:\/\/api.w.org\/{rel}","templated":true}]}}