{"id":775766,"date":"2025-09-13T22:11:44","date_gmt":"2025-09-13T19:11:44","guid":{"rendered":"https:\/\/roveyayinevi.com.tr\/index.php\/urun\/kendine-yardimin-el-kitabi\/"},"modified":"2026-04-15T03:42:30","modified_gmt":"2026-04-15T00:42:30","slug":"kendine-yardimin-el-kitabi","status":"publish","type":"product","link":"https:\/\/roveyayinevi.com.tr\/index.php\/urun\/kendine-yardimin-el-kitabi\/","title":{"rendered":"Kendine Yard\u0131m\u0131n El Kitab\u0131"},"content":{"rendered":"<p>Karars\u0131zl\u0131klar\u0131m\u0131z, k\u0131rg\u0131nl\u0131klar\u0131m\u0131z, \u00e7ocukluktan bug\u00fcne ta\u015f\u0131d\u0131\u011f\u0131m\u0131z izler ve sessizce b\u00fcy\u00fctt\u00fc\u011f\u00fcm\u00fcz kayg\u0131lar&#8230; Klinik Psikolog Meryem Zeynep \u00c7etin, Kendine Yard\u0131m\u0131n El Kitab\u0131\u2019nda okuru terapi odas\u0131na de\u011fil, hayat\u0131n ta kendisine davet ediyor. Dan\u0131\u015fan hik\u00e2yeleri, g\u00f6zlemler ve psikolojik \u00e7\u00f6z\u00fcmlemelerle harmanlad\u0131\u011f\u0131 bu kitapta s\u0131n\u0131r koyamamak, duygular\u0131 bast\u0131rmak, ili\u015fkilerde t\u00fckenmek, kendine yabanc\u0131la\u015fmak gibi pek \u00e7ok tan\u0131d\u0131k meseleyi ele al\u0131yor. S\u00f6zc\u00fcklerin yan\u0131na \u00e7izimlerini de ekleyerek anlat\u0131y\u0131 hem zihinlere hem g\u00f6zlere hitap edecek \u015fekilde renklendiriyor. Kendine Yard\u0131m\u0131n El Kitab\u0131; kendine anlay\u0131\u015fla yakla\u015fmak, ge\u00e7mi\u015fin y\u00fcklerini tan\u0131mak ve duygularla bar\u0131\u015fmak isteyen herkes i\u00e7in bir pusula. \u00c7\u00fcnk\u00fc baz\u0131 yolculuklar, sadece kendine varmak i\u00e7indir.<\/p>\n","protected":false},"excerpt":{"rendered":"<p>Karars\u0131zl\u0131klar\u0131m\u0131z, k\u0131rg\u0131nl\u0131klar\u0131m\u0131z, \u00e7ocukluktan bug\u00fcne ta\u015f\u0131d\u0131\u011f\u0131m\u0131z izler ve sessizce b\u00fcy\u00fctt\u00fc\u011f\u00fcm\u00fcz kayg\u0131lar&#8230; Klinik Psikolog Meryem Zeynep \u00c7etin, Kendine Yard\u0131m\u0131n El Kitab\u0131\u2019nda okuru terapi odas\u0131na de\u011fil, hayat\u0131n ta kendisine<span class=\"excerpt-hellip\"> [\u2026]<\/span><\/p>\n","protected":false},"featured_media":0,"template":"","meta":{"_monsterinsights_skip_tracking":false,"_monsterinsights_sitenote_active":false,"_monsterinsights_sitenote_note":"","_monsterinsights_sitenote_category":0},"product_brand":[],"product_cat":[20502,12357],"product_tag":[],"class_list":{"0":"post-775766","1":"product","2":"type-product","3":"status-publish","5":"product_cat-basvuru-kitaplari-psikoloji","6":"product_cat-psikoloji","7":"pa_cilt-ciltsiz","8":"pa_tur-kitap","9":"pa_yayinevi-timas-yayinlari","10":"pa_yazar-meryem-zeynep-cetin","12":"first","13":"instock","14":"sale","15":"shipping-taxable","16":"purchasable","17":"product-type-simple"},"_links":{"self":[{"href":"https:\/\/roveyayinevi.com.tr\/index.php\/wp-json\/wp\/v2\/product\/775766","targetHints":{"allow":["GET"]}}],"collection":[{"href":"https:\/\/roveyayinevi.com.tr\/index.php\/wp-json\/wp\/v2\/product"}],"about":[{"href":"https:\/\/roveyayinevi.com.tr\/index.php\/wp-json\/wp\/v2\/types\/product"}],"wp:attachment":[{"href":"https:\/\/roveyayinevi.com.tr\/index.php\/wp-json\/wp\/v2\/media?parent=775766"}],"wp:term":[{"taxonomy":"product_brand","embeddable":true,"href":"https:\/\/roveyayinevi.com.tr\/index.php\/wp-json\/wp\/v2\/product_brand?post=775766"},{"taxonomy":"product_cat","embeddable":true,"href":"https:\/\/roveyayinevi.com.tr\/index.php\/wp-json\/wp\/v2\/product_cat?post=775766"},{"taxonomy":"product_tag","embeddable":true,"href":"https:\/\/roveyayinevi.com.tr\/index.php\/wp-json\/wp\/v2\/product_tag?post=775766"}],"curies":[{"name":"wp","href":"https:\/\/api.w.org\/{rel}","templated":true}]}}