{"id":775764,"date":"2025-09-13T22:11:39","date_gmt":"2025-09-13T19:11:39","guid":{"rendered":"https:\/\/roveyayinevi.com.tr\/index.php\/urun\/denizin-canavarlari\/"},"modified":"2026-04-08T03:38:17","modified_gmt":"2026-04-08T00:38:17","slug":"denizin-canavarlari","status":"publish","type":"product","link":"https:\/\/roveyayinevi.com.tr\/index.php\/urun\/denizin-canavarlari\/","title":{"rendered":"Denizin Canavarlar\u0131"},"content":{"rendered":"<p>1741: Otuz iki ya\u015f\u0131ndaki do\u011fa bilimci Georg Wilhelm Steller, Asya\u2019dan Amerika\u2019ya uzanan bir deniz yolu bulmak i\u00e7in Kaptan Bering\u2019in B\u00fcy\u00fck Kuzey Ke\u015fif Gezisi&#8217;ne kat\u0131l\u0131r. Zorluklarla bo\u011fu\u015fan kaptan ve m\u00fcrettebat hedeflerine asla ula\u015famaz, ancak e\u015fsiz bir ke\u015fif yaparlar; nazik bir dev, deniz ine\u011fi&#8230; 1859: Alaska valisi, adamlar\u0131n\u0131 y\u00fcz y\u0131l \u00f6nce ortadan kayboldu\u011fu s\u00f6ylenen bu devasa deniz memelisinin iskeletini aramaya g\u00f6nderirken k\u0131z karde\u015fi de yerle\u015fim yerinin kendine \u00f6zg\u00fc do\u011fa bilimleri koleksiyonunu y\u00f6netmektedir. \u0130ki y\u0131l sonra, Helsinki\u2019den sayg\u0131n bir profes\u00f6r, uzak diyarlardan g\u00f6nderilen bir dizi kemi\u011fin hassas \u00e7izimlerini yapmas\u0131 i\u00e7in yetenekli bir ill\u00fcstrat\u00f6r\u00fc g\u00f6revlendirirken insan kaynakl\u0131 yok olu\u015f kavram\u0131n\u0131 ortaya \u00e7\u0131kar\u0131r. Nihayet 1952\u2019de Zooloji M\u00fczesi, en yetenekli restorat\u00f6r\u00fcn\u00fc, deniz ine\u011finin kaderine tan\u0131kl\u0131k eden ve gelecek nesillerin hayal g\u00fcc\u00fcn\u00fc ate\u015fleyecek iskeletini yenileme g\u00f6reviyle g\u00f6revlendirir. Denizin Canavarlar\u0131, nefes kesici bir roman, k\u0131talar\u0131 ve y\u00fczy\u0131llar\u0131 a\u015fan bir macera. Merakl\u0131 ve uysal bir yarat\u0131\u011f\u0131n uzun zaman \u00f6nce ke\u015ffedilmesiyle hayat\u0131 de\u011fi\u015fen insanlar\u0131n hik\u00e2yeleri \u00fczerinden \u015fekillenen bu anlat\u0131, b\u00fcy\u00fck insan h\u0131rs\u0131n\u0131n, bilgi aray\u0131\u015f\u0131n\u0131n ve insano\u011flunun cehaletiyle yok etti\u011fi \u015feyleri yeniden diriltme d\u00fcrt\u00fcs\u00fcn\u00fcn \u00f6yk\u00fcs\u00fc. \u201cBelki de kendi su\u00e7lulu\u011fumuzdan, bug\u00fcn bile g\u00f6z\u00fcm\u00fczden ka\u00e7an, neredeyse efsanevi bir deniz canavar\u0131n\u0131n ke\u015ffi, yok edili\u015fi ve yeniden dirili\u015finin harika bir anlat\u0131m\u0131. IIda Turpeinen\u2019in roman\u0131, dram\u0131 ve kurgusuyla neredeyse Shakespearevari; zaman ve mek\u00e2n i\u00e7inde bir o yana bir bu yana s\u00fcr\u00fckleniyor, canl\u0131 karakterler ve onlar\u0131n hik\u00e2yeleriyle&#8230; \u0130nsan ve insan d\u0131\u015f\u0131 varl\u0131klar, denizin kendisi kadar derin ve derinlikli olan bu g\u00fczel anlat\u0131n\u0131n i\u00e7inde var oluyor&#8230;\u201d &#8211; Philip Hoare<\/p>\n","protected":false},"excerpt":{"rendered":"<p>1741: Otuz iki ya\u015f\u0131ndaki do\u011fa bilimci Georg Wilhelm Steller, Asya\u2019dan Amerika\u2019ya uzanan bir deniz yolu bulmak i\u00e7in Kaptan Bering\u2019in B\u00fcy\u00fck Kuzey Ke\u015fif Gezisi&#8217;ne kat\u0131l\u0131r. Zorluklarla bo\u011fu\u015fan<span class=\"excerpt-hellip\"> [\u2026]<\/span><\/p>\n","protected":false},"featured_media":0,"template":"","meta":{"_monsterinsights_skip_tracking":false,"_monsterinsights_sitenote_active":false,"_monsterinsights_sitenote_note":"","_monsterinsights_sitenote_category":0},"product_brand":[],"product_cat":[12291,12711],"product_tag":[],"class_list":{"0":"post-775764","1":"product","2":"type-product","3":"status-publish","5":"product_cat-edebiyat","6":"product_cat-roman-oyku","7":"pa_cilt-ciltsiz","8":"pa_tur-kitap","9":"pa_yayinevi-timas-yayinlari","10":"pa_yazar-lida-turpeinen","12":"first","13":"instock","14":"sale","15":"shipping-taxable","16":"purchasable","17":"product-type-simple"},"_links":{"self":[{"href":"https:\/\/roveyayinevi.com.tr\/index.php\/wp-json\/wp\/v2\/product\/775764","targetHints":{"allow":["GET"]}}],"collection":[{"href":"https:\/\/roveyayinevi.com.tr\/index.php\/wp-json\/wp\/v2\/product"}],"about":[{"href":"https:\/\/roveyayinevi.com.tr\/index.php\/wp-json\/wp\/v2\/types\/product"}],"wp:attachment":[{"href":"https:\/\/roveyayinevi.com.tr\/index.php\/wp-json\/wp\/v2\/media?parent=775764"}],"wp:term":[{"taxonomy":"product_brand","embeddable":true,"href":"https:\/\/roveyayinevi.com.tr\/index.php\/wp-json\/wp\/v2\/product_brand?post=775764"},{"taxonomy":"product_cat","embeddable":true,"href":"https:\/\/roveyayinevi.com.tr\/index.php\/wp-json\/wp\/v2\/product_cat?post=775764"},{"taxonomy":"product_tag","embeddable":true,"href":"https:\/\/roveyayinevi.com.tr\/index.php\/wp-json\/wp\/v2\/product_tag?post=775764"}],"curies":[{"name":"wp","href":"https:\/\/api.w.org\/{rel}","templated":true}]}}