{"id":775762,"date":"2025-09-13T22:11:35","date_gmt":"2025-09-13T19:11:35","guid":{"rendered":"https:\/\/roveyayinevi.com.tr\/index.php\/urun\/gece-yarisi-tutuklanmayi-beklemek\/"},"modified":"2026-04-15T03:42:30","modified_gmt":"2026-04-15T00:42:30","slug":"gece-yarisi-tutuklanmayi-beklemek","status":"publish","type":"product","link":"https:\/\/roveyayinevi.com.tr\/index.php\/urun\/gece-yarisi-tutuklanmayi-beklemek\/","title":{"rendered":"Gece Yar\u0131s\u0131 Tutuklanmay\u0131 Beklemek"},"content":{"rendered":"<p>\u00c7in 2017\u2019de Do\u011fu Tu\u0308rkistan\u2019\u0131 devasa bir a\u00e7\u0131k hava hapishanesine \u00e7evirdi. Kitlesel tutuklamalar, toplama kamplar\u0131 ve s\u00f6zde e\u011fitim merkezleri\u2026 Modern Uygur \u015fiirinin en gu\u0308\u00e7lu\u0308 seslerinden olan Tahir Hamut \u0130zgil, i\u015fte bu deh\u015fetin ba\u015flamas\u0131ndan hemen \u00f6nce Do\u011fu Tu\u0308rkistan\u2019dan ka\u00e7may\u0131 ba\u015faran son ayd\u0131nlardan biridir.Gece Yar\u0131s\u0131 Tutuklanmay\u0131 Beklemek, bir entelektu\u0308elin g\u00f6zu\u0308nden \u00c7in devletinin Do\u011fu Tu\u0308rkistan\u2019da yu\u0308ru\u0308ttu\u0308\u011fu\u0308 bask\u0131 ve yok etme politikalar\u0131na tan\u0131kl\u0131k etme imk\u00e2n\u0131 sunuyor. \u0130zgil\u2019in anlat\u0131m\u0131; gu\u0308ndelik korkular\u0131, umutsuzlu\u011fu, tu\u0308kenmi\u015flik duygusunu, s\u0131n\u0131rl\u0131 direni\u015f yollar\u0131n\u0131 ve insanlar\u0131n birer birer ortadan kaybolu\u015funu yal\u0131n bir \u015fekilde g\u00f6zler \u00f6nu\u0308ne seriyor.2023 Amerikan Ulusal Kitap Ele\u015ftirmenleri Birli\u011fi John Leonard \u00d6du\u0308lu\u0308 ve 2024 Moore \u0130nsan Haklar\u0131 Kitap \u00d6du\u0308lu\u0308\u2019ne lay\u0131k g\u00f6ru\u0308len bu eser, soyk\u0131r\u0131m rejimi alt\u0131nda hayatta kalmaya \u00e7al\u0131\u015fan bir insan\u0131n i\u00e7ten, sars\u0131c\u0131 hik\u00e2yesi. Tahir Hamut \u0130zgil\u2019in \u015fiirsel duyarl\u0131\u011f\u0131yla kaleme al\u0131nan Gece Yar\u0131s\u0131 Tutuklanmay\u0131 Beklemek, bir milletin topyek\u00fbn yok edili\u015fini \u00e7arp\u0131c\u0131 bir \u015fekilde resmediyor.Lirik bir anlat\u0131m ve derin bir cesaretle kaleme al\u0131nan bu eser, kontrolden \u00e7\u0131km\u0131\u015f devlet gu\u0308cu\u0308ne kar\u015f\u0131 yap\u0131lan edeb\u00ee bir \u015fik\u00e2yet. Harika bir kitap.Philippe Sands (Yazar, avukat ve hukuk\u00e7u)\u0130nsan\u0131 u\u0308rperten ve derinden etkileyen bir anlat\u0131. Bu kitap, okuyucular\u0131 korku ve \u015fu\u0308phenin girdab\u0131na su\u0308ru\u0308kleyip; korku romanlar\u0131ndan daha endi\u015fe verici tasvirlerle kontrolden \u00e7\u0131km\u0131\u015f bir diktat\u00f6rlu\u0308\u011fu\u0308n ger\u00e7ek hik\u00e2yesini anlat\u0131yor.Ian Johnson (Pulitzer \u00d6du\u0308llu\u0308 Amerikal\u0131 gazeteci)<\/p>\n","protected":false},"excerpt":{"rendered":"<p>\u00c7in 2017\u2019de Do\u011fu Tu\u0308rkistan\u2019\u0131 devasa bir a\u00e7\u0131k hava hapishanesine \u00e7evirdi. Kitlesel tutuklamalar, toplama kamplar\u0131 ve s\u00f6zde e\u011fitim merkezleri\u2026 Modern Uygur \u015fiirinin en gu\u0308\u00e7lu\u0308 seslerinden olan Tahir<span class=\"excerpt-hellip\"> [\u2026]<\/span><\/p>\n","protected":false},"featured_media":0,"template":"","meta":{"_monsterinsights_skip_tracking":false,"_monsterinsights_sitenote_active":false,"_monsterinsights_sitenote_note":"","_monsterinsights_sitenote_category":0},"product_brand":[],"product_cat":[14009,12291],"product_tag":[],"class_list":{"0":"post-775762","1":"product","2":"type-product","3":"status-publish","5":"product_cat-biyografi-otobiyografi-edebiyat","6":"product_cat-edebiyat","7":"pa_cilt-ciltsiz","8":"pa_tur-kitap","9":"pa_yayinevi-timas-yayinlari","10":"pa_yazar-tahir-hamut-izgil","12":"first","13":"instock","14":"sale","15":"shipping-taxable","16":"purchasable","17":"product-type-simple"},"_links":{"self":[{"href":"https:\/\/roveyayinevi.com.tr\/index.php\/wp-json\/wp\/v2\/product\/775762","targetHints":{"allow":["GET"]}}],"collection":[{"href":"https:\/\/roveyayinevi.com.tr\/index.php\/wp-json\/wp\/v2\/product"}],"about":[{"href":"https:\/\/roveyayinevi.com.tr\/index.php\/wp-json\/wp\/v2\/types\/product"}],"wp:attachment":[{"href":"https:\/\/roveyayinevi.com.tr\/index.php\/wp-json\/wp\/v2\/media?parent=775762"}],"wp:term":[{"taxonomy":"product_brand","embeddable":true,"href":"https:\/\/roveyayinevi.com.tr\/index.php\/wp-json\/wp\/v2\/product_brand?post=775762"},{"taxonomy":"product_cat","embeddable":true,"href":"https:\/\/roveyayinevi.com.tr\/index.php\/wp-json\/wp\/v2\/product_cat?post=775762"},{"taxonomy":"product_tag","embeddable":true,"href":"https:\/\/roveyayinevi.com.tr\/index.php\/wp-json\/wp\/v2\/product_tag?post=775762"}],"curies":[{"name":"wp","href":"https:\/\/api.w.org\/{rel}","templated":true}]}}