{"id":775753,"date":"2025-09-13T22:11:14","date_gmt":"2025-09-13T19:11:14","guid":{"rendered":"https:\/\/roveyayinevi.com.tr\/index.php\/urun\/kalbin-durdugu-butun-zamanlar\/"},"modified":"2026-04-15T03:42:28","modified_gmt":"2026-04-15T00:42:28","slug":"kalbin-durdugu-butun-zamanlar","status":"publish","type":"product","link":"https:\/\/roveyayinevi.com.tr\/index.php\/urun\/kalbin-durdugu-butun-zamanlar\/","title":{"rendered":"Kalbin Durdu\u011fu B\u00fct\u00fcn Zamanlar"},"content":{"rendered":"<p>Polat \u00d6zl\u00fco\u011flu\u2019ndan bireysel haf\u0131za ile toplumsal belle\u011fin kesi\u015fti\u011fi noktada yank\u0131lanan g\u00fc\u00e7l\u00fc bir ilk roman: Kalbin Durdu\u011fu B\u00fct\u00fcn Zamanlar.Bir kad\u0131n&#8230; Ad\u0131 Me\u015fhur.\u00c7ocuklu\u011fu kimsesizlikle, gen\u00e7li\u011fi yasakl\u0131 y\u0131llarla, kad\u0131nl\u0131\u011f\u0131 suskunlukla \u00f6r\u00fclm\u00fc\u015f bir hayat ya\u015fad\u0131. Karanl\u0131\u011f\u0131, yaln\u0131zca meydanlarda de\u011fil zihinlerde de derin izler b\u0131rakan 12 Eyl\u00fcl 1980 darbesi, onu uzun y\u0131llar bir g\u00f6lge gibi takip etti. Ancak s\u0131\u011f\u0131nd\u0131\u011f\u0131 peruk d\u00fckk\u00e2n\u0131nda yaln\u0131zl\u0131\u011f\u0131ndan s\u0131yr\u0131larak hem hayata tutundu hem de g\u00f6r\u00fcnen g\u00f6r\u00fcnmeyen, yas ve korkular\u0131n\u0131n a\u011f tuttu\u011fu onca yaras\u0131n\u0131 \u00f6rtt\u00fc. Kalbin Durdu\u011fu B\u00fct\u00fcn Zamanlar yaln\u0131zca bir roman de\u011fil, yak\u0131n tarihin onar\u0131lmas\u0131 g\u00fc\u00e7 travmalar\u0131n\u0131 en sert h\u00e2liyle belgeleyen edebi bir kay\u0131t. \u00d6zl\u00fco\u011flu; k\u0131r\u0131lgan \u00fcslubuyla ortak haf\u0131zadaki i\u015fkencelere, kay\u0131plara, yar\u0131m kalm\u0131\u015f hayallere ayna tutuyor. Ka\u00e7 kez durmu\u015f ancak direnerek hayata tutunmu\u015f t\u00fcm kalplere&#8230;\u201cB\u00fct\u00fcn hik\u00e2yeler birbirine benziyordu. B\u00fct\u00fcn filmler ayn\u0131 hik\u00e2yeyi anlat\u0131yordu. Sanki hepsini ayn\u0131 adamlar yap\u0131yordu. Hepsinin faili ayn\u0131 ki\u015filerdi. \u0130\u015fkencelerin \u015fekli \u015femaili bile ayn\u0131yd\u0131. B\u00fct\u00fcn k\u00f6t\u00fc adamlar birbirine benziyordu. Ya\u015fanan ac\u0131lar da, a\u00e7\u0131lan yaralar da, k\u0131r\u0131lan, da\u011f\u0131lan kemikler de, kanayan dudaklar da ayn\u0131yd\u0131. \u00d6l\u00fcler bile birbirine benziyordu. Kurbanlar\u0131n \u00e7ekti\u011fi ac\u0131lar de\u011fi\u015fmiyordu. Ac\u0131 yuva yap\u0131yordu i\u00e7lerine. Kimliksiz, benliksiz, aidiyetsiz bir ortakl\u0131k vard\u0131 ya\u015fananlarda. K\u0131yamet bu muydu? Herkesin birbirinin ayn\u0131 olmas\u0131 m\u0131yd\u0131? Herkesin birbirine benzemesi miydi?\u201d<\/p>\n","protected":false},"excerpt":{"rendered":"<p>Polat \u00d6zl\u00fco\u011flu\u2019ndan bireysel haf\u0131za ile toplumsal belle\u011fin kesi\u015fti\u011fi noktada yank\u0131lanan g\u00fc\u00e7l\u00fc bir ilk roman: Kalbin Durdu\u011fu B\u00fct\u00fcn Zamanlar.Bir kad\u0131n&#8230; Ad\u0131 Me\u015fhur.\u00c7ocuklu\u011fu kimsesizlikle, gen\u00e7li\u011fi yasakl\u0131 y\u0131llarla, kad\u0131nl\u0131\u011f\u0131<span class=\"excerpt-hellip\"> [\u2026]<\/span><\/p>\n","protected":false},"featured_media":0,"template":"","meta":{"_monsterinsights_skip_tracking":false,"_monsterinsights_sitenote_active":false,"_monsterinsights_sitenote_note":"","_monsterinsights_sitenote_category":0},"product_brand":[],"product_cat":[12291,12711],"product_tag":[],"class_list":{"0":"post-775753","1":"product","2":"type-product","3":"status-publish","5":"product_cat-edebiyat","6":"product_cat-roman-oyku","7":"pa_cilt-ciltsiz","8":"pa_tur-kitap","9":"pa_yayinevi-ithaki-yayinlari","10":"pa_yazar-polat-ozluoglu","12":"first","13":"instock","14":"sale","15":"shipping-taxable","16":"purchasable","17":"product-type-simple"},"_links":{"self":[{"href":"https:\/\/roveyayinevi.com.tr\/index.php\/wp-json\/wp\/v2\/product\/775753","targetHints":{"allow":["GET"]}}],"collection":[{"href":"https:\/\/roveyayinevi.com.tr\/index.php\/wp-json\/wp\/v2\/product"}],"about":[{"href":"https:\/\/roveyayinevi.com.tr\/index.php\/wp-json\/wp\/v2\/types\/product"}],"wp:attachment":[{"href":"https:\/\/roveyayinevi.com.tr\/index.php\/wp-json\/wp\/v2\/media?parent=775753"}],"wp:term":[{"taxonomy":"product_brand","embeddable":true,"href":"https:\/\/roveyayinevi.com.tr\/index.php\/wp-json\/wp\/v2\/product_brand?post=775753"},{"taxonomy":"product_cat","embeddable":true,"href":"https:\/\/roveyayinevi.com.tr\/index.php\/wp-json\/wp\/v2\/product_cat?post=775753"},{"taxonomy":"product_tag","embeddable":true,"href":"https:\/\/roveyayinevi.com.tr\/index.php\/wp-json\/wp\/v2\/product_tag?post=775753"}],"curies":[{"name":"wp","href":"https:\/\/api.w.org\/{rel}","templated":true}]}}