{"id":775752,"date":"2025-09-13T22:11:12","date_gmt":"2025-09-13T19:11:12","guid":{"rendered":"https:\/\/roveyayinevi.com.tr\/index.php\/urun\/ayi-ile-kus-2-yildizlar-ve-diger-oykuler\/"},"modified":"2026-04-15T03:42:28","modified_gmt":"2026-04-15T00:42:28","slug":"ayi-ile-kus-2-yildizlar-ve-diger-oykuler","status":"publish","type":"product","link":"https:\/\/roveyayinevi.com.tr\/index.php\/urun\/ayi-ile-kus-2-yildizlar-ve-diger-oykuler\/","title":{"rendered":"Ay\u0131 ile Ku\u015f 2 &#8211; Y\u0131ld\u0131zlar ve Di\u011fer \u00d6yk\u00fcler"},"content":{"rendered":"<p>\u00d6d\u00fcll\u00fc yazar ve \u00e7izer Jarvis\u2019in ince mizah\u0131 ve kar\u015f\u0131 konulmaz \u00e7izimleri, okumaya yeni ba\u015flayan minikleri zamans\u0131z bir dostlu\u011fa davet ediyor.Ay\u0131 ve Ku\u015f her konuda ayn\u0131 fikirde olmasalar da en iyi arkada\u015flar ve birbirlerini \u00e7ok seviyorlar. Sevimli ikili, bu d\u00f6rt hik\u00e2yelik derlemede tuhafl\u0131klar, komiklikler ve \u015fefkat dolu maceralarla geri d\u00f6n\u00fcyor.<\/p>\n","protected":false},"excerpt":{"rendered":"<p>\u00d6d\u00fcll\u00fc yazar ve \u00e7izer Jarvis\u2019in ince mizah\u0131 ve kar\u015f\u0131 konulmaz \u00e7izimleri, okumaya yeni ba\u015flayan minikleri zamans\u0131z bir dostlu\u011fa davet ediyor.Ay\u0131 ve Ku\u015f her konuda ayn\u0131 fikirde<span class=\"excerpt-hellip\"> [\u2026]<\/span><\/p>\n","protected":false},"featured_media":0,"template":"","meta":{"_monsterinsights_skip_tracking":false,"_monsterinsights_sitenote_active":false,"_monsterinsights_sitenote_note":"","_monsterinsights_sitenote_category":0},"product_brand":[],"product_cat":[141304],"product_tag":[],"class_list":{"0":"post-775752","1":"product","2":"type-product","3":"status-publish","5":"product_cat-yeni-cikanlar","6":"pa_cilt-ciltsiz","7":"pa_tur-kitap","8":"pa_yayinevi-ithaki-yayinlari","9":"pa_yazar-jarvis","11":"first","12":"instock","13":"sale","14":"shipping-taxable","15":"purchasable","16":"product-type-simple"},"_links":{"self":[{"href":"https:\/\/roveyayinevi.com.tr\/index.php\/wp-json\/wp\/v2\/product\/775752","targetHints":{"allow":["GET"]}}],"collection":[{"href":"https:\/\/roveyayinevi.com.tr\/index.php\/wp-json\/wp\/v2\/product"}],"about":[{"href":"https:\/\/roveyayinevi.com.tr\/index.php\/wp-json\/wp\/v2\/types\/product"}],"wp:attachment":[{"href":"https:\/\/roveyayinevi.com.tr\/index.php\/wp-json\/wp\/v2\/media?parent=775752"}],"wp:term":[{"taxonomy":"product_brand","embeddable":true,"href":"https:\/\/roveyayinevi.com.tr\/index.php\/wp-json\/wp\/v2\/product_brand?post=775752"},{"taxonomy":"product_cat","embeddable":true,"href":"https:\/\/roveyayinevi.com.tr\/index.php\/wp-json\/wp\/v2\/product_cat?post=775752"},{"taxonomy":"product_tag","embeddable":true,"href":"https:\/\/roveyayinevi.com.tr\/index.php\/wp-json\/wp\/v2\/product_tag?post=775752"}],"curies":[{"name":"wp","href":"https:\/\/api.w.org\/{rel}","templated":true}]}}