{"id":775747,"date":"2025-09-13T22:10:54","date_gmt":"2025-09-13T19:10:54","guid":{"rendered":"https:\/\/roveyayinevi.com.tr\/index.php\/urun\/aptalligin-psikolojisi\/"},"modified":"2026-04-15T03:42:27","modified_gmt":"2026-04-15T00:42:27","slug":"aptalligin-psikolojisi","status":"publish","type":"product","link":"https:\/\/roveyayinevi.com.tr\/index.php\/urun\/aptalligin-psikolojisi\/","title":{"rendered":"Aptall\u0131\u011f\u0131n Psikolojisi"},"content":{"rendered":"<p>\u201cEy her t\u00fcrden aptal ve her \u00e7e\u015fit moron, palavrac\u0131, cadaloz, saftirik, dangalak, pislik, h\u00f6d\u00fck, odunkafal\u0131, ucube, \u015fa\u015fkaloz, h\u0131yar, leyla, a\u011fz\u0131 a\u00e7\u0131k ayran delisi, sersem, serseri, beyinsiz, ku\u015f beyinli, ka\u00e7\u0131k, ay\u0131, h\u00f6d\u00fck, budala, ahmak, gerzek, kafas\u0131z, mankafal\u0131, bitik, soytar\u0131, geri zek\u00e2l\u0131, al\u0131k, ba\u015f belas\u0131 ve geveze\u2026 \u0130\u015fte sizin zaferiniz! Bu kitap sadece size sesleniyor. Fakat kendinizi tan\u0131yamayacaks\u0131n\u0131z\u2026\u201d   Psikoloji, felsefe, n\u00f6robilim ve edebiyat gibi alanlar\u0131n\u0131n \u00f6nc\u00fc isimleri bir araya gelip \u201cAptall\u0131k nedir?\u201d sorusuna cevap ararsa ne olur? Ortaya \u00e7\u0131kan \u015fey; mizah, ironi, deneyler, anekdotlar ve keskin g\u00f6zlemlerle dolu bir koleksiyon.   Aptall\u0131\u011f\u0131n Psikolojisi, her g\u00fcn maruz kald\u0131\u011f\u0131m\u0131z, hatta zaman zaman bizzat sergiledi\u011fimiz mant\u0131ks\u0131zl\u0131klar\u0131n e\u011flenceli ama ac\u0131mas\u0131z bir haritas\u0131n\u0131 \u00e7\u0131kar\u0131yor. Ve belki de en can al\u0131c\u0131 soruyu sorduruyor: \u201cYa aptal olan bensem?\u201d   \u201c\u0130nsanlar ger\u00e7ekten aptalla\u015f\u0131yor mu, yoksa bize sadece \u00f6yle mi geliyor?\u2026 D\u00e2hiyane bir derleme.\u201d \u2014 Kirkus Reviews   \u201c\u0130nsan aptall\u0131\u011f\u0131n\u0131n say\u0131s\u0131z bi\u00e7imine dair kapsaml\u0131 ve esprili bir inceleme\u2026 Zengin bir i\u00e7g\u00f6r\u00fc hazinesi\u2026 Bu derleme okuru hem e\u011flendirecek, hem \u015fa\u015f\u0131rtacak hem de ayd\u0131nlatacak.\u201d \u2014 Publishers Weekly <\/p>\n","protected":false},"excerpt":{"rendered":"<p>\u201cEy her t\u00fcrden aptal ve her \u00e7e\u015fit moron, palavrac\u0131, cadaloz, saftirik, dangalak, pislik, h\u00f6d\u00fck, odunkafal\u0131, ucube, \u015fa\u015fkaloz, h\u0131yar, leyla, a\u011fz\u0131 a\u00e7\u0131k ayran delisi, sersem, serseri, beyinsiz,<span class=\"excerpt-hellip\"> [\u2026]<\/span><\/p>\n","protected":false},"featured_media":0,"template":"","meta":{"_monsterinsights_skip_tracking":false,"_monsterinsights_sitenote_active":false,"_monsterinsights_sitenote_note":"","_monsterinsights_sitenote_category":0},"product_brand":[],"product_cat":[12357],"product_tag":[],"class_list":{"0":"post-775747","1":"product","2":"type-product","3":"status-publish","5":"product_cat-psikoloji","6":"pa_cilt-ciltsiz","7":"pa_tur-kitap","8":"pa_yayinevi-dogan-kitap","9":"pa_yazar-jean-francois-marmion","11":"first","12":"instock","13":"sale","14":"shipping-taxable","15":"purchasable","16":"product-type-simple"},"_links":{"self":[{"href":"https:\/\/roveyayinevi.com.tr\/index.php\/wp-json\/wp\/v2\/product\/775747","targetHints":{"allow":["GET"]}}],"collection":[{"href":"https:\/\/roveyayinevi.com.tr\/index.php\/wp-json\/wp\/v2\/product"}],"about":[{"href":"https:\/\/roveyayinevi.com.tr\/index.php\/wp-json\/wp\/v2\/types\/product"}],"wp:attachment":[{"href":"https:\/\/roveyayinevi.com.tr\/index.php\/wp-json\/wp\/v2\/media?parent=775747"}],"wp:term":[{"taxonomy":"product_brand","embeddable":true,"href":"https:\/\/roveyayinevi.com.tr\/index.php\/wp-json\/wp\/v2\/product_brand?post=775747"},{"taxonomy":"product_cat","embeddable":true,"href":"https:\/\/roveyayinevi.com.tr\/index.php\/wp-json\/wp\/v2\/product_cat?post=775747"},{"taxonomy":"product_tag","embeddable":true,"href":"https:\/\/roveyayinevi.com.tr\/index.php\/wp-json\/wp\/v2\/product_tag?post=775747"}],"curies":[{"name":"wp","href":"https:\/\/api.w.org\/{rel}","templated":true}]}}