{"id":775746,"date":"2025-09-13T22:10:40","date_gmt":"2025-09-13T19:10:40","guid":{"rendered":"https:\/\/roveyayinevi.com.tr\/index.php\/urun\/cambaz-7-tutsak-1-olu\/"},"modified":"2025-11-10T11:58:38","modified_gmt":"2025-11-10T08:58:38","slug":"cambaz-7-tutsak-1-olu","status":"publish","type":"product","link":"https:\/\/roveyayinevi.com.tr\/index.php\/urun\/cambaz-7-tutsak-1-olu\/","title":{"rendered":"Cambaz &#8211; 7 Tutsak 1 \u00d6l\u00fc"},"content":{"rendered":"<p>YALANIN KOKUSUNU ALIYOR MUSUN? TEK B\u0130R \u015eANSIN VAR. DA\u0130RE 13\u2019TEK\u0130 HATAYI BUL. Afra Ahsen \u00c7akmak g\u00f6zlerini a\u00e7t\u0131\u011f\u0131nda, kendini \u00d6l\u00fcm\u2019\u00fcn elinde yaln\u0131z ba\u015f\u0131na tutsak al\u0131nm\u0131\u015f bir halde bulur. Bir bodrum kat\u0131nda hayatta kalmaya ve ak\u0131l sa\u011fl\u0131\u011f\u0131n\u0131 kaybetmemeye \u00e7al\u0131\u015fan Afra&#8217;n\u0131n etraf\u0131 onlarca tehditle \u00e7evrilidir. Doktoru bir organ mafyas\u0131, psikiyatristi ise \u00d6l\u00fcm\u2019\u00fcn bizzat kendisine terapi veren bir psikopatt\u0131r. \u00d6l\u00fcm\u2019\u00fcn daha b\u00fcy\u00fck bir oyun i\u00e7in haz\u0131rland\u0131\u011f\u0131n\u0131n fark\u0131na vard\u0131\u011f\u0131nda, Afra hapsedildi\u011fi bodrumdan ka\u00e7man\u0131n ve di\u011ferlerine ula\u015fman\u0131n bir yolunu aramaya ba\u015flar. \u2022\u2022\u2022 \u0130nan\u0131lan her ger\u00e7ek g\u00fcvenin bir yan\u0131lsamas\u0131d\u0131r. Kime g\u00fcveneceksin?   Karanl\u0131\u011f\u0131n i\u00e7inde, ip \u00fczerinde y\u00fcr\u00fcyen bir Cambaz. Dili do\u011frulara k\u00fcsm\u00fc\u015f, kim oldu\u011funu bilmeyen bir Yalanc\u0131. Unutmay\u0131n\u2026 Bir ipte iki cambaz oynamaz.   Art\u0131k kurallar yok. Yalanlar gizli kalamaz. Oyuna haz\u0131rsan\u2026 Tatl\u0131 yalanc\u0131m, hadi maskeni \u00e7\u0131kar!<\/p>\n","protected":false},"excerpt":{"rendered":"<p>YALANIN KOKUSUNU ALIYOR MUSUN? TEK B\u0130R \u015eANSIN VAR. DA\u0130RE 13\u2019TEK\u0130 HATAYI BUL. Afra Ahsen \u00c7akmak g\u00f6zlerini a\u00e7t\u0131\u011f\u0131nda, kendini \u00d6l\u00fcm\u2019\u00fcn elinde yaln\u0131z ba\u015f\u0131na tutsak al\u0131nm\u0131\u015f bir halde<span class=\"excerpt-hellip\"> [\u2026]<\/span><\/p>\n","protected":false},"featured_media":0,"template":"","meta":{"_monsterinsights_skip_tracking":false,"_monsterinsights_sitenote_active":false,"_monsterinsights_sitenote_note":"","_monsterinsights_sitenote_category":0},"product_brand":[],"product_cat":[12291,15445],"product_tag":[],"class_list":{"0":"post-775746","1":"product","2":"type-product","3":"status-publish","5":"product_cat-edebiyat","6":"product_cat-polisiye","7":"pa_cilt-ciltsiz","8":"pa_tur-kitap","9":"pa_yayinevi-marti-yayinlari","10":"pa_yazar-isil-limae","12":"first","13":"instock","14":"sale","15":"shipping-taxable","16":"purchasable","17":"product-type-simple"},"_links":{"self":[{"href":"https:\/\/roveyayinevi.com.tr\/index.php\/wp-json\/wp\/v2\/product\/775746","targetHints":{"allow":["GET"]}}],"collection":[{"href":"https:\/\/roveyayinevi.com.tr\/index.php\/wp-json\/wp\/v2\/product"}],"about":[{"href":"https:\/\/roveyayinevi.com.tr\/index.php\/wp-json\/wp\/v2\/types\/product"}],"wp:attachment":[{"href":"https:\/\/roveyayinevi.com.tr\/index.php\/wp-json\/wp\/v2\/media?parent=775746"}],"wp:term":[{"taxonomy":"product_brand","embeddable":true,"href":"https:\/\/roveyayinevi.com.tr\/index.php\/wp-json\/wp\/v2\/product_brand?post=775746"},{"taxonomy":"product_cat","embeddable":true,"href":"https:\/\/roveyayinevi.com.tr\/index.php\/wp-json\/wp\/v2\/product_cat?post=775746"},{"taxonomy":"product_tag","embeddable":true,"href":"https:\/\/roveyayinevi.com.tr\/index.php\/wp-json\/wp\/v2\/product_tag?post=775746"}],"curies":[{"name":"wp","href":"https:\/\/api.w.org\/{rel}","templated":true}]}}