{"id":775745,"date":"2025-09-13T22:10:38","date_gmt":"2025-09-13T19:10:38","guid":{"rendered":"https:\/\/roveyayinevi.com.tr\/index.php\/urun\/suda-suretimiz-cikiyor-ankara-dereleri-uzerine-tarihi-ve-guncel-bilgiler\/"},"modified":"2026-04-15T03:42:25","modified_gmt":"2026-04-15T00:42:25","slug":"suda-suretimiz-cikiyor-ankara-dereleri-uzerine-tarihi-ve-guncel-bilgiler","status":"publish","type":"product","link":"https:\/\/roveyayinevi.com.tr\/index.php\/urun\/suda-suretimiz-cikiyor-ankara-dereleri-uzerine-tarihi-ve-guncel-bilgiler\/","title":{"rendered":"Suda Suretimiz \u00c7\u0131k\u0131yor &#8211; Ankara Dereleri \u00dczerine Tarihi ve G\u00fcncel Bilgiler"},"content":{"rendered":"<p>Son 90-100 y\u0131lda Ankara, yerle\u015fim alan\u0131 ve n\u00fcfusuyla b\u00fct\u00fcn \u00f6ng\u00f6r\u00fcleri a\u015fan bir b\u00fcy\u00fcme g\u00f6stermi\u015f ve kazand\u0131\u011f\u0131 donan\u0131mlarla modern bir metropole d\u00f6n\u00fc\u015fm\u00fc\u015ft\u00fcr. Ne var ki bu s\u00fcrecin Ankara&#8217;n\u0131n do\u011fal ve tarihi de\u011ferlerinden kay\u0131plar vermesi g\u0131bi olumsuz sonu\u00e7lar\u0131 da olmu\u015ftur. Bu zaman diliminde Ankara akarsular\u0131n\u0131n b\u00fcy\u00fck bir b\u00f6l\u00fcm\u00fc b\u00fczler, beton menfezler i\u00e7ine al\u0131nm\u0131\u015f, \u00fczerlerindeki k\u00f6pr\u00fcler, bentler y\u0131k\u0131lm\u0131\u015f, k\u0131y\u0131lar\u0131ndaki bah\u00e7eler yok olmu\u015ftur. B\u00f6ylece Ankaral\u0131lar i\u00e7in yaz gecelerinde dere boylar\u0131nda yap\u0131lan gezintiler, kemerli ta\u015f k\u00f6pr\u00fcler, de\u011firmen arklar\u0131nda \u00e7ama\u015f\u0131r y\u0131kayan kad\u0131nlar, s\u00fcr\u00fcler halinde y\u00fczen \u00f6rdekler bir uzak ge\u00e7mi\u015ften yaln\u0131zca foto\u011fraf karelerinde kalan hayallere d\u00f6n\u00fc\u015fm\u00fc\u015ft\u00fcr. Ku\u015fkusuz ki zaman h\u00fckm\u00fcn\u00fc icra eder ve ortaya \u00e7\u0131kan yeni ihtiya\u00e7lar \u00e7evreyi yeniden bi\u00e7imlendirmeyi gerekli k\u0131lar. Ancak bu yap\u0131l\u0131rken do\u011fal ve tarihi de\u011ferlerin korunmas\u0131na m\u00fcmk\u00fcn oldu\u011funca \u00f6zen g\u00f6sterilmesi gerekir. \u0130lk bask\u0131s\u0131 2012 y\u0131l\u0131nda yap\u0131lan bu kitapla, bu ba\u011flamda yitirilen de\u011ferlere dikkat \u00e7ekmek ama\u00e7lanm\u0131\u015ft\u0131r. Beri yandan bu kitap, Hatip \u00c7ay\u0131\u2019n\u0131n, \u00c7ubuk \u00c7ay\u0131\u2019n\u0131n, \u0130ncesu\u2019yun, Macun Deresi\u2019nin bug\u00fcn hala a\u00e7\u0131ktan akan b\u00f6l\u00fcmlerine, do\u011fan\u0131n Ankara bozk\u0131r\u0131na bir arma\u011fan\u0131 olan Mogan ve Eymir G\u00f6lleri&#8217;ne ve m\u00fcstesna g\u00fczelli\u011fiyle Hac\u0131kad\u0131n Deresi\u2019ne do\u011faya sayg\u0131, bilim ve estetik \u00f6l\u00e7\u00fctleri i\u00e7inde sahip \u00e7\u0131k\u0131lmas\u0131 \u0131\u00e7in bir \u00e7a\u011fr\u0131d\u0131r. <\/p>\n","protected":false},"excerpt":{"rendered":"<p>Son 90-100 y\u0131lda Ankara, yerle\u015fim alan\u0131 ve n\u00fcfusuyla b\u00fct\u00fcn \u00f6ng\u00f6r\u00fcleri a\u015fan bir b\u00fcy\u00fcme g\u00f6stermi\u015f ve kazand\u0131\u011f\u0131 donan\u0131mlarla modern bir metropole d\u00f6n\u00fc\u015fm\u00fc\u015ft\u00fcr. Ne var ki bu s\u00fcrecin<span class=\"excerpt-hellip\"> [\u2026]<\/span><\/p>\n","protected":false},"featured_media":0,"template":"","meta":{"_monsterinsights_skip_tracking":false,"_monsterinsights_sitenote_active":false,"_monsterinsights_sitenote_note":"","_monsterinsights_sitenote_category":0},"product_brand":[],"product_cat":[52477],"product_tag":[],"class_list":{"0":"post-775745","1":"product","2":"type-product","3":"status-publish","5":"product_cat-arastirma","6":"pa_cilt-ciltsiz","7":"pa_tur-kitap","8":"pa_yayinevi-bilgesu-yayincilik","9":"pa_yazar-erman-tamur","11":"first","12":"instock","13":"sale","14":"shipping-taxable","15":"purchasable","16":"product-type-simple"},"_links":{"self":[{"href":"https:\/\/roveyayinevi.com.tr\/index.php\/wp-json\/wp\/v2\/product\/775745","targetHints":{"allow":["GET"]}}],"collection":[{"href":"https:\/\/roveyayinevi.com.tr\/index.php\/wp-json\/wp\/v2\/product"}],"about":[{"href":"https:\/\/roveyayinevi.com.tr\/index.php\/wp-json\/wp\/v2\/types\/product"}],"wp:attachment":[{"href":"https:\/\/roveyayinevi.com.tr\/index.php\/wp-json\/wp\/v2\/media?parent=775745"}],"wp:term":[{"taxonomy":"product_brand","embeddable":true,"href":"https:\/\/roveyayinevi.com.tr\/index.php\/wp-json\/wp\/v2\/product_brand?post=775745"},{"taxonomy":"product_cat","embeddable":true,"href":"https:\/\/roveyayinevi.com.tr\/index.php\/wp-json\/wp\/v2\/product_cat?post=775745"},{"taxonomy":"product_tag","embeddable":true,"href":"https:\/\/roveyayinevi.com.tr\/index.php\/wp-json\/wp\/v2\/product_tag?post=775745"}],"curies":[{"name":"wp","href":"https:\/\/api.w.org\/{rel}","templated":true}]}}