{"id":775744,"date":"2025-09-13T22:10:35","date_gmt":"2025-09-13T19:10:35","guid":{"rendered":"https:\/\/roveyayinevi.com.tr\/index.php\/urun\/kopek-olmak-icin-guzel-bir-gun-2\/"},"modified":"2026-04-15T03:42:25","modified_gmt":"2026-04-15T00:42:25","slug":"kopek-olmak-icin-guzel-bir-gun-2","status":"publish","type":"product","link":"https:\/\/roveyayinevi.com.tr\/index.php\/urun\/kopek-olmak-icin-guzel-bir-gun-2\/","title":{"rendered":"K\u00f6pek Olmak \u0130\u00e7in G\u00fczel Bir G\u00fcn 2"},"content":{"rendered":"<p>OKUR PUANI 9.9 OLAN M\u00dcKEMMEL B\u0130R ESER!   B\u0130R\u0130N\u0130 \u00d6PT\u00dc\u011e\u00dcNDE K\u00d6PE\u011eE D\u00d6N\u00dc\u015eEN B\u0130R KADIN \u0130LE TRAVMA GE\u00c7\u0130RM\u0130\u015e VE K\u00d6PEKLERDEN KORKAN B\u0130R ADAMIN KARMA\u015eIK A\u015eK H\u0130K\u00c2YES\u0130&#8230;   \u201cB\u0130R\u0130NDEN HO\u015eLANMANIN BU KADAR KORKUTUCU OLDU\u011eUNU B\u0130LM\u0130YORDUM. ONCA \u0130NSAN \u0130\u00c7\u0130NDE, K\u00d6PE\u011eE D\u00d6N\u00dc\u015eEN NEDEN SENS\u0130N?&#8221; <\/p>\n","protected":false},"excerpt":{"rendered":"<p>OKUR PUANI 9.9 OLAN M\u00dcKEMMEL B\u0130R ESER! B\u0130R\u0130N\u0130 \u00d6PT\u00dc\u011e\u00dcNDE K\u00d6PE\u011eE D\u00d6N\u00dc\u015eEN B\u0130R KADIN \u0130LE TRAVMA GE\u00c7\u0130RM\u0130\u015e VE K\u00d6PEKLERDEN KORKAN B\u0130R ADAMIN KARMA\u015eIK A\u015eK H\u0130K\u00c2YES\u0130&#8230; \u201cB\u0130R\u0130NDEN HO\u015eLANMANIN<span class=\"excerpt-hellip\"> [\u2026]<\/span><\/p>\n","protected":false},"featured_media":0,"template":"","meta":{"_monsterinsights_skip_tracking":false,"_monsterinsights_sitenote_active":false,"_monsterinsights_sitenote_note":"","_monsterinsights_sitenote_category":0},"product_brand":[],"product_cat":[12416,12291],"product_tag":[],"class_list":{"0":"post-775744","1":"product","2":"type-product","3":"status-publish","5":"product_cat-cizgi-roman","6":"product_cat-edebiyat","7":"pa_cilt-ciltsiz","8":"pa_tur-kitap","9":"pa_yayinevi-athica-yayinlari","10":"pa_yazar-lee-hye","12":"first","13":"instock","14":"sale","15":"shipping-taxable","16":"purchasable","17":"product-type-simple"},"_links":{"self":[{"href":"https:\/\/roveyayinevi.com.tr\/index.php\/wp-json\/wp\/v2\/product\/775744","targetHints":{"allow":["GET"]}}],"collection":[{"href":"https:\/\/roveyayinevi.com.tr\/index.php\/wp-json\/wp\/v2\/product"}],"about":[{"href":"https:\/\/roveyayinevi.com.tr\/index.php\/wp-json\/wp\/v2\/types\/product"}],"wp:attachment":[{"href":"https:\/\/roveyayinevi.com.tr\/index.php\/wp-json\/wp\/v2\/media?parent=775744"}],"wp:term":[{"taxonomy":"product_brand","embeddable":true,"href":"https:\/\/roveyayinevi.com.tr\/index.php\/wp-json\/wp\/v2\/product_brand?post=775744"},{"taxonomy":"product_cat","embeddable":true,"href":"https:\/\/roveyayinevi.com.tr\/index.php\/wp-json\/wp\/v2\/product_cat?post=775744"},{"taxonomy":"product_tag","embeddable":true,"href":"https:\/\/roveyayinevi.com.tr\/index.php\/wp-json\/wp\/v2\/product_tag?post=775744"}],"curies":[{"name":"wp","href":"https:\/\/api.w.org\/{rel}","templated":true}]}}