{"id":775742,"date":"2025-09-13T22:01:01","date_gmt":"2025-09-13T19:01:01","guid":{"rendered":"https:\/\/roveyayinevi.com.tr\/index.php\/urun\/iste-geribildirim\/"},"modified":"2026-04-15T03:39:20","modified_gmt":"2026-04-15T00:39:20","slug":"iste-geribildirim","status":"publish","type":"product","link":"https:\/\/roveyayinevi.com.tr\/index.php\/urun\/iste-geribildirim\/","title":{"rendered":"\u0130\u015fte Geribildirim"},"content":{"rendered":"<p>\u2026K\u00fcresel verilerin geribildirimin \u00f6nemini \u00e7arp\u0131c\u0131 bir \u015fekilde ortaya koydu\u011funu d\u00fc\u015f\u00fcn\u00fcyorum. Hele ki bug\u00fcn\u00fcn i\u015f d\u00fcnyas\u0131nda, d\u00f6rt farkl\u0131 neslin bir arada \u00e7al\u0131\u015ft\u0131\u011f\u0131n\u0131 d\u00fc\u015f\u00fcnd\u00fc\u011f\u00fcm\u00fczde geribildirim k\u00fclt\u00fcr\u00fcne yat\u0131r\u0131m yapmak art\u0131k bir tercih de\u011fil, zorunluluk. Saha deneyimlerime dayanarak \u015funu rahatl\u0131kla s\u00f6yleyebilirim ki geribildirim, bug\u00fcn\u00fcn i\u015f d\u00fcnyas\u0131nda en \u00e7ok ihtiya\u00e7 duyulan konular\u0131n ba\u015f\u0131nda geliyor.   Yazar ve e\u011fitmen Gaye \u00d6nsel bu ilk kitab\u0131nda, i\u015f d\u00fcnyas\u0131n\u0131n \u00e7ok \u00f6nemli ama bir o kadar da geli\u015ftirilmesi gereken bir konusunu t\u00fcm detaylar\u0131yla ele al\u0131yor. \u00c7al\u0131\u015fma ortamlar\u0131nda geribildirimin nas\u0131l olmas\u0131 gerekti\u011fini, \u00e7al\u0131\u015fan karakterine g\u00f6re nas\u0131l verilece\u011fini, k\u00fclt\u00fcrel farklar\u0131n \u015fekillendirdi\u011fi geribildirim y\u00f6ntemlerini, olumlu ve olumsuz sonu\u00e7lar\u0131n\u0131 hem ulusal hem de uluslararas\u0131 bak\u0131\u015f a\u00e7\u0131s\u0131yla anlat\u0131yor. \u0130\u015fte Geribildirim, ele ald\u0131\u011f\u0131 konular ve \u00f6rneklerle, geribildirimi k\u00fclt\u00fcr haline getirmek isteyen kurumlar ve bireyler i\u00e7in uygulanabilir bir rehber niteli\u011finde.   Elma Yay\u0131nevi\u2019nin yeni kitab\u0131 \u0130\u015fte Geribildirim\u2026 <\/p>\n","protected":false},"excerpt":{"rendered":"<p>\u2026K\u00fcresel verilerin geribildirimin \u00f6nemini \u00e7arp\u0131c\u0131 bir \u015fekilde ortaya koydu\u011funu d\u00fc\u015f\u00fcn\u00fcyorum. Hele ki bug\u00fcn\u00fcn i\u015f d\u00fcnyas\u0131nda, d\u00f6rt farkl\u0131 neslin bir arada \u00e7al\u0131\u015ft\u0131\u011f\u0131n\u0131 d\u00fc\u015f\u00fcnd\u00fc\u011f\u00fcm\u00fczde geribildirim k\u00fclt\u00fcr\u00fcne yat\u0131r\u0131m yapmak<span class=\"excerpt-hellip\"> [\u2026]<\/span><\/p>\n","protected":false},"featured_media":0,"template":"","meta":{"_monsterinsights_skip_tracking":false,"_monsterinsights_sitenote_active":false,"_monsterinsights_sitenote_note":"","_monsterinsights_sitenote_category":0},"product_brand":[],"product_cat":[13043,17647],"product_tag":[],"class_list":{"0":"post-775742","1":"product","2":"type-product","3":"status-publish","5":"product_cat-ekonomi","6":"product_cat-is-dunyasi","7":"pa_cilt-ciltsiz","8":"pa_tur-kitap","9":"pa_yayinevi-elma-yayinevi","10":"pa_yazar-gaye-onsel","12":"first","13":"instock","14":"sale","15":"shipping-taxable","16":"purchasable","17":"product-type-simple"},"_links":{"self":[{"href":"https:\/\/roveyayinevi.com.tr\/index.php\/wp-json\/wp\/v2\/product\/775742","targetHints":{"allow":["GET"]}}],"collection":[{"href":"https:\/\/roveyayinevi.com.tr\/index.php\/wp-json\/wp\/v2\/product"}],"about":[{"href":"https:\/\/roveyayinevi.com.tr\/index.php\/wp-json\/wp\/v2\/types\/product"}],"wp:attachment":[{"href":"https:\/\/roveyayinevi.com.tr\/index.php\/wp-json\/wp\/v2\/media?parent=775742"}],"wp:term":[{"taxonomy":"product_brand","embeddable":true,"href":"https:\/\/roveyayinevi.com.tr\/index.php\/wp-json\/wp\/v2\/product_brand?post=775742"},{"taxonomy":"product_cat","embeddable":true,"href":"https:\/\/roveyayinevi.com.tr\/index.php\/wp-json\/wp\/v2\/product_cat?post=775742"},{"taxonomy":"product_tag","embeddable":true,"href":"https:\/\/roveyayinevi.com.tr\/index.php\/wp-json\/wp\/v2\/product_tag?post=775742"}],"curies":[{"name":"wp","href":"https:\/\/api.w.org\/{rel}","templated":true}]}}