{"id":775740,"date":"2025-09-13T21:45:01","date_gmt":"2025-09-13T18:45:01","guid":{"rendered":"https:\/\/roveyayinevi.com.tr\/index.php\/urun\/flort-etme-sanati\/"},"modified":"2026-04-03T03:28:49","modified_gmt":"2026-04-03T00:28:49","slug":"flort-etme-sanati","status":"publish","type":"product","link":"https:\/\/roveyayinevi.com.tr\/index.php\/urun\/flort-etme-sanati\/","title":{"rendered":"Fl\u00f6rt Etme Sanat\u0131"},"content":{"rendered":"<p>FL\u00d6RT, A\u015eKIN EN KEY\u0130FL\u0130 HAL\u0130D\u0130R \u2022 Fl\u00f6rt ile ili\u015fki aras\u0131ndaki fark nedir? \u2022 Fl\u00f6rt kavram\u0131n\u0131n tarih\u00e7esi nedir? \u2022 Fl\u00f6rt\u00f6z insanlar\u0131n en b\u00fcy\u00fck \u00f6zellikleri nedir? \u2022 Fl\u00f6rt\u00fcn ba\u015flang\u0131\u00e7 a\u015famas\u0131ndaki en b\u00fcy\u00fck hatalar nelerdir? \u2022 Hangi form\u00fcl ile fl\u00f6rt ciddi ili\u015fkiye \u00e7evrilir? \u2022 Fl\u00f6rt ederken mizah\u0131 nas\u0131l kullanabiliriz? \u2022 Fl\u00f6rt\u00f6z sorularla partnerini nas\u0131l etkilersin? \u2022 Fl\u00f6rt\u00f6z bak\u0131\u015f nas\u0131l yap\u0131l\u0131r? \u2022 Fl\u00f6rtten evlili\u011fe giden s\u00fcre\u00e7te neler yapmal\u0131s\u0131n\u0131z? \u0130li\u015fki ko\u00e7u ve yazar Adil Y\u0131ld\u0131r\u0131m bu kitab\u0131nda T\u00fcrk toplumunun kadim yaras\u0131na dokunuyor. D\u00fcnyaca \u00fcnl\u00fc James Bond filmlerinden \u00f6rnek fl\u00f6rt sahneleri veriyor, s\u0131rtlan erkeklerden avc\u0131 kad\u0131nlara uzanan geni\u015f yelpazeyi anlat\u0131yor ve en gizemli fl\u00f6rt taktiklerini ilk defa a\u00e7\u0131kl\u0131yor: Neden fl\u00f6rt edemiyoruz? Fl\u00f6rt\u00fcn alt\u0131n kural\u0131 nedir? Fl\u00f6rt\u00fc kim ba\u015flat\u0131r? Fl\u00f6rt\u00fcn amac\u0131 nedir? Fl\u00f6rt etme sanat\u0131nda nas\u0131l ba\u015far\u0131l\u0131 olabilirsiniz?<\/p>\n","protected":false},"excerpt":{"rendered":"<p>FL\u00d6RT, A\u015eKIN EN KEY\u0130FL\u0130 HAL\u0130D\u0130R \u2022 Fl\u00f6rt ile ili\u015fki aras\u0131ndaki fark nedir? \u2022 Fl\u00f6rt kavram\u0131n\u0131n tarih\u00e7esi nedir? \u2022 Fl\u00f6rt\u00f6z insanlar\u0131n en b\u00fcy\u00fck \u00f6zellikleri nedir? \u2022 Fl\u00f6rt\u00fcn<span class=\"excerpt-hellip\"> [\u2026]<\/span><\/p>\n","protected":false},"featured_media":0,"template":"","meta":{"_monsterinsights_skip_tracking":false,"_monsterinsights_sitenote_active":false,"_monsterinsights_sitenote_note":"","_monsterinsights_sitenote_category":0},"product_brand":[],"product_cat":[12364,12376],"product_tag":[],"class_list":{"0":"post-775740","1":"product","2":"type-product","3":"status-publish","5":"product_cat-genel-konular","6":"product_cat-kisisel-gelisim","7":"pa_cilt-ciltsiz","8":"pa_tur-kitap","9":"pa_yayinevi-destek-yayinlari","10":"pa_yazar-adil-yildirim","12":"first","13":"instock","14":"sale","15":"shipping-taxable","16":"purchasable","17":"product-type-simple"},"_links":{"self":[{"href":"https:\/\/roveyayinevi.com.tr\/index.php\/wp-json\/wp\/v2\/product\/775740","targetHints":{"allow":["GET"]}}],"collection":[{"href":"https:\/\/roveyayinevi.com.tr\/index.php\/wp-json\/wp\/v2\/product"}],"about":[{"href":"https:\/\/roveyayinevi.com.tr\/index.php\/wp-json\/wp\/v2\/types\/product"}],"wp:attachment":[{"href":"https:\/\/roveyayinevi.com.tr\/index.php\/wp-json\/wp\/v2\/media?parent=775740"}],"wp:term":[{"taxonomy":"product_brand","embeddable":true,"href":"https:\/\/roveyayinevi.com.tr\/index.php\/wp-json\/wp\/v2\/product_brand?post=775740"},{"taxonomy":"product_cat","embeddable":true,"href":"https:\/\/roveyayinevi.com.tr\/index.php\/wp-json\/wp\/v2\/product_cat?post=775740"},{"taxonomy":"product_tag","embeddable":true,"href":"https:\/\/roveyayinevi.com.tr\/index.php\/wp-json\/wp\/v2\/product_tag?post=775740"}],"curies":[{"name":"wp","href":"https:\/\/api.w.org\/{rel}","templated":true}]}}