{"id":775739,"date":"2025-09-13T21:42:21","date_gmt":"2025-09-13T18:42:21","guid":{"rendered":"https:\/\/roveyayinevi.com.tr\/index.php\/urun\/mitoloji-ve-ikonografi\/"},"modified":"2026-04-15T03:36:36","modified_gmt":"2026-04-15T00:36:36","slug":"mitoloji-ve-ikonografi","status":"publish","type":"product","link":"https:\/\/roveyayinevi.com.tr\/index.php\/urun\/mitoloji-ve-ikonografi\/","title":{"rendered":"Mitoloji ve \u0130konografi"},"content":{"rendered":"<p>Hangi t\u00fcrden olursa olsun, bir sanat \u00fcr\u00fcn\u00fcn\u00fcn tad\u0131lmas\u0131, onun kavran\u0131lmas\u0131yla do\u011fru orant\u0131l\u0131d\u0131r. Eseri ne kadar \u00e7ok anlam\u0131\u015fsak, elde edece\u011fimiz haz da o kadar y\u00fcksek olacakt\u0131r. Anlamak ise, ara\u015ft\u0131rmakla, irdelemekle, akl\u0131n d\u0131\u015f\u0131ndaki g\u00fc\u00e7lere elverdi\u011fince az pay b\u0131rakmakla, sezgi ve izlenimlerimizi dile d\u00f6k\u00fcp ba\u015fkalar\u0131na iletilir hale getirmekle ger\u00e7ekle\u015febilir.   Sanat eserleriyle izleyici aras\u0131ndaki uzakl\u0131\u011f\u0131n nedenini sanat tarihi e\u011fitiminin eksikli\u011finde g\u00f6ren Bedrettin C\u00f6mert, 38 y\u0131ll\u0131k \u00f6mr\u00fcn\u00fc bu eksikli\u011fi kapatmaya adam\u0131\u015ft\u0131. \u00c7eviri, deneme ve ders notlar\u0131yla T\u00fcrkiye\u2019de sanat tarihi yaz\u0131m\u0131na katk\u0131da bulunan en \u00f6nemli isimlerden biri oldu. Bedrettin C\u00f6mert\u2019in Mitoloji ve \u0130konografi isimli kitab\u0131 insanl\u0131\u011f\u0131n ba\u011flar\u0131n\u0131 ve bu ba\u011flar\u0131n g\u00f6rsel yans\u0131malar\u0131n\u0131 ke\u015ffetmek i\u00e7in bir f\u0131rsat, temel bir kaynak. <\/p>\n","protected":false},"excerpt":{"rendered":"<p>Hangi t\u00fcrden olursa olsun, bir sanat \u00fcr\u00fcn\u00fcn\u00fcn tad\u0131lmas\u0131, onun kavran\u0131lmas\u0131yla do\u011fru orant\u0131l\u0131d\u0131r. Eseri ne kadar \u00e7ok anlam\u0131\u015fsak, elde edece\u011fimiz haz da o kadar y\u00fcksek olacakt\u0131r. Anlamak<span class=\"excerpt-hellip\"> [\u2026]<\/span><\/p>\n","protected":false},"featured_media":0,"template":"","meta":{"_monsterinsights_skip_tracking":false,"_monsterinsights_sitenote_active":false,"_monsterinsights_sitenote_note":"","_monsterinsights_sitenote_category":0},"product_brand":[],"product_cat":[40414,12408],"product_tag":[],"class_list":{"0":"post-775739","1":"product","2":"type-product","3":"status-publish","5":"product_cat-referans-kitaplar-sanat","6":"product_cat-sanat","7":"pa_cilt-ciltsiz","8":"pa_tur-kitap","9":"pa_yayinevi-yapi-kredi-yayinlari-sanat","10":"pa_yazar-bedrettin-comert","12":"first","13":"instock","14":"sale","15":"shipping-taxable","16":"purchasable","17":"product-type-simple"},"_links":{"self":[{"href":"https:\/\/roveyayinevi.com.tr\/index.php\/wp-json\/wp\/v2\/product\/775739","targetHints":{"allow":["GET"]}}],"collection":[{"href":"https:\/\/roveyayinevi.com.tr\/index.php\/wp-json\/wp\/v2\/product"}],"about":[{"href":"https:\/\/roveyayinevi.com.tr\/index.php\/wp-json\/wp\/v2\/types\/product"}],"wp:attachment":[{"href":"https:\/\/roveyayinevi.com.tr\/index.php\/wp-json\/wp\/v2\/media?parent=775739"}],"wp:term":[{"taxonomy":"product_brand","embeddable":true,"href":"https:\/\/roveyayinevi.com.tr\/index.php\/wp-json\/wp\/v2\/product_brand?post=775739"},{"taxonomy":"product_cat","embeddable":true,"href":"https:\/\/roveyayinevi.com.tr\/index.php\/wp-json\/wp\/v2\/product_cat?post=775739"},{"taxonomy":"product_tag","embeddable":true,"href":"https:\/\/roveyayinevi.com.tr\/index.php\/wp-json\/wp\/v2\/product_tag?post=775739"}],"curies":[{"name":"wp","href":"https:\/\/api.w.org\/{rel}","templated":true}]}}