{"id":775738,"date":"2025-09-13T21:07:33","date_gmt":"2025-09-13T18:07:33","guid":{"rendered":"https:\/\/roveyayinevi.com.tr\/index.php\/urun\/iyi-sans-yasasi\/"},"modified":"2026-04-11T03:28:29","modified_gmt":"2026-04-11T00:28:29","slug":"iyi-sans-yasasi","status":"publish","type":"product","link":"https:\/\/roveyayinevi.com.tr\/index.php\/urun\/iyi-sans-yasasi\/","title":{"rendered":"\u0130yi \u015eans Yasas\u0131"},"content":{"rendered":"<p>\u201c\u0130NSANLARIN \u00c7O\u011eU \u0130Y\u0130 \u015eANSA SAH\u0130P OLMAK \u0130STER AMA \u00c7OK AZI \u0130Y\u0130 \u015eANSIN PE\u015e\u0130NE D\u00dc\u015eER.\u201d   Ya\u015fam\u0131n\u0131z, d\u00fc\u015f\u00fcnce bi\u00e7iminizin bir sonucudur&#8230; Bu basit ama hayati derecede \u00f6nem ta\u015f\u0131yan bilgiyi kullanmaya ba\u015flad\u0131\u011f\u0131n\u0131zda, yazg\u0131n\u0131z\u0131 k\u00f6k\u00fcnden de\u011fi\u015ftirecek bir g\u00fcc\u00fc harekete ge\u00e7irmi\u015f olursunuz.   \u0130yi \u015fans, insana milyonda bir denk gelen ya da hayat\u0131 boyunca hi\u00e7 denk gelmeyen \u015f\u0131mar\u0131k bir peri de\u011fildir. \u0130yi \u015fans, davet edildi\u011fi her ya\u015fant\u0131ya muhakkak i\u015ftirak eder.   \u015eans, d\u00fc\u015f\u00fcnce bi\u00e7imleriyle etkile\u015fen bir g\u00fc\u00e7t\u00fcr. Onu nas\u0131l ve ne \u015fekilde kullanmak gerekti\u011fini bilmek \u00e7ok \u00f6nemlidir. Kaderine terk edilemeyecek kadar k\u0131ymetli bir destekleyici kuvvettir.   \u0130yi \u015fans yasas\u0131n\u0131n nas\u0131l \u00e7al\u0131\u015ft\u0131r\u0131laca\u011f\u0131n\u0131, otuz farkl\u0131 y\u00f6ntemle son derece keyifli ve e\u011flenceli bir deneyime d\u00f6n\u00fc\u015ft\u00fcrmeyi ba\u015faran bu kitap hayat\u0131n\u0131z\u0131 de\u011fi\u015ftirmenize yard\u0131mc\u0131 olacak \u00e7ok k\u0131ymetli bir kaynak&#8230; <\/p>\n","protected":false},"excerpt":{"rendered":"<p>\u201c\u0130NSANLARIN \u00c7O\u011eU \u0130Y\u0130 \u015eANSA SAH\u0130P OLMAK \u0130STER AMA \u00c7OK AZI \u0130Y\u0130 \u015eANSIN PE\u015e\u0130NE D\u00dc\u015eER.\u201d Ya\u015fam\u0131n\u0131z, d\u00fc\u015f\u00fcnce bi\u00e7iminizin bir sonucudur&#8230; Bu basit ama hayati derecede \u00f6nem ta\u015f\u0131yan<span class=\"excerpt-hellip\"> [\u2026]<\/span><\/p>\n","protected":false},"featured_media":0,"template":"","meta":{"_monsterinsights_skip_tracking":false,"_monsterinsights_sitenote_active":false,"_monsterinsights_sitenote_note":"","_monsterinsights_sitenote_category":0},"product_brand":[],"product_cat":[12364,12376],"product_tag":[],"class_list":{"0":"post-775738","1":"product","2":"type-product","3":"status-publish","5":"product_cat-genel-konular","6":"product_cat-kisisel-gelisim","7":"pa_cilt-ciltsiz","8":"pa_tur-kitap","9":"pa_yayinevi-destek-yayinlari","10":"pa_yazar-alex-rovira","12":"first","13":"instock","14":"sale","15":"shipping-taxable","16":"purchasable","17":"product-type-simple"},"_links":{"self":[{"href":"https:\/\/roveyayinevi.com.tr\/index.php\/wp-json\/wp\/v2\/product\/775738","targetHints":{"allow":["GET"]}}],"collection":[{"href":"https:\/\/roveyayinevi.com.tr\/index.php\/wp-json\/wp\/v2\/product"}],"about":[{"href":"https:\/\/roveyayinevi.com.tr\/index.php\/wp-json\/wp\/v2\/types\/product"}],"wp:attachment":[{"href":"https:\/\/roveyayinevi.com.tr\/index.php\/wp-json\/wp\/v2\/media?parent=775738"}],"wp:term":[{"taxonomy":"product_brand","embeddable":true,"href":"https:\/\/roveyayinevi.com.tr\/index.php\/wp-json\/wp\/v2\/product_brand?post=775738"},{"taxonomy":"product_cat","embeddable":true,"href":"https:\/\/roveyayinevi.com.tr\/index.php\/wp-json\/wp\/v2\/product_cat?post=775738"},{"taxonomy":"product_tag","embeddable":true,"href":"https:\/\/roveyayinevi.com.tr\/index.php\/wp-json\/wp\/v2\/product_tag?post=775738"}],"curies":[{"name":"wp","href":"https:\/\/api.w.org\/{rel}","templated":true}]}}