{"id":775736,"date":"2025-09-13T19:51:24","date_gmt":"2025-09-13T16:51:24","guid":{"rendered":"https:\/\/roveyayinevi.com.tr\/index.php\/urun\/zorbalikla-nasil-bas-edebilirim\/"},"modified":"2026-04-16T03:06:04","modified_gmt":"2026-04-16T00:06:04","slug":"zorbalikla-nasil-bas-edebilirim","status":"publish","type":"product","link":"https:\/\/roveyayinevi.com.tr\/index.php\/urun\/zorbalikla-nasil-bas-edebilirim\/","title":{"rendered":"Zorbal\u0131kla Nas\u0131l Ba\u015f Edebilirim?"},"content":{"rendered":"<p>\u201cZorbal\u0131\u011fa u\u011framak korkun\u00e7 bir \u015fey. San\u0131r\u0131m ba\u015f\u0131ma gelen en k\u00f6t\u00fc \u015fey buydu. Zorbal\u0131k, o kadar k\u00f6t\u00fc bir \u015fey ki asla kabul edilemez!\u201d Nazik ve e\u011flenceli bir k\u0131z olan Alice, bir g\u00fcn arkada\u015f\u0131 oldu\u011funu d\u00fc\u015f\u00fcnd\u00fc\u011f\u00fc biri taraf\u0131ndan zorbal\u0131\u011fa u\u011fruyor. Bundan \u00e7ok etkileniyor ancak k\u0131sa s\u00fcrede i\u00e7indeki g\u00fcc\u00fc ke\u015ffedip zorbal\u0131kla nas\u0131l ba\u015f edece\u011fini \u00f6\u011freniyor. Zorbal\u0131kla ilgili bu ger\u00e7ek hayat hik\u00e2yesinin size ilham vermesine izin verin.<\/p>\n","protected":false},"excerpt":{"rendered":"<p>\u201cZorbal\u0131\u011fa u\u011framak korkun\u00e7 bir \u015fey. San\u0131r\u0131m ba\u015f\u0131ma gelen en k\u00f6t\u00fc \u015fey buydu. Zorbal\u0131k, o kadar k\u00f6t\u00fc bir \u015fey ki asla kabul edilemez!\u201d Nazik ve e\u011flenceli bir<span class=\"excerpt-hellip\"> [\u2026]<\/span><\/p>\n","protected":false},"featured_media":0,"template":"","meta":{"_monsterinsights_skip_tracking":false,"_monsterinsights_sitenote_active":false,"_monsterinsights_sitenote_note":"","_monsterinsights_sitenote_category":0},"product_brand":[],"product_cat":[12274,15842],"product_tag":[],"class_list":{"0":"post-775736","1":"product","2":"type-product","3":"status-publish","5":"product_cat-cocuk-ve-genclik-kitaplari","6":"product_cat-egitici-kitaplar","7":"pa_cilt-ciltsiz","8":"pa_tur-kitap","9":"pa_yayinevi-sola-kidz","10":"pa_yazar-niels-van-hove","12":"first","13":"instock","14":"sale","15":"shipping-taxable","16":"purchasable","17":"product-type-simple"},"_links":{"self":[{"href":"https:\/\/roveyayinevi.com.tr\/index.php\/wp-json\/wp\/v2\/product\/775736","targetHints":{"allow":["GET"]}}],"collection":[{"href":"https:\/\/roveyayinevi.com.tr\/index.php\/wp-json\/wp\/v2\/product"}],"about":[{"href":"https:\/\/roveyayinevi.com.tr\/index.php\/wp-json\/wp\/v2\/types\/product"}],"wp:attachment":[{"href":"https:\/\/roveyayinevi.com.tr\/index.php\/wp-json\/wp\/v2\/media?parent=775736"}],"wp:term":[{"taxonomy":"product_brand","embeddable":true,"href":"https:\/\/roveyayinevi.com.tr\/index.php\/wp-json\/wp\/v2\/product_brand?post=775736"},{"taxonomy":"product_cat","embeddable":true,"href":"https:\/\/roveyayinevi.com.tr\/index.php\/wp-json\/wp\/v2\/product_cat?post=775736"},{"taxonomy":"product_tag","embeddable":true,"href":"https:\/\/roveyayinevi.com.tr\/index.php\/wp-json\/wp\/v2\/product_tag?post=775736"}],"curies":[{"name":"wp","href":"https:\/\/api.w.org\/{rel}","templated":true}]}}