{"id":775734,"date":"2025-09-13T18:47:25","date_gmt":"2025-09-13T15:47:25","guid":{"rendered":"https:\/\/roveyayinevi.com.tr\/index.php\/urun\/ezoterik-sifa\/"},"modified":"2026-04-03T02:58:12","modified_gmt":"2026-04-02T23:58:12","slug":"ezoterik-sifa","status":"publish","type":"product","link":"https:\/\/roveyayinevi.com.tr\/index.php\/urun\/ezoterik-sifa\/","title":{"rendered":"Ezoterik \u015eifa"},"content":{"rendered":"<p>\u201cHer \u015feyi bilmek, bilgeliktir; kendini bilmek ise ayd\u0131nlanma.\u201d \u2013 Buda   Ac\u0131, bir deneyim midir yoksa d\u00fc\u015f\u00fcnce bi\u00e7imi midir? Duygular, birer rehber ya da uyar\u0131c\u0131 m\u0131d\u0131r, zamanla bedeni ve zihni hasta eden bir hapishaneye de d\u00f6n\u00fc\u015febilir mi? Kader irademiz d\u0131\u015f\u0131nda cereyan eden bir plan m\u0131d\u0131r, bu planla i\u015fbirli\u011fi kurmak m\u00fcmk\u00fcn m\u00fcd\u00fcr? Hat\u0131rlamad\u0131\u011f\u0131m\u0131z bir ge\u00e7mi\u015ften bug\u00fcn de sorumlu muyuz? Bildiklerimiz kadar bilmediklerimizin de etkisiyle, kendimizin y\u00f6netti\u011fini sand\u0131\u011f\u0131m\u0131z bir ya\u015fam s\u00fcr\u00fcyor olabilir miyiz? Affetmekle iyile\u015fmek aras\u0131nda nas\u0131l bir ba\u011f var? EZOTER\u0130K \u015e\u0130FA, ya\u015fam\u0131m\u0131zla ve ge\u00e7mi\u015fimizle ilgili bildiklerimiz kadar bilmediklerimize de, hat\u0131rlad\u0131klar\u0131m\u0131z kadar hat\u0131rlamad\u0131klar\u0131m\u0131za da \u0131\u015f\u0131k tutan, iyile\u015fmi\u015f gibi g\u00f6r\u00fcnd\u00fc\u011f\u00fc halde bir zaman sonra yine kendini tekrarlamaya ba\u015flayan sorunlar\u0131n k\u00f6klerine uzanarak onar\u0131lma s\u00fcrecini ba\u015flatan \u00e7\u00f6z\u00fcm odakl\u0131 bir kitap&#8230; Ayd\u0131nlanma Okulu kurucusu, karma \u00f6\u011fretiler e\u011fitmeni Sanem \u00d6zcan\u2019\u0131n, e\u011fitimlerinde kulland\u0131\u011f\u0131 kolay uygulanabilir en etkili ezoterik pratiklerini de bu kitapta bulabileceksiniz.   <\/p>\n","protected":false},"excerpt":{"rendered":"<p>\u201cHer \u015feyi bilmek, bilgeliktir; kendini bilmek ise ayd\u0131nlanma.\u201d \u2013 Buda Ac\u0131, bir deneyim midir yoksa d\u00fc\u015f\u00fcnce bi\u00e7imi midir? Duygular, birer rehber ya da uyar\u0131c\u0131 m\u0131d\u0131r, zamanla<span class=\"excerpt-hellip\"> [\u2026]<\/span><\/p>\n","protected":false},"featured_media":0,"template":"","meta":{"_monsterinsights_skip_tracking":false,"_monsterinsights_sitenote_active":false,"_monsterinsights_sitenote_note":"","_monsterinsights_sitenote_category":0},"product_brand":[],"product_cat":[12364,12376],"product_tag":[],"class_list":{"0":"post-775734","1":"product","2":"type-product","3":"status-publish","5":"product_cat-genel-konular","6":"product_cat-kisisel-gelisim","7":"pa_cilt-ciltsiz","8":"pa_tur-kitap","9":"pa_yayinevi-destek-yayinlari","10":"pa_yazar-sanem-ozcan","12":"first","13":"instock","14":"sale","15":"shipping-taxable","16":"purchasable","17":"product-type-simple"},"_links":{"self":[{"href":"https:\/\/roveyayinevi.com.tr\/index.php\/wp-json\/wp\/v2\/product\/775734","targetHints":{"allow":["GET"]}}],"collection":[{"href":"https:\/\/roveyayinevi.com.tr\/index.php\/wp-json\/wp\/v2\/product"}],"about":[{"href":"https:\/\/roveyayinevi.com.tr\/index.php\/wp-json\/wp\/v2\/types\/product"}],"wp:attachment":[{"href":"https:\/\/roveyayinevi.com.tr\/index.php\/wp-json\/wp\/v2\/media?parent=775734"}],"wp:term":[{"taxonomy":"product_brand","embeddable":true,"href":"https:\/\/roveyayinevi.com.tr\/index.php\/wp-json\/wp\/v2\/product_brand?post=775734"},{"taxonomy":"product_cat","embeddable":true,"href":"https:\/\/roveyayinevi.com.tr\/index.php\/wp-json\/wp\/v2\/product_cat?post=775734"},{"taxonomy":"product_tag","embeddable":true,"href":"https:\/\/roveyayinevi.com.tr\/index.php\/wp-json\/wp\/v2\/product_tag?post=775734"}],"curies":[{"name":"wp","href":"https:\/\/api.w.org\/{rel}","templated":true}]}}