{"id":775732,"date":"2025-09-13T18:13:10","date_gmt":"2025-09-13T15:13:10","guid":{"rendered":"https:\/\/roveyayinevi.com.tr\/index.php\/urun\/yasadiklarimiz-okuduklarimizin-efendisidir\/"},"modified":"2026-04-16T02:47:00","modified_gmt":"2026-04-15T23:47:00","slug":"yasadiklarimiz-okuduklarimizin-efendisidir","status":"publish","type":"product","link":"https:\/\/roveyayinevi.com.tr\/index.php\/urun\/yasadiklarimiz-okuduklarimizin-efendisidir\/","title":{"rendered":"Ya\u015fad\u0131klar\u0131m\u0131z Okuduklar\u0131m\u0131z\u0131n Efendisidir"},"content":{"rendered":"<p>Rahmetli dedemin hat\u0131rl\u0131yorum. Vefat\u0131ndan birka\u00e7 g\u00fcn \u00f6nce bir bayram sabah\u0131yd\u0131.Amans\u0131z bir hastal\u0131\u011f\u0131n pen\u00e7esinde zor nefes al\u0131p veriyordu. Kesilen kurbandan tats\u0131n diye a\u011fz\u0131na nohut kadar bir et par\u00e7as\u0131 koyduk. Bir gayretle yutmaya \u00e7al\u0131\u015ft\u0131 ama v\u00fccut kabul etmedi. A\u011fz\u0131ndan eti geri almak i\u00e7in e\u011filen k\u0131z\u0131n\u0131n yanaklar\u0131na inmi\u015f iki damla ya\u015f\u0131 fark edince zoraki g\u00fcl\u00fcmsedi. &#8217;80 y\u0131l doya doya et yedik k\u0131z\u0131m&#8217; dedi usulca, &#8216; bir kere yiyemedik diye \u00fcz\u00fclmek olur mu?&#8217; Bir c\u00fcmlede bin mana&#8230; Bir nefese s\u0131\u011fd\u0131r\u0131lm\u0131\u015f y\u00fczlerce seminer&#8230; Klimal\u0131 seminer salonlar\u0131nda hayata olumlu bakmak kolay! Ezberlersin rol\u00fcn\u00fc, \u00e7\u0131kar oynars\u0131n. Ama \u00f6l\u00fcm d\u00f6\u015fe\u011finde ezberledi\u011fini de\u011fil, ya\u015fad\u0131\u011f\u0131n\u0131 oynayabilirsin ancak. Birinde rol biter perde kapan\u0131r. Di\u011ferinde rol biter perde a\u00e7\u0131l\u0131r. Ve ger\u00e7ek, ya\u015fad\u0131\u011f\u0131n dakikalar\u0131 okudu\u011fun kelimelerin efendisi k\u0131lar. Okuduklar\u0131nla ya\u015fad\u0131klar\u0131n uyu\u015fmuyorsa, ancak bir su birikintisindeki g\u00f6ky\u00fcz\u00fc kadar derin olabilirsin. Bana ne kadar \u00e7ok \u015fey bildi\u011fini anlatma sak\u0131n! En nihayetinde sen, ald\u0131\u011f\u0131n son nefes ve kurdu\u011fun son c\u00fcmlesin! (Tan\u0131t\u0131m B\u00fclteninden)<\/p>\n","protected":false},"excerpt":{"rendered":"<p>Rahmetli dedemin hat\u0131rl\u0131yorum. Vefat\u0131ndan birka\u00e7 g\u00fcn \u00f6nce bir bayram sabah\u0131yd\u0131.Amans\u0131z bir hastal\u0131\u011f\u0131n pen\u00e7esinde zor nefes al\u0131p veriyordu. Kesilen kurbandan tats\u0131n diye a\u011fz\u0131na nohut kadar bir et<span class=\"excerpt-hellip\"> [\u2026]<\/span><\/p>\n","protected":false},"featured_media":0,"template":"","meta":{"_monsterinsights_skip_tracking":false,"_monsterinsights_sitenote_active":false,"_monsterinsights_sitenote_note":"","_monsterinsights_sitenote_category":0},"product_brand":[],"product_cat":[14787,13488],"product_tag":[],"class_list":{"0":"post-775732","1":"product","2":"type-product","3":"status-publish","5":"product_cat-diger-toplum-ve-insan","6":"product_cat-toplum-ve-insan","7":"pa_cilt-ciltsiz","8":"pa_tur-kitap","9":"pa_yayinevi-babiali-kultur-yayinlari","10":"pa_yazar-salih-uyan","12":"first","13":"instock","14":"sale","15":"shipping-taxable","16":"purchasable","17":"product-type-simple"},"_links":{"self":[{"href":"https:\/\/roveyayinevi.com.tr\/index.php\/wp-json\/wp\/v2\/product\/775732","targetHints":{"allow":["GET"]}}],"collection":[{"href":"https:\/\/roveyayinevi.com.tr\/index.php\/wp-json\/wp\/v2\/product"}],"about":[{"href":"https:\/\/roveyayinevi.com.tr\/index.php\/wp-json\/wp\/v2\/types\/product"}],"wp:attachment":[{"href":"https:\/\/roveyayinevi.com.tr\/index.php\/wp-json\/wp\/v2\/media?parent=775732"}],"wp:term":[{"taxonomy":"product_brand","embeddable":true,"href":"https:\/\/roveyayinevi.com.tr\/index.php\/wp-json\/wp\/v2\/product_brand?post=775732"},{"taxonomy":"product_cat","embeddable":true,"href":"https:\/\/roveyayinevi.com.tr\/index.php\/wp-json\/wp\/v2\/product_cat?post=775732"},{"taxonomy":"product_tag","embeddable":true,"href":"https:\/\/roveyayinevi.com.tr\/index.php\/wp-json\/wp\/v2\/product_tag?post=775732"}],"curies":[{"name":"wp","href":"https:\/\/api.w.org\/{rel}","templated":true}]}}